{"id":4824,"date":"2025-10-06T13:48:27","date_gmt":"2025-10-06T11:48:27","guid":{"rendered":"https:\/\/lindhaus.it\/devenez-distributeur\/"},"modified":"2026-02-11T23:34:06","modified_gmt":"2026-02-11T22:34:06","slug":"devenez-distributeur","status":"publish","type":"page","link":"https:\/\/lindhaus.com\/fr\/devenez-distributeur\/","title":{"rendered":"Devenez distributeur"},"content":{"rendered":"<p>Exporter la qualit\u00e9 du Made in Italy !<\/p>\n<p>Si vous souhaitez faire partie de notre r\u00e9seau exclusif de distributeurs agr\u00e9\u00e9s, vous \u00eates au bon endroit !<\/p>\n<p>Exporter la qualit\u00e9 du Made in Italy<\/p>\n<h1>Bienvenue dans le monde de Lindhaus !<\/h1>\n<p>Depuis plus de quarante ans, <strong data-start=\"411\" data-end=\"423\">Lindhaus<\/strong> con\u00e7oit et fabrique en Italie des machines de nettoyage professionnel et domestique, reconnues dans le monde entier pour leur <strong data-start=\"539\" data-end=\"590\">qualit\u00e9, leur fiabilit\u00e9 et leur innovation technologique<\/strong>.<br data-start=\"591\" data-end=\"594\">Nos produits sont aujourd&rsquo;hui distribu\u00e9s dans plus de <strong data-start=\"644\" data-end=\"656\">50 pays<\/strong> et utilis\u00e9s dans les secteurs <strong data-start=\"682\" data-end=\"735\">professionnel, industriel, sanitaire et domestique.<\/strong><\/p>\n<h5 data-start=\"743\" data-end=\"776\"> <\/h5>\n<h3 data-start=\"743\" data-end=\"776\"><strong>Pourquoi choisir Lindhaus<\/strong><\/h3>\n<p data-start=\"777\" data-end=\"1104\">Devenir distributeur Lindhaus signifie faire partie d&rsquo;un r\u00e9seau solide et croissant, soutenu par une marque qui repr\u00e9sente l&rsquo;excellence du \u00ab\u00a0Made in Italy\u00a0\u00bb dans le domaine du nettoyage.<br data-start=\"960\" data-end=\"963\">Nous travaillons avec des partenaires s\u00e9lectionn\u00e9s qui partagent notre vision : offrir des solutions de nettoyage efficaces, durables et de haute qualit\u00e9.<\/p>\n<h3 data-start=\"1471\" data-end=\"1492\"> <\/h3>\n<h3 data-start=\"1471\" data-end=\"1492\"><strong data-start=\"1475\" data-end=\"1492\">Qui recherchons-nous ?<\/strong><\/h3>\n<p data-start=\"1493\" data-end=\"1599\">Nous souhaitons travailler avec des <strong data-start=\"1529\" data-end=\"1578\">entreprises de nettoyage et des professionnels<\/strong> qui ont.. :<\/p>\n<ul data-start=\"1600\" data-end=\"1882\">\n<li data-start=\"1600\" data-end=\"1674\">\n<p data-start=\"1602\" data-end=\"1674\">Structure commerciale ou r\u00e9seau de vente actif sur son territoire ;<\/p>\n<\/li>\n<li data-start=\"1675\" data-end=\"1760\">\n<p data-start=\"1677\" data-end=\"1760\">Exp\u00e9rience dans le secteur du nettoyage ou de la distribution de machines professionnelles ;<\/p>\n<\/li>\n<li data-start=\"1761\" data-end=\"1825\">\n<p data-start=\"1763\" data-end=\"1825\">Une solide r\u00e9putation et une orientation vers la qualit\u00e9 du service ;<\/p>\n<\/li>\n<li data-start=\"1826\" data-end=\"1882\">\n<p data-start=\"1828\" data-end=\"1882\">Capacit\u00e9 \u00e0 promouvoir la marque Lindhaus au niveau local.<\/p>\n<\/li>\n<\/ul>\n<h3 data-start=\"1889\" data-end=\"1930\"><strong data-start=\"1893\" data-end=\"1930\">Participez \u00e0 notre succ\u00e8s<\/strong><\/h3>\n<p data-start=\"1931\" data-end=\"2211\">Si vous souhaitez repr\u00e9senter Lindhaus dans votre pays ou dans votre domaine d&rsquo;expertise, veuillez remplir le formulaire de contact et nous faire part de votre r\u00e9alit\u00e9.<br data-start=\"2069\" data-end=\"2072\">Notre service commercial \u00e9valuera soigneusement votre application et vous contactera pour discuter des possibilit\u00e9s de collaboration.<\/p>\n<p data-start=\"1931\" data-end=\"2211\">\ud83d\udce9 <strong data-start=\"2221\" data-end=\"2307\">Remplissez le formulaire ci-dessous pour poser votre candidature en tant que distributeur officiel de Lindhaus<\/strong>.<\/p>\n<p>Nous recherchons des partenariats solides et durables fond\u00e9s sur une confiance mutuelle et un engagement commun \u00e0 fournir des machines de nettoyage innovantes et fiables.<\/p>\n<p><strong>Contactez-nous pour entamer une collaboration fructueuse !<\/strong><\/p>\n\n<p><\/p>\n","protected":false},"excerpt":{"rendered":"<p>Exporter la qualit\u00e9 du Made in Italy ! Si vous souhaitez faire partie de notre r\u00e9seau exclusif de distributeurs agr\u00e9\u00e9s, vous \u00eates au bon endroit ! Exporter la qualit\u00e9 du Made in Italy Bienvenue dans le monde de Lindhaus ! Depuis plus de quarante ans, Lindhaus con\u00e7oit et fabrique en Italie des machines de nettoyage [&hellip;]<\/p>\n","protected":false},"author":2,"featured_media":0,"parent":0,"menu_order":0,"comment_status":"closed","ping_status":"closed","template":"page-diventa-distributore.php","meta":{"_acf_changed":false,"footnotes":""},"class_list":["post-4824","page","type-page","status-publish","hentry"],"acf":[],"yoast_head":"<!-- This site is optimized with the Yoast SEO plugin v27.3 - https:\/\/yoast.com\/product\/yoast-seo-wordpress\/ -->\n<title>Devenez distributeur - Lindhaus<\/title>\n<meta name=\"robots\" content=\"index, follow, max-snippet:-1, max-image-preview:large, max-video-preview:-1\" \/>\n<link rel=\"canonical\" href=\"https:\/\/lindhaus.com\/fr\/devenez-distributeur\/\" \/>\n<meta property=\"og:locale\" content=\"fr_FR\" \/>\n<meta property=\"og:type\" content=\"article\" \/>\n<meta property=\"og:title\" content=\"Devenez distributeur - Lindhaus\" \/>\n<meta property=\"og:description\" content=\"Exporter la qualit\u00e9 du Made in Italy ! Si vous souhaitez faire partie de notre r\u00e9seau exclusif de distributeurs agr\u00e9\u00e9s, vous \u00eates au bon endroit ! Exporter la qualit\u00e9 du Made in Italy Bienvenue dans le monde de Lindhaus ! Depuis plus de quarante ans, Lindhaus con\u00e7oit et fabrique en Italie des machines de nettoyage [&hellip;]\" \/>\n<meta property=\"og:url\" content=\"https:\/\/lindhaus.com\/fr\/devenez-distributeur\/\" \/>\n<meta property=\"og:site_name\" content=\"Lindhaus\" \/>\n<meta property=\"article:publisher\" content=\"https:\/\/www.facebook.com\/Lindhaus\" \/>\n<meta property=\"article:modified_time\" content=\"2026-02-11T22:34:06+00:00\" \/>\n<meta name=\"twitter:card\" content=\"summary_large_image\" \/>\n<meta name=\"twitter:label1\" content=\"Dur\u00e9e de lecture estim\u00e9e\" \/>\n\t<meta name=\"twitter:data1\" content=\"2 minutes\" \/>\n<script type=\"application\/ld+json\" class=\"yoast-schema-graph\">{\"@context\":\"https:\\\/\\\/schema.org\",\"@graph\":[{\"@type\":\"WebPage\",\"@id\":\"https:\\\/\\\/lindhaus.com\\\/fr\\\/devenez-distributeur\\\/\",\"url\":\"https:\\\/\\\/lindhaus.com\\\/fr\\\/devenez-distributeur\\\/\",\"name\":\"Devenez distributeur - Lindhaus\",\"isPartOf\":{\"@id\":\"https:\\\/\\\/lindhaus.com\\\/fr\\\/#website\"},\"datePublished\":\"2025-10-06T11:48:27+00:00\",\"dateModified\":\"2026-02-11T22:34:06+00:00\",\"breadcrumb\":{\"@id\":\"https:\\\/\\\/lindhaus.com\\\/fr\\\/devenez-distributeur\\\/#breadcrumb\"},\"inLanguage\":\"fr-FR\",\"potentialAction\":[{\"@type\":\"ReadAction\",\"target\":[\"https:\\\/\\\/lindhaus.com\\\/fr\\\/devenez-distributeur\\\/\"]}]},{\"@type\":\"BreadcrumbList\",\"@id\":\"https:\\\/\\\/lindhaus.com\\\/fr\\\/devenez-distributeur\\\/#breadcrumb\",\"itemListElement\":[{\"@type\":\"ListItem\",\"position\":1,\"name\":\"Home\",\"item\":\"https:\\\/\\\/lindhaus.com\\\/fr\\\/\"},{\"@type\":\"ListItem\",\"position\":2,\"name\":\"Devenez distributeur\"}]},{\"@type\":\"WebSite\",\"@id\":\"https:\\\/\\\/lindhaus.com\\\/fr\\\/#website\",\"url\":\"https:\\\/\\\/lindhaus.com\\\/fr\\\/\",\"name\":\"Lindhaus\",\"description\":\"\",\"publisher\":{\"@id\":\"https:\\\/\\\/lindhaus.com\\\/fr\\\/#organization\"},\"potentialAction\":[{\"@type\":\"SearchAction\",\"target\":{\"@type\":\"EntryPoint\",\"urlTemplate\":\"https:\\\/\\\/lindhaus.com\\\/fr\\\/?s={search_term_string}\"},\"query-input\":{\"@type\":\"PropertyValueSpecification\",\"valueRequired\":true,\"valueName\":\"search_term_string\"}}],\"inLanguage\":\"fr-FR\"},{\"@type\":\"Organization\",\"@id\":\"https:\\\/\\\/lindhaus.com\\\/fr\\\/#organization\",\"name\":\"Lindhaus\",\"url\":\"https:\\\/\\\/lindhaus.com\\\/fr\\\/\",\"logo\":{\"@type\":\"ImageObject\",\"inLanguage\":\"fr-FR\",\"@id\":\"https:\\\/\\\/lindhaus.com\\\/fr\\\/#\\\/schema\\\/logo\\\/image\\\/\",\"url\":\"https:\\\/\\\/lindhaus.com\\\/wp-content\\\/uploads\\\/2025\\\/09\\\/cropped-logo-lindhaus-1-e1758115992432.webp\",\"contentUrl\":\"https:\\\/\\\/lindhaus.com\\\/wp-content\\\/uploads\\\/2025\\\/09\\\/cropped-logo-lindhaus-1-e1758115992432.webp\",\"width\":250,\"height\":51,\"caption\":\"Lindhaus\"},\"image\":{\"@id\":\"https:\\\/\\\/lindhaus.com\\\/fr\\\/#\\\/schema\\\/logo\\\/image\\\/\"},\"sameAs\":[\"https:\\\/\\\/www.instagram.com\\\/lindhaus_international\\\/\",\"https:\\\/\\\/www.facebook.com\\\/Lindhaus\",\"https:\\\/\\\/www.youtube.com\\\/user\\\/LindhausItaly\",\"https:\\\/\\\/www.linkedin.com\\\/company\\\/lindhaus\\\/\"]}]}<\/script>\n<!-- \/ Yoast SEO plugin. -->","yoast_head_json":{"title":"Devenez distributeur - Lindhaus","robots":{"index":"index","follow":"follow","max-snippet":"max-snippet:-1","max-image-preview":"max-image-preview:large","max-video-preview":"max-video-preview:-1"},"canonical":"https:\/\/lindhaus.com\/fr\/devenez-distributeur\/","og_locale":"fr_FR","og_type":"article","og_title":"Devenez distributeur - Lindhaus","og_description":"Exporter la qualit\u00e9 du Made in Italy ! Si vous souhaitez faire partie de notre r\u00e9seau exclusif de distributeurs agr\u00e9\u00e9s, vous \u00eates au bon endroit ! Exporter la qualit\u00e9 du Made in Italy Bienvenue dans le monde de Lindhaus ! Depuis plus de quarante ans, Lindhaus con\u00e7oit et fabrique en Italie des machines de nettoyage [&hellip;]","og_url":"https:\/\/lindhaus.com\/fr\/devenez-distributeur\/","og_site_name":"Lindhaus","article_publisher":"https:\/\/www.facebook.com\/Lindhaus","article_modified_time":"2026-02-11T22:34:06+00:00","twitter_card":"summary_large_image","twitter_misc":{"Dur\u00e9e de lecture estim\u00e9e":"2 minutes"},"schema":{"@context":"https:\/\/schema.org","@graph":[{"@type":"WebPage","@id":"https:\/\/lindhaus.com\/fr\/devenez-distributeur\/","url":"https:\/\/lindhaus.com\/fr\/devenez-distributeur\/","name":"Devenez distributeur - Lindhaus","isPartOf":{"@id":"https:\/\/lindhaus.com\/fr\/#website"},"datePublished":"2025-10-06T11:48:27+00:00","dateModified":"2026-02-11T22:34:06+00:00","breadcrumb":{"@id":"https:\/\/lindhaus.com\/fr\/devenez-distributeur\/#breadcrumb"},"inLanguage":"fr-FR","potentialAction":[{"@type":"ReadAction","target":["https:\/\/lindhaus.com\/fr\/devenez-distributeur\/"]}]},{"@type":"BreadcrumbList","@id":"https:\/\/lindhaus.com\/fr\/devenez-distributeur\/#breadcrumb","itemListElement":[{"@type":"ListItem","position":1,"name":"Home","item":"https:\/\/lindhaus.com\/fr\/"},{"@type":"ListItem","position":2,"name":"Devenez distributeur"}]},{"@type":"WebSite","@id":"https:\/\/lindhaus.com\/fr\/#website","url":"https:\/\/lindhaus.com\/fr\/","name":"Lindhaus","description":"","publisher":{"@id":"https:\/\/lindhaus.com\/fr\/#organization"},"potentialAction":[{"@type":"SearchAction","target":{"@type":"EntryPoint","urlTemplate":"https:\/\/lindhaus.com\/fr\/?s={search_term_string}"},"query-input":{"@type":"PropertyValueSpecification","valueRequired":true,"valueName":"search_term_string"}}],"inLanguage":"fr-FR"},{"@type":"Organization","@id":"https:\/\/lindhaus.com\/fr\/#organization","name":"Lindhaus","url":"https:\/\/lindhaus.com\/fr\/","logo":{"@type":"ImageObject","inLanguage":"fr-FR","@id":"https:\/\/lindhaus.com\/fr\/#\/schema\/logo\/image\/","url":"https:\/\/lindhaus.com\/wp-content\/uploads\/2025\/09\/cropped-logo-lindhaus-1-e1758115992432.webp","contentUrl":"https:\/\/lindhaus.com\/wp-content\/uploads\/2025\/09\/cropped-logo-lindhaus-1-e1758115992432.webp","width":250,"height":51,"caption":"Lindhaus"},"image":{"@id":"https:\/\/lindhaus.com\/fr\/#\/schema\/logo\/image\/"},"sameAs":["https:\/\/www.instagram.com\/lindhaus_international\/","https:\/\/www.facebook.com\/Lindhaus","https:\/\/www.youtube.com\/user\/LindhausItaly","https:\/\/www.linkedin.com\/company\/lindhaus\/"]}]}},"_links":{"self":[{"href":"https:\/\/lindhaus.com\/fr\/wp-json\/wp\/v2\/pages\/4824","targetHints":{"allow":["GET"]}}],"collection":[{"href":"https:\/\/lindhaus.com\/fr\/wp-json\/wp\/v2\/pages"}],"about":[{"href":"https:\/\/lindhaus.com\/fr\/wp-json\/wp\/v2\/types\/page"}],"author":[{"embeddable":true,"href":"https:\/\/lindhaus.com\/fr\/wp-json\/wp\/v2\/users\/2"}],"replies":[{"embeddable":true,"href":"https:\/\/lindhaus.com\/fr\/wp-json\/wp\/v2\/comments?post=4824"}],"version-history":[{"count":3,"href":"https:\/\/lindhaus.com\/fr\/wp-json\/wp\/v2\/pages\/4824\/revisions"}],"predecessor-version":[{"id":9477,"href":"https:\/\/lindhaus.com\/fr\/wp-json\/wp\/v2\/pages\/4824\/revisions\/9477"}],"wp:attachment":[{"href":"https:\/\/lindhaus.com\/fr\/wp-json\/wp\/v2\/media?parent=4824"}],"curies":[{"name":"wp","href":"https:\/\/api.w.org\/{rel}","templated":true}]}}