{"id":4670,"date":"2025-09-26T18:21:50","date_gmt":"2025-09-26T16:21:50","guid":{"rendered":"https:\/\/lindhaus.it\/travaillez-avec-nous\/"},"modified":"2026-02-10T15:33:22","modified_gmt":"2026-02-10T14:33:22","slug":"travaillez-avec-nous","status":"publish","type":"page","link":"https:\/\/lindhaus.com\/fr\/travaillez-avec-nous\/","title":{"rendered":"Travaillez avec nous"},"content":{"rendered":"<h3 data-start=\"229\" data-end=\"256\"><strong data-start=\"233\" data-end=\"256\">Grandir avec Lindhaus<\/strong><\/h3>\n<p data-start=\"257\" data-end=\"575\">Depuis plus de quarante ans, <strong data-start=\"279\" data-end=\"291\">Lindhaus<\/strong> con\u00e7oit et fabrique en Italie des machines de nettoyage professionnelles et domestiques, reconnues dans le monde entier pour leur <strong data-start=\"407\" data-end=\"446\">qualit\u00e9, leur innovation et leur fiabilit\u00e9<\/strong>.<br data-start=\"447\" data-end=\"450\">Nous sommes une entreprise solide, orient\u00e9e vers la technologie et l&rsquo;excellence, qui investit continuellement dans la recherche et le personnel.<\/p>\n<p data-start=\"577\" data-end=\"741\">Rejoindre Lindhaus, c&rsquo;est faire partie d&rsquo;une \u00e9quipe dynamique et internationale, o\u00f9 la comp\u00e9tence, la passion et l&rsquo;esprit de collaboration sont \u00e0 la base de chaque succ\u00e8s.<\/p>\n<p data-start=\"577\" data-end=\"741\">d\u00e9couvrez les <strong data-start=\"873\" data-end=\"893\">postes \u00e0 pourvoir<\/strong> ci-dessous ou envoyez-nous votre candidature spontan\u00e9e.<\/p>\n<p>Rejoignez notre \u00e9quipe !<\/p>\n<p>L&rsquo;innovation, la qualit\u00e9 et la passion animent chacun de nos projets : d\u00e9couvrez les <strong data-start=\"391\" data-end=\"411\">postes \u00e0 pourvoir<\/strong> et construisez votre avenir avec nous.<\/p>\n<h3>Emplois chez Lindhaus<\/h3>\n<p>Remplissez le formulaire de candidature et envoyez-nous votre CV.<\/p>\n<p>\t\t\t\t\t\t\t\t<a role=\"button\"><br \/>\n\t\t\t\t\t\t\t\t\tVoir la politique de confidentialit\u00e9<br \/>\n\t\t\t\t\t<\/a><\/p>\n","protected":false},"excerpt":{"rendered":"<p>Grandir avec Lindhaus Depuis plus de quarante ans, Lindhaus con\u00e7oit et fabrique en Italie des machines de nettoyage professionnelles et domestiques, reconnues dans le monde entier pour leur qualit\u00e9, leur innovation et leur fiabilit\u00e9.Nous sommes une entreprise solide, orient\u00e9e vers la technologie et l&rsquo;excellence, qui investit continuellement dans la recherche et le personnel. Rejoindre Lindhaus, [&hellip;]<\/p>\n","protected":false},"author":2,"featured_media":4671,"parent":0,"menu_order":0,"comment_status":"closed","ping_status":"closed","template":"","meta":{"_acf_changed":false,"footnotes":""},"class_list":["post-4670","page","type-page","status-publish","has-post-thumbnail","hentry"],"acf":[],"yoast_head":"<!-- This site is optimized with the Yoast SEO plugin v27.3 - https:\/\/yoast.com\/product\/yoast-seo-wordpress\/ -->\n<title>Travaillez avec nous - Lindhaus<\/title>\n<meta name=\"robots\" content=\"index, follow, max-snippet:-1, max-image-preview:large, max-video-preview:-1\" \/>\n<link rel=\"canonical\" href=\"https:\/\/lindhaus.com\/fr\/travaillez-avec-nous\/\" \/>\n<meta property=\"og:locale\" content=\"fr_FR\" \/>\n<meta property=\"og:type\" content=\"article\" \/>\n<meta property=\"og:title\" content=\"Travaillez avec nous - Lindhaus\" \/>\n<meta property=\"og:description\" content=\"Grandir avec Lindhaus Depuis plus de quarante ans, Lindhaus con\u00e7oit et fabrique en Italie des machines de nettoyage professionnelles et domestiques, reconnues dans le monde entier pour leur qualit\u00e9, leur innovation et leur fiabilit\u00e9.Nous sommes une entreprise solide, orient\u00e9e vers la technologie et l&rsquo;excellence, qui investit continuellement dans la recherche et le personnel. Rejoindre Lindhaus, [&hellip;]\" \/>\n<meta property=\"og:url\" content=\"https:\/\/lindhaus.com\/fr\/travaillez-avec-nous\/\" \/>\n<meta property=\"og:site_name\" content=\"Lindhaus\" \/>\n<meta property=\"article:publisher\" content=\"https:\/\/www.facebook.com\/Lindhaus\" \/>\n<meta property=\"article:modified_time\" content=\"2026-02-10T14:33:22+00:00\" \/>\n<meta property=\"og:image\" content=\"https:\/\/lindhaus.com\/wp-content\/uploads\/2025\/09\/lindhaus-lavora-con-noi.webp\" \/>\n\t<meta property=\"og:image:width\" content=\"1\" \/>\n\t<meta property=\"og:image:height\" content=\"1\" \/>\n\t<meta property=\"og:image:type\" content=\"image\/jpeg\" \/>\n<meta name=\"twitter:card\" content=\"summary_large_image\" \/>\n<meta name=\"twitter:label1\" content=\"Dur\u00e9e de lecture estim\u00e9e\" \/>\n\t<meta name=\"twitter:data1\" content=\"1 minute\" \/>\n<script type=\"application\/ld+json\" class=\"yoast-schema-graph\">{\"@context\":\"https:\\\/\\\/schema.org\",\"@graph\":[{\"@type\":\"WebPage\",\"@id\":\"https:\\\/\\\/lindhaus.com\\\/fr\\\/travaillez-avec-nous\\\/\",\"url\":\"https:\\\/\\\/lindhaus.com\\\/fr\\\/travaillez-avec-nous\\\/\",\"name\":\"Travaillez avec nous - Lindhaus\",\"isPartOf\":{\"@id\":\"https:\\\/\\\/lindhaus.com\\\/fr\\\/#website\"},\"primaryImageOfPage\":{\"@id\":\"https:\\\/\\\/lindhaus.com\\\/fr\\\/travaillez-avec-nous\\\/#primaryimage\"},\"image\":{\"@id\":\"https:\\\/\\\/lindhaus.com\\\/fr\\\/travaillez-avec-nous\\\/#primaryimage\"},\"thumbnailUrl\":\"https:\\\/\\\/lindhaus.com\\\/wp-content\\\/uploads\\\/2025\\\/09\\\/lindhaus-lavora-con-noi.webp\",\"datePublished\":\"2025-09-26T16:21:50+00:00\",\"dateModified\":\"2026-02-10T14:33:22+00:00\",\"breadcrumb\":{\"@id\":\"https:\\\/\\\/lindhaus.com\\\/fr\\\/travaillez-avec-nous\\\/#breadcrumb\"},\"inLanguage\":\"fr-FR\",\"potentialAction\":[{\"@type\":\"ReadAction\",\"target\":[\"https:\\\/\\\/lindhaus.com\\\/fr\\\/travaillez-avec-nous\\\/\"]}]},{\"@type\":\"ImageObject\",\"inLanguage\":\"fr-FR\",\"@id\":\"https:\\\/\\\/lindhaus.com\\\/fr\\\/travaillez-avec-nous\\\/#primaryimage\",\"url\":\"https:\\\/\\\/lindhaus.com\\\/wp-content\\\/uploads\\\/2025\\\/09\\\/lindhaus-lavora-con-noi.webp\",\"contentUrl\":\"https:\\\/\\\/lindhaus.com\\\/wp-content\\\/uploads\\\/2025\\\/09\\\/lindhaus-lavora-con-noi.webp\"},{\"@type\":\"BreadcrumbList\",\"@id\":\"https:\\\/\\\/lindhaus.com\\\/fr\\\/travaillez-avec-nous\\\/#breadcrumb\",\"itemListElement\":[{\"@type\":\"ListItem\",\"position\":1,\"name\":\"Home\",\"item\":\"https:\\\/\\\/lindhaus.com\\\/fr\\\/\"},{\"@type\":\"ListItem\",\"position\":2,\"name\":\"Travaillez avec nous\"}]},{\"@type\":\"WebSite\",\"@id\":\"https:\\\/\\\/lindhaus.com\\\/fr\\\/#website\",\"url\":\"https:\\\/\\\/lindhaus.com\\\/fr\\\/\",\"name\":\"Lindhaus\",\"description\":\"\",\"publisher\":{\"@id\":\"https:\\\/\\\/lindhaus.com\\\/fr\\\/#organization\"},\"potentialAction\":[{\"@type\":\"SearchAction\",\"target\":{\"@type\":\"EntryPoint\",\"urlTemplate\":\"https:\\\/\\\/lindhaus.com\\\/fr\\\/?s={search_term_string}\"},\"query-input\":{\"@type\":\"PropertyValueSpecification\",\"valueRequired\":true,\"valueName\":\"search_term_string\"}}],\"inLanguage\":\"fr-FR\"},{\"@type\":\"Organization\",\"@id\":\"https:\\\/\\\/lindhaus.com\\\/fr\\\/#organization\",\"name\":\"Lindhaus\",\"url\":\"https:\\\/\\\/lindhaus.com\\\/fr\\\/\",\"logo\":{\"@type\":\"ImageObject\",\"inLanguage\":\"fr-FR\",\"@id\":\"https:\\\/\\\/lindhaus.com\\\/fr\\\/#\\\/schema\\\/logo\\\/image\\\/\",\"url\":\"https:\\\/\\\/lindhaus.com\\\/wp-content\\\/uploads\\\/2025\\\/09\\\/cropped-logo-lindhaus-1-e1758115992432.webp\",\"contentUrl\":\"https:\\\/\\\/lindhaus.com\\\/wp-content\\\/uploads\\\/2025\\\/09\\\/cropped-logo-lindhaus-1-e1758115992432.webp\",\"width\":250,\"height\":51,\"caption\":\"Lindhaus\"},\"image\":{\"@id\":\"https:\\\/\\\/lindhaus.com\\\/fr\\\/#\\\/schema\\\/logo\\\/image\\\/\"},\"sameAs\":[\"https:\\\/\\\/www.instagram.com\\\/lindhaus_international\\\/\",\"https:\\\/\\\/www.facebook.com\\\/Lindhaus\",\"https:\\\/\\\/www.youtube.com\\\/user\\\/LindhausItaly\",\"https:\\\/\\\/www.linkedin.com\\\/company\\\/lindhaus\\\/\"]}]}<\/script>\n<!-- \/ Yoast SEO plugin. -->","yoast_head_json":{"title":"Travaillez avec nous - Lindhaus","robots":{"index":"index","follow":"follow","max-snippet":"max-snippet:-1","max-image-preview":"max-image-preview:large","max-video-preview":"max-video-preview:-1"},"canonical":"https:\/\/lindhaus.com\/fr\/travaillez-avec-nous\/","og_locale":"fr_FR","og_type":"article","og_title":"Travaillez avec nous - Lindhaus","og_description":"Grandir avec Lindhaus Depuis plus de quarante ans, Lindhaus con\u00e7oit et fabrique en Italie des machines de nettoyage professionnelles et domestiques, reconnues dans le monde entier pour leur qualit\u00e9, leur innovation et leur fiabilit\u00e9.Nous sommes une entreprise solide, orient\u00e9e vers la technologie et l&rsquo;excellence, qui investit continuellement dans la recherche et le personnel. Rejoindre Lindhaus, [&hellip;]","og_url":"https:\/\/lindhaus.com\/fr\/travaillez-avec-nous\/","og_site_name":"Lindhaus","article_publisher":"https:\/\/www.facebook.com\/Lindhaus","article_modified_time":"2026-02-10T14:33:22+00:00","og_image":[{"url":"https:\/\/lindhaus.com\/wp-content\/uploads\/2025\/09\/lindhaus-lavora-con-noi.webp","width":1,"height":1,"type":"image\/jpeg"}],"twitter_card":"summary_large_image","twitter_misc":{"Dur\u00e9e de lecture estim\u00e9e":"1 minute"},"schema":{"@context":"https:\/\/schema.org","@graph":[{"@type":"WebPage","@id":"https:\/\/lindhaus.com\/fr\/travaillez-avec-nous\/","url":"https:\/\/lindhaus.com\/fr\/travaillez-avec-nous\/","name":"Travaillez avec nous - Lindhaus","isPartOf":{"@id":"https:\/\/lindhaus.com\/fr\/#website"},"primaryImageOfPage":{"@id":"https:\/\/lindhaus.com\/fr\/travaillez-avec-nous\/#primaryimage"},"image":{"@id":"https:\/\/lindhaus.com\/fr\/travaillez-avec-nous\/#primaryimage"},"thumbnailUrl":"https:\/\/lindhaus.com\/wp-content\/uploads\/2025\/09\/lindhaus-lavora-con-noi.webp","datePublished":"2025-09-26T16:21:50+00:00","dateModified":"2026-02-10T14:33:22+00:00","breadcrumb":{"@id":"https:\/\/lindhaus.com\/fr\/travaillez-avec-nous\/#breadcrumb"},"inLanguage":"fr-FR","potentialAction":[{"@type":"ReadAction","target":["https:\/\/lindhaus.com\/fr\/travaillez-avec-nous\/"]}]},{"@type":"ImageObject","inLanguage":"fr-FR","@id":"https:\/\/lindhaus.com\/fr\/travaillez-avec-nous\/#primaryimage","url":"https:\/\/lindhaus.com\/wp-content\/uploads\/2025\/09\/lindhaus-lavora-con-noi.webp","contentUrl":"https:\/\/lindhaus.com\/wp-content\/uploads\/2025\/09\/lindhaus-lavora-con-noi.webp"},{"@type":"BreadcrumbList","@id":"https:\/\/lindhaus.com\/fr\/travaillez-avec-nous\/#breadcrumb","itemListElement":[{"@type":"ListItem","position":1,"name":"Home","item":"https:\/\/lindhaus.com\/fr\/"},{"@type":"ListItem","position":2,"name":"Travaillez avec nous"}]},{"@type":"WebSite","@id":"https:\/\/lindhaus.com\/fr\/#website","url":"https:\/\/lindhaus.com\/fr\/","name":"Lindhaus","description":"","publisher":{"@id":"https:\/\/lindhaus.com\/fr\/#organization"},"potentialAction":[{"@type":"SearchAction","target":{"@type":"EntryPoint","urlTemplate":"https:\/\/lindhaus.com\/fr\/?s={search_term_string}"},"query-input":{"@type":"PropertyValueSpecification","valueRequired":true,"valueName":"search_term_string"}}],"inLanguage":"fr-FR"},{"@type":"Organization","@id":"https:\/\/lindhaus.com\/fr\/#organization","name":"Lindhaus","url":"https:\/\/lindhaus.com\/fr\/","logo":{"@type":"ImageObject","inLanguage":"fr-FR","@id":"https:\/\/lindhaus.com\/fr\/#\/schema\/logo\/image\/","url":"https:\/\/lindhaus.com\/wp-content\/uploads\/2025\/09\/cropped-logo-lindhaus-1-e1758115992432.webp","contentUrl":"https:\/\/lindhaus.com\/wp-content\/uploads\/2025\/09\/cropped-logo-lindhaus-1-e1758115992432.webp","width":250,"height":51,"caption":"Lindhaus"},"image":{"@id":"https:\/\/lindhaus.com\/fr\/#\/schema\/logo\/image\/"},"sameAs":["https:\/\/www.instagram.com\/lindhaus_international\/","https:\/\/www.facebook.com\/Lindhaus","https:\/\/www.youtube.com\/user\/LindhausItaly","https:\/\/www.linkedin.com\/company\/lindhaus\/"]}]}},"_links":{"self":[{"href":"https:\/\/lindhaus.com\/fr\/wp-json\/wp\/v2\/pages\/4670","targetHints":{"allow":["GET"]}}],"collection":[{"href":"https:\/\/lindhaus.com\/fr\/wp-json\/wp\/v2\/pages"}],"about":[{"href":"https:\/\/lindhaus.com\/fr\/wp-json\/wp\/v2\/types\/page"}],"author":[{"embeddable":true,"href":"https:\/\/lindhaus.com\/fr\/wp-json\/wp\/v2\/users\/2"}],"replies":[{"embeddable":true,"href":"https:\/\/lindhaus.com\/fr\/wp-json\/wp\/v2\/comments?post=4670"}],"version-history":[{"count":1,"href":"https:\/\/lindhaus.com\/fr\/wp-json\/wp\/v2\/pages\/4670\/revisions"}],"predecessor-version":[{"id":4672,"href":"https:\/\/lindhaus.com\/fr\/wp-json\/wp\/v2\/pages\/4670\/revisions\/4672"}],"wp:featuredmedia":[{"embeddable":true,"href":"https:\/\/lindhaus.com\/fr\/wp-json\/wp\/v2\/media\/4671"}],"wp:attachment":[{"href":"https:\/\/lindhaus.com\/fr\/wp-json\/wp\/v2\/media?parent=4670"}],"curies":[{"name":"wp","href":"https:\/\/api.w.org\/{rel}","templated":true}]}}