{"id":4664,"date":"2025-09-26T17:55:00","date_gmt":"2025-09-26T15:55:00","guid":{"rendered":"https:\/\/lindhaus.it\/partenaires\/"},"modified":"2026-02-11T23:34:06","modified_gmt":"2026-02-11T22:34:06","slug":"partenaires","status":"publish","type":"page","link":"https:\/\/lindhaus.com\/fr\/partenaires\/","title":{"rendered":"Partenaires"},"content":{"rendered":"\n<p>Lindhaus travaille avec des partenaires strat\u00e9giques qui partagent une expertise, une vision et des normes de qualit\u00e9 \u00e9lev\u00e9es.<\/p>\n\n<p>Un \u00e9cosyst\u00e8me int\u00e9gr\u00e9 qui nous permet de d\u00e9velopper des technologies fiables, des processus efficaces et des solutions pour le nettoyage professionnel, de la conception \u00e0 la distribution.<\/p>\n\n<p>Ces collaborations repr\u00e9sentent une valeur concr\u00e8te, construite dans le temps, qui renforce la qualit\u00e9 de nos produits et la solidit\u00e9 de notre projet industriel.<\/p>\n\n<p><\/p>\n","protected":false},"excerpt":{"rendered":"<p>Lindhaus travaille avec des partenaires strat\u00e9giques qui partagent une expertise, une vision et des normes de qualit\u00e9 \u00e9lev\u00e9es. Un \u00e9cosyst\u00e8me int\u00e9gr\u00e9 qui nous permet de d\u00e9velopper des technologies fiables, des processus efficaces et des solutions pour le nettoyage professionnel, de la conception \u00e0 la distribution. Ces collaborations repr\u00e9sentent une valeur concr\u00e8te, construite dans le temps, [&hellip;]<\/p>\n","protected":false},"author":2,"featured_media":0,"parent":0,"menu_order":0,"comment_status":"closed","ping_status":"closed","template":"","meta":{"_acf_changed":false,"footnotes":""},"class_list":["post-4664","page","type-page","status-publish","hentry"],"acf":[],"yoast_head":"<!-- This site is optimized with the Yoast SEO plugin v27.3 - https:\/\/yoast.com\/product\/yoast-seo-wordpress\/ -->\n<title>Partenaires - Lindhaus<\/title>\n<meta name=\"robots\" content=\"index, follow, max-snippet:-1, max-image-preview:large, max-video-preview:-1\" \/>\n<link rel=\"canonical\" href=\"https:\/\/lindhaus.com\/fr\/partenaires\/\" \/>\n<meta property=\"og:locale\" content=\"fr_FR\" \/>\n<meta property=\"og:type\" content=\"article\" \/>\n<meta property=\"og:title\" content=\"Partenaires - Lindhaus\" \/>\n<meta property=\"og:description\" content=\"Lindhaus travaille avec des partenaires strat\u00e9giques qui partagent une expertise, une vision et des normes de qualit\u00e9 \u00e9lev\u00e9es. Un \u00e9cosyst\u00e8me int\u00e9gr\u00e9 qui nous permet de d\u00e9velopper des technologies fiables, des processus efficaces et des solutions pour le nettoyage professionnel, de la conception \u00e0 la distribution. Ces collaborations repr\u00e9sentent une valeur concr\u00e8te, construite dans le temps, [&hellip;]\" \/>\n<meta property=\"og:url\" content=\"https:\/\/lindhaus.com\/fr\/partenaires\/\" \/>\n<meta property=\"og:site_name\" content=\"Lindhaus\" \/>\n<meta property=\"article:publisher\" content=\"https:\/\/www.facebook.com\/Lindhaus\" \/>\n<meta property=\"article:modified_time\" content=\"2026-02-11T22:34:06+00:00\" \/>\n<meta name=\"twitter:card\" content=\"summary_large_image\" \/>\n<script type=\"application\/ld+json\" class=\"yoast-schema-graph\">{\"@context\":\"https:\\\/\\\/schema.org\",\"@graph\":[{\"@type\":\"WebPage\",\"@id\":\"https:\\\/\\\/lindhaus.com\\\/fr\\\/partenaires\\\/\",\"url\":\"https:\\\/\\\/lindhaus.com\\\/fr\\\/partenaires\\\/\",\"name\":\"Partenaires - Lindhaus\",\"isPartOf\":{\"@id\":\"https:\\\/\\\/lindhaus.com\\\/fr\\\/#website\"},\"datePublished\":\"2025-09-26T15:55:00+00:00\",\"dateModified\":\"2026-02-11T22:34:06+00:00\",\"breadcrumb\":{\"@id\":\"https:\\\/\\\/lindhaus.com\\\/fr\\\/partenaires\\\/#breadcrumb\"},\"inLanguage\":\"fr-FR\",\"potentialAction\":[{\"@type\":\"ReadAction\",\"target\":[\"https:\\\/\\\/lindhaus.com\\\/fr\\\/partenaires\\\/\"]}]},{\"@type\":\"BreadcrumbList\",\"@id\":\"https:\\\/\\\/lindhaus.com\\\/fr\\\/partenaires\\\/#breadcrumb\",\"itemListElement\":[{\"@type\":\"ListItem\",\"position\":1,\"name\":\"Home\",\"item\":\"https:\\\/\\\/lindhaus.com\\\/fr\\\/\"},{\"@type\":\"ListItem\",\"position\":2,\"name\":\"Partenaires\"}]},{\"@type\":\"WebSite\",\"@id\":\"https:\\\/\\\/lindhaus.com\\\/fr\\\/#website\",\"url\":\"https:\\\/\\\/lindhaus.com\\\/fr\\\/\",\"name\":\"Lindhaus\",\"description\":\"\",\"publisher\":{\"@id\":\"https:\\\/\\\/lindhaus.com\\\/fr\\\/#organization\"},\"potentialAction\":[{\"@type\":\"SearchAction\",\"target\":{\"@type\":\"EntryPoint\",\"urlTemplate\":\"https:\\\/\\\/lindhaus.com\\\/fr\\\/?s={search_term_string}\"},\"query-input\":{\"@type\":\"PropertyValueSpecification\",\"valueRequired\":true,\"valueName\":\"search_term_string\"}}],\"inLanguage\":\"fr-FR\"},{\"@type\":\"Organization\",\"@id\":\"https:\\\/\\\/lindhaus.com\\\/fr\\\/#organization\",\"name\":\"Lindhaus\",\"url\":\"https:\\\/\\\/lindhaus.com\\\/fr\\\/\",\"logo\":{\"@type\":\"ImageObject\",\"inLanguage\":\"fr-FR\",\"@id\":\"https:\\\/\\\/lindhaus.com\\\/fr\\\/#\\\/schema\\\/logo\\\/image\\\/\",\"url\":\"https:\\\/\\\/lindhaus.com\\\/wp-content\\\/uploads\\\/2025\\\/09\\\/cropped-logo-lindhaus-1-e1758115992432.webp\",\"contentUrl\":\"https:\\\/\\\/lindhaus.com\\\/wp-content\\\/uploads\\\/2025\\\/09\\\/cropped-logo-lindhaus-1-e1758115992432.webp\",\"width\":250,\"height\":51,\"caption\":\"Lindhaus\"},\"image\":{\"@id\":\"https:\\\/\\\/lindhaus.com\\\/fr\\\/#\\\/schema\\\/logo\\\/image\\\/\"},\"sameAs\":[\"https:\\\/\\\/www.instagram.com\\\/lindhaus_international\\\/\",\"https:\\\/\\\/www.facebook.com\\\/Lindhaus\",\"https:\\\/\\\/www.youtube.com\\\/user\\\/LindhausItaly\",\"https:\\\/\\\/www.linkedin.com\\\/company\\\/lindhaus\\\/\"]}]}<\/script>\n<!-- \/ Yoast SEO plugin. -->","yoast_head_json":{"title":"Partenaires - Lindhaus","robots":{"index":"index","follow":"follow","max-snippet":"max-snippet:-1","max-image-preview":"max-image-preview:large","max-video-preview":"max-video-preview:-1"},"canonical":"https:\/\/lindhaus.com\/fr\/partenaires\/","og_locale":"fr_FR","og_type":"article","og_title":"Partenaires - Lindhaus","og_description":"Lindhaus travaille avec des partenaires strat\u00e9giques qui partagent une expertise, une vision et des normes de qualit\u00e9 \u00e9lev\u00e9es. Un \u00e9cosyst\u00e8me int\u00e9gr\u00e9 qui nous permet de d\u00e9velopper des technologies fiables, des processus efficaces et des solutions pour le nettoyage professionnel, de la conception \u00e0 la distribution. Ces collaborations repr\u00e9sentent une valeur concr\u00e8te, construite dans le temps, [&hellip;]","og_url":"https:\/\/lindhaus.com\/fr\/partenaires\/","og_site_name":"Lindhaus","article_publisher":"https:\/\/www.facebook.com\/Lindhaus","article_modified_time":"2026-02-11T22:34:06+00:00","twitter_card":"summary_large_image","schema":{"@context":"https:\/\/schema.org","@graph":[{"@type":"WebPage","@id":"https:\/\/lindhaus.com\/fr\/partenaires\/","url":"https:\/\/lindhaus.com\/fr\/partenaires\/","name":"Partenaires - Lindhaus","isPartOf":{"@id":"https:\/\/lindhaus.com\/fr\/#website"},"datePublished":"2025-09-26T15:55:00+00:00","dateModified":"2026-02-11T22:34:06+00:00","breadcrumb":{"@id":"https:\/\/lindhaus.com\/fr\/partenaires\/#breadcrumb"},"inLanguage":"fr-FR","potentialAction":[{"@type":"ReadAction","target":["https:\/\/lindhaus.com\/fr\/partenaires\/"]}]},{"@type":"BreadcrumbList","@id":"https:\/\/lindhaus.com\/fr\/partenaires\/#breadcrumb","itemListElement":[{"@type":"ListItem","position":1,"name":"Home","item":"https:\/\/lindhaus.com\/fr\/"},{"@type":"ListItem","position":2,"name":"Partenaires"}]},{"@type":"WebSite","@id":"https:\/\/lindhaus.com\/fr\/#website","url":"https:\/\/lindhaus.com\/fr\/","name":"Lindhaus","description":"","publisher":{"@id":"https:\/\/lindhaus.com\/fr\/#organization"},"potentialAction":[{"@type":"SearchAction","target":{"@type":"EntryPoint","urlTemplate":"https:\/\/lindhaus.com\/fr\/?s={search_term_string}"},"query-input":{"@type":"PropertyValueSpecification","valueRequired":true,"valueName":"search_term_string"}}],"inLanguage":"fr-FR"},{"@type":"Organization","@id":"https:\/\/lindhaus.com\/fr\/#organization","name":"Lindhaus","url":"https:\/\/lindhaus.com\/fr\/","logo":{"@type":"ImageObject","inLanguage":"fr-FR","@id":"https:\/\/lindhaus.com\/fr\/#\/schema\/logo\/image\/","url":"https:\/\/lindhaus.com\/wp-content\/uploads\/2025\/09\/cropped-logo-lindhaus-1-e1758115992432.webp","contentUrl":"https:\/\/lindhaus.com\/wp-content\/uploads\/2025\/09\/cropped-logo-lindhaus-1-e1758115992432.webp","width":250,"height":51,"caption":"Lindhaus"},"image":{"@id":"https:\/\/lindhaus.com\/fr\/#\/schema\/logo\/image\/"},"sameAs":["https:\/\/www.instagram.com\/lindhaus_international\/","https:\/\/www.facebook.com\/Lindhaus","https:\/\/www.youtube.com\/user\/LindhausItaly","https:\/\/www.linkedin.com\/company\/lindhaus\/"]}]}},"_links":{"self":[{"href":"https:\/\/lindhaus.com\/fr\/wp-json\/wp\/v2\/pages\/4664","targetHints":{"allow":["GET"]}}],"collection":[{"href":"https:\/\/lindhaus.com\/fr\/wp-json\/wp\/v2\/pages"}],"about":[{"href":"https:\/\/lindhaus.com\/fr\/wp-json\/wp\/v2\/types\/page"}],"author":[{"embeddable":true,"href":"https:\/\/lindhaus.com\/fr\/wp-json\/wp\/v2\/users\/2"}],"replies":[{"embeddable":true,"href":"https:\/\/lindhaus.com\/fr\/wp-json\/wp\/v2\/comments?post=4664"}],"version-history":[{"count":3,"href":"https:\/\/lindhaus.com\/fr\/wp-json\/wp\/v2\/pages\/4664\/revisions"}],"predecessor-version":[{"id":9480,"href":"https:\/\/lindhaus.com\/fr\/wp-json\/wp\/v2\/pages\/4664\/revisions\/9480"}],"wp:attachment":[{"href":"https:\/\/lindhaus.com\/fr\/wp-json\/wp\/v2\/media?parent=4664"}],"curies":[{"name":"wp","href":"https:\/\/api.w.org\/{rel}","templated":true}]}}