{"id":4614,"date":"2025-09-17T17:09:23","date_gmt":"2025-09-17T15:09:23","guid":{"rendered":"https:\/\/lindhaus.it\/accueil\/"},"modified":"2026-03-05T19:29:40","modified_gmt":"2026-03-05T18:29:40","slug":"accueil","status":"publish","type":"page","link":"https:\/\/lindhaus.com\/fr\/","title":{"rendered":"Accueil"},"content":{"rendered":"<h3>AU C\u0152UR DE LA PROPRET\u00c9<\/h3>\n<h1><span class=\"s5\">Des m<\/span><span class=\"s5\">achines <\/span><span class=\"s5\">professio<\/span><span class=\"s5\">n<\/span><span class=\"s5\">nelles pour le nettoyage de<\/span><span class=\"s5\">s<\/span><span class=\"s5\"> surfaces int\u00e9rieures<\/span><span class=\"s5\">, con\u00e7ues et fabriqu\u00e9es en Italie pour durer<\/span>.<\/h1>\n<p><a role=\"button\"><br \/>\nLa gamme Lindhaus<br \/>\n<\/a><br \/>\n<a role=\"button\"><br \/>\nVoir la gamme Lindhaus<br \/>\n<\/a><br \/>\n<img loading=\"lazy\" decoding=\"async\" src=\"https:\/\/lindhaus.com\/wp-content\/uploads\/2025\/09\/Lavasciuga.png\" sizes=\"auto, (max-width: 800px) 100vw, 800px\" srcset=\"https:\/\/lindhaus.com\/wp-content\/uploads\/2025\/09\/Lavasciuga.png 802w, https:\/\/lindhaus.com\/wp-content\/uploads\/2025\/09\/Lavasciuga-300x296.png 300w, https:\/\/lindhaus.com\/wp-content\/uploads\/2025\/09\/Lavasciuga-768x758.png 768w\" alt=\"\" width=\"800\" height=\"790\" \/><\/p>\n<h2>Lave-linge et s\u00e8che-linge<\/h2>\n<p><img loading=\"lazy\" decoding=\"async\" src=\"https:\/\/lindhaus.com\/wp-content\/uploads\/2025\/09\/Battitappeti.png\" sizes=\"auto, (max-width: 800px) 100vw, 800px\" srcset=\"https:\/\/lindhaus.com\/wp-content\/uploads\/2025\/09\/Battitappeti.png 802w, https:\/\/lindhaus.com\/wp-content\/uploads\/2025\/09\/Battitappeti-300x296.png 300w, https:\/\/lindhaus.com\/wp-content\/uploads\/2025\/09\/Battitappeti-768x758.png 768w\" alt=\"\" width=\"800\" height=\"790\" \/><\/p>\n<h2>Aspirateurs et batteurs de tapis<\/h2>\n<p><img loading=\"lazy\" decoding=\"async\" src=\"https:\/\/lindhaus.com\/wp-content\/uploads\/2025\/09\/sito-nuovo-75.png\" sizes=\"auto, (max-width: 800px) 100vw, 800px\" srcset=\"https:\/\/lindhaus.com\/wp-content\/uploads\/2025\/09\/sito-nuovo-75.png 802w, https:\/\/lindhaus.com\/wp-content\/uploads\/2025\/09\/sito-nuovo-75-300x296.png 300w, https:\/\/lindhaus.com\/wp-content\/uploads\/2025\/09\/sito-nuovo-75-768x758.png 768w\" alt=\"\" width=\"800\" height=\"790\" \/><\/p>\n<h2>Trouvez la bonne machine<\/h2>\n<p><img loading=\"lazy\" decoding=\"async\" src=\"https:\/\/lindhaus.com\/wp-content\/uploads\/2025\/09\/Scarica-lapp.png\" sizes=\"auto, (max-width: 800px) 100vw, 800px\" srcset=\"https:\/\/lindhaus.com\/wp-content\/uploads\/2025\/09\/Scarica-lapp.png 802w, https:\/\/lindhaus.com\/wp-content\/uploads\/2025\/09\/Scarica-lapp-300x296.png 300w, https:\/\/lindhaus.com\/wp-content\/uploads\/2025\/09\/Scarica-lapp-768x758.png 768w\" alt=\"\" width=\"800\" height=\"790\" \/><\/p>\n<h2>T\u00e9l\u00e9chargez l&rsquo;application Lindhaus<\/h2>\n<p><img loading=\"lazy\" decoding=\"async\" src=\"https:\/\/lindhaus.com\/wp-content\/uploads\/2025\/11\/L1170082-scaled.jpg\" sizes=\"auto, (max-width: 2560px) 100vw, 2560px\" srcset=\"https:\/\/lindhaus.com\/wp-content\/uploads\/2025\/11\/L1170082-scaled.jpg 2560w, https:\/\/lindhaus.com\/wp-content\/uploads\/2025\/11\/L1170082-300x200.jpg 300w, https:\/\/lindhaus.com\/wp-content\/uploads\/2025\/11\/L1170082-1024x683.jpg 1024w, https:\/\/lindhaus.com\/wp-content\/uploads\/2025\/11\/L1170082-768x512.jpg 768w, https:\/\/lindhaus.com\/wp-content\/uploads\/2025\/11\/L1170082-1536x1024.jpg 1536w, https:\/\/lindhaus.com\/wp-content\/uploads\/2025\/11\/L1170082-2048x1365.jpg 2048w\" alt=\"Ease your life with Flexy\" width=\"2560\" height=\"1707\" \/> <img loading=\"lazy\" decoding=\"async\" src=\"https:\/\/lindhaus.com\/wp-content\/uploads\/2025\/09\/L1170059-1.png\" sizes=\"auto, (max-width: 1439px) 100vw, 1439px\" srcset=\"https:\/\/lindhaus.com\/wp-content\/uploads\/2025\/09\/L1170059-1.png 1439w, https:\/\/lindhaus.com\/wp-content\/uploads\/2025\/09\/L1170059-1-300x300.png 300w, https:\/\/lindhaus.com\/wp-content\/uploads\/2025\/09\/L1170059-1-1019x1024.png 1019w, https:\/\/lindhaus.com\/wp-content\/uploads\/2025\/09\/L1170059-1-150x150.png 150w, https:\/\/lindhaus.com\/wp-content\/uploads\/2025\/09\/L1170059-1-768x772.png 768w\" alt=\"\" width=\"1439\" height=\"1446\" \/><\/p>\n<h3>Facilitez votre vie avec FLEXY<\/h3>\n<h5>Laissez-vous convaincre par les r\u00e9sultats impeccables de LW44 FLEXY.<\/h5>\n<p><a href=\"https:\/\/lindhaus.com\/fr\/produit\/lw44-flexy-lw52-flexy\/\"><br \/>\nEn savoir plus<br \/>\n<\/a><\/p>\n<h4>Facilitez votre vie avec FLEXY<\/h4>\n<p><a href=\"https:\/\/lindhaus.com\/fr\/produit\/lw44-flexy-lw52-flexy\/\"><br \/>\nEn savoir plus<br \/>\n<\/a><\/p>\n<h2>Certifications<\/h2>\n<h2>Machines de nettoyage professionnelles, 100% Made in Italy.<\/h2>\n<h3>Nous croyons \u00e0 l&rsquo;innovation et \u00e0 la technologie made in Italy<\/h3>\n<p>Abonnez-vous pour recevoir nos derniers articles et ressources<\/p>\n<p>[instagram-feed feed=\u00a0\u00bb1&Prime;]<br \/>\n<a href=\"https:\/\/www.instagram.com\/lindhaus_international\/\"><br \/>\n<\/a><\/p>\n","protected":false},"excerpt":{"rendered":"<p>AU C\u0152UR DE LA PROPRET\u00c9 Des machines professionnelles pour le nettoyage des surfaces int\u00e9rieures, con\u00e7ues et fabriqu\u00e9es en Italie pour durer. La gamme Lindhaus Voir la gamme Lindhaus Lave-linge et s\u00e8che-linge Aspirateurs et batteurs de tapis Trouvez la bonne machine T\u00e9l\u00e9chargez l&rsquo;application Lindhaus Facilitez votre vie avec FLEXY Laissez-vous convaincre par les r\u00e9sultats impeccables de [&hellip;]<\/p>\n","protected":false},"author":2,"featured_media":0,"parent":0,"menu_order":0,"comment_status":"closed","ping_status":"closed","template":"","meta":{"_acf_changed":false,"footnotes":""},"class_list":["post-4614","page","type-page","status-publish","hentry"],"acf":[],"yoast_head":"<!-- This site is optimized with the Yoast SEO plugin v27.3 - https:\/\/yoast.com\/product\/yoast-seo-wordpress\/ -->\n<title>Autolaveuses et nettoyage professionnel<\/title>\n<meta name=\"description\" content=\"Lindhaus est sp\u00e9cialis\u00e9 dans les autolaveuses, les aspirateurs, les Battitappeto et les produits et machines de nettoyage professionnels et domestiques.\" \/>\n<meta name=\"robots\" content=\"index, follow, max-snippet:-1, max-image-preview:large, max-video-preview:-1\" \/>\n<link rel=\"canonical\" href=\"https:\/\/lindhaus.com\/fr\/\" \/>\n<meta property=\"og:locale\" content=\"fr_FR\" \/>\n<meta property=\"og:type\" content=\"article\" \/>\n<meta property=\"og:title\" content=\"Autolaveuses et nettoyage professionnel\" \/>\n<meta property=\"og:description\" content=\"Lindhaus est sp\u00e9cialis\u00e9 dans les autolaveuses, les aspirateurs, les Battitappeto et les produits et machines de nettoyage professionnels et domestiques.\" \/>\n<meta property=\"og:url\" content=\"https:\/\/lindhaus.com\/fr\/\" \/>\n<meta property=\"og:site_name\" content=\"Lindhaus\" \/>\n<meta property=\"article:publisher\" content=\"https:\/\/www.facebook.com\/Lindhaus\" \/>\n<meta property=\"article:modified_time\" content=\"2026-03-05T18:29:40+00:00\" \/>\n<meta property=\"og:image\" content=\"https:\/\/lindhaus.com\/wp-content\/uploads\/2025\/09\/Lavasciuga.png\" \/>\n<meta name=\"twitter:card\" content=\"summary_large_image\" \/>\n<meta name=\"twitter:label1\" content=\"Dur\u00e9e de lecture estim\u00e9e\" \/>\n\t<meta name=\"twitter:data1\" content=\"2 minutes\" \/>\n<script type=\"application\/ld+json\" class=\"yoast-schema-graph\">{\"@context\":\"https:\\\/\\\/schema.org\",\"@graph\":[{\"@type\":\"WebPage\",\"@id\":\"https:\\\/\\\/lindhaus.com\\\/fr\\\/\",\"url\":\"https:\\\/\\\/lindhaus.com\\\/fr\\\/\",\"name\":\"Autolaveuses et nettoyage professionnel\",\"isPartOf\":{\"@id\":\"https:\\\/\\\/lindhaus.com\\\/fr\\\/#website\"},\"primaryImageOfPage\":{\"@id\":\"https:\\\/\\\/lindhaus.com\\\/fr\\\/#primaryimage\"},\"image\":{\"@id\":\"https:\\\/\\\/lindhaus.com\\\/fr\\\/#primaryimage\"},\"thumbnailUrl\":\"https:\\\/\\\/lindhaus.com\\\/wp-content\\\/uploads\\\/2025\\\/09\\\/Lavasciuga.png\",\"datePublished\":\"2025-09-17T15:09:23+00:00\",\"dateModified\":\"2026-03-05T18:29:40+00:00\",\"description\":\"Lindhaus est sp\u00e9cialis\u00e9 dans les autolaveuses, les aspirateurs, les Battitappeto et les produits et machines de nettoyage professionnels et domestiques.\",\"breadcrumb\":{\"@id\":\"https:\\\/\\\/lindhaus.com\\\/fr\\\/#breadcrumb\"},\"inLanguage\":\"fr-FR\",\"potentialAction\":[{\"@type\":\"ReadAction\",\"target\":[\"https:\\\/\\\/lindhaus.com\\\/fr\\\/\"]}]},{\"@type\":\"ImageObject\",\"inLanguage\":\"fr-FR\",\"@id\":\"https:\\\/\\\/lindhaus.com\\\/fr\\\/#primaryimage\",\"url\":\"https:\\\/\\\/lindhaus.com\\\/wp-content\\\/uploads\\\/2025\\\/09\\\/Lavasciuga.png\",\"contentUrl\":\"https:\\\/\\\/lindhaus.com\\\/wp-content\\\/uploads\\\/2025\\\/09\\\/Lavasciuga.png\"},{\"@type\":\"BreadcrumbList\",\"@id\":\"https:\\\/\\\/lindhaus.com\\\/fr\\\/#breadcrumb\",\"itemListElement\":[{\"@type\":\"ListItem\",\"position\":1,\"name\":\"Home\",\"item\":\"https:\\\/\\\/lindhaus.com\\\/fr\\\/\"},{\"@type\":\"ListItem\",\"position\":2,\"name\":\"Accueil\"}]},{\"@type\":\"WebSite\",\"@id\":\"https:\\\/\\\/lindhaus.com\\\/fr\\\/#website\",\"url\":\"https:\\\/\\\/lindhaus.com\\\/fr\\\/\",\"name\":\"Lindhaus\",\"description\":\"\",\"publisher\":{\"@id\":\"https:\\\/\\\/lindhaus.com\\\/fr\\\/#organization\"},\"potentialAction\":[{\"@type\":\"SearchAction\",\"target\":{\"@type\":\"EntryPoint\",\"urlTemplate\":\"https:\\\/\\\/lindhaus.com\\\/fr\\\/?s={search_term_string}\"},\"query-input\":{\"@type\":\"PropertyValueSpecification\",\"valueRequired\":true,\"valueName\":\"search_term_string\"}}],\"inLanguage\":\"fr-FR\"},{\"@type\":\"Organization\",\"@id\":\"https:\\\/\\\/lindhaus.com\\\/fr\\\/#organization\",\"name\":\"Lindhaus\",\"url\":\"https:\\\/\\\/lindhaus.com\\\/fr\\\/\",\"logo\":{\"@type\":\"ImageObject\",\"inLanguage\":\"fr-FR\",\"@id\":\"https:\\\/\\\/lindhaus.com\\\/fr\\\/#\\\/schema\\\/logo\\\/image\\\/\",\"url\":\"https:\\\/\\\/lindhaus.com\\\/wp-content\\\/uploads\\\/2025\\\/09\\\/cropped-logo-lindhaus-1-e1758115992432.webp\",\"contentUrl\":\"https:\\\/\\\/lindhaus.com\\\/wp-content\\\/uploads\\\/2025\\\/09\\\/cropped-logo-lindhaus-1-e1758115992432.webp\",\"width\":250,\"height\":51,\"caption\":\"Lindhaus\"},\"image\":{\"@id\":\"https:\\\/\\\/lindhaus.com\\\/fr\\\/#\\\/schema\\\/logo\\\/image\\\/\"},\"sameAs\":[\"https:\\\/\\\/www.instagram.com\\\/lindhaus_international\\\/\",\"https:\\\/\\\/www.facebook.com\\\/Lindhaus\",\"https:\\\/\\\/www.youtube.com\\\/user\\\/LindhausItaly\",\"https:\\\/\\\/www.linkedin.com\\\/company\\\/lindhaus\\\/\"]}]}<\/script>\n<!-- \/ Yoast SEO plugin. -->","yoast_head_json":{"title":"Autolaveuses et nettoyage professionnel","description":"Lindhaus est sp\u00e9cialis\u00e9 dans les autolaveuses, les aspirateurs, les Battitappeto et les produits et machines de nettoyage professionnels et domestiques.","robots":{"index":"index","follow":"follow","max-snippet":"max-snippet:-1","max-image-preview":"max-image-preview:large","max-video-preview":"max-video-preview:-1"},"canonical":"https:\/\/lindhaus.com\/fr\/","og_locale":"fr_FR","og_type":"article","og_title":"Autolaveuses et nettoyage professionnel","og_description":"Lindhaus est sp\u00e9cialis\u00e9 dans les autolaveuses, les aspirateurs, les Battitappeto et les produits et machines de nettoyage professionnels et domestiques.","og_url":"https:\/\/lindhaus.com\/fr\/","og_site_name":"Lindhaus","article_publisher":"https:\/\/www.facebook.com\/Lindhaus","article_modified_time":"2026-03-05T18:29:40+00:00","og_image":[{"url":"https:\/\/lindhaus.com\/wp-content\/uploads\/2025\/09\/Lavasciuga.png","type":"","width":"","height":""}],"twitter_card":"summary_large_image","twitter_misc":{"Dur\u00e9e de lecture estim\u00e9e":"2 minutes"},"schema":{"@context":"https:\/\/schema.org","@graph":[{"@type":"WebPage","@id":"https:\/\/lindhaus.com\/fr\/","url":"https:\/\/lindhaus.com\/fr\/","name":"Autolaveuses et nettoyage professionnel","isPartOf":{"@id":"https:\/\/lindhaus.com\/fr\/#website"},"primaryImageOfPage":{"@id":"https:\/\/lindhaus.com\/fr\/#primaryimage"},"image":{"@id":"https:\/\/lindhaus.com\/fr\/#primaryimage"},"thumbnailUrl":"https:\/\/lindhaus.com\/wp-content\/uploads\/2025\/09\/Lavasciuga.png","datePublished":"2025-09-17T15:09:23+00:00","dateModified":"2026-03-05T18:29:40+00:00","description":"Lindhaus est sp\u00e9cialis\u00e9 dans les autolaveuses, les aspirateurs, les Battitappeto et les produits et machines de nettoyage professionnels et domestiques.","breadcrumb":{"@id":"https:\/\/lindhaus.com\/fr\/#breadcrumb"},"inLanguage":"fr-FR","potentialAction":[{"@type":"ReadAction","target":["https:\/\/lindhaus.com\/fr\/"]}]},{"@type":"ImageObject","inLanguage":"fr-FR","@id":"https:\/\/lindhaus.com\/fr\/#primaryimage","url":"https:\/\/lindhaus.com\/wp-content\/uploads\/2025\/09\/Lavasciuga.png","contentUrl":"https:\/\/lindhaus.com\/wp-content\/uploads\/2025\/09\/Lavasciuga.png"},{"@type":"BreadcrumbList","@id":"https:\/\/lindhaus.com\/fr\/#breadcrumb","itemListElement":[{"@type":"ListItem","position":1,"name":"Home","item":"https:\/\/lindhaus.com\/fr\/"},{"@type":"ListItem","position":2,"name":"Accueil"}]},{"@type":"WebSite","@id":"https:\/\/lindhaus.com\/fr\/#website","url":"https:\/\/lindhaus.com\/fr\/","name":"Lindhaus","description":"","publisher":{"@id":"https:\/\/lindhaus.com\/fr\/#organization"},"potentialAction":[{"@type":"SearchAction","target":{"@type":"EntryPoint","urlTemplate":"https:\/\/lindhaus.com\/fr\/?s={search_term_string}"},"query-input":{"@type":"PropertyValueSpecification","valueRequired":true,"valueName":"search_term_string"}}],"inLanguage":"fr-FR"},{"@type":"Organization","@id":"https:\/\/lindhaus.com\/fr\/#organization","name":"Lindhaus","url":"https:\/\/lindhaus.com\/fr\/","logo":{"@type":"ImageObject","inLanguage":"fr-FR","@id":"https:\/\/lindhaus.com\/fr\/#\/schema\/logo\/image\/","url":"https:\/\/lindhaus.com\/wp-content\/uploads\/2025\/09\/cropped-logo-lindhaus-1-e1758115992432.webp","contentUrl":"https:\/\/lindhaus.com\/wp-content\/uploads\/2025\/09\/cropped-logo-lindhaus-1-e1758115992432.webp","width":250,"height":51,"caption":"Lindhaus"},"image":{"@id":"https:\/\/lindhaus.com\/fr\/#\/schema\/logo\/image\/"},"sameAs":["https:\/\/www.instagram.com\/lindhaus_international\/","https:\/\/www.facebook.com\/Lindhaus","https:\/\/www.youtube.com\/user\/LindhausItaly","https:\/\/www.linkedin.com\/company\/lindhaus\/"]}]}},"_links":{"self":[{"href":"https:\/\/lindhaus.com\/fr\/wp-json\/wp\/v2\/pages\/4614","targetHints":{"allow":["GET"]}}],"collection":[{"href":"https:\/\/lindhaus.com\/fr\/wp-json\/wp\/v2\/pages"}],"about":[{"href":"https:\/\/lindhaus.com\/fr\/wp-json\/wp\/v2\/types\/page"}],"author":[{"embeddable":true,"href":"https:\/\/lindhaus.com\/fr\/wp-json\/wp\/v2\/users\/2"}],"replies":[{"embeddable":true,"href":"https:\/\/lindhaus.com\/fr\/wp-json\/wp\/v2\/comments?post=4614"}],"version-history":[{"count":11,"href":"https:\/\/lindhaus.com\/fr\/wp-json\/wp\/v2\/pages\/4614\/revisions"}],"predecessor-version":[{"id":10828,"href":"https:\/\/lindhaus.com\/fr\/wp-json\/wp\/v2\/pages\/4614\/revisions\/10828"}],"wp:attachment":[{"href":"https:\/\/lindhaus.com\/fr\/wp-json\/wp\/v2\/media?parent=4614"}],"curies":[{"name":"wp","href":"https:\/\/api.w.org\/{rel}","templated":true}]}}