{"id":4547,"date":"2025-10-07T16:13:38","date_gmt":"2025-10-07T14:13:38","guid":{"rendered":"https:\/\/lindhaus.it\/enregistrement-de-la-garantie\/"},"modified":"2026-02-06T13:03:47","modified_gmt":"2026-02-06T12:03:47","slug":"enregistrement-de-la-garantie","status":"publish","type":"page","link":"https:\/\/lindhaus.com\/fr\/enregistrement-de-la-garantie\/","title":{"rendered":"Enregistrement de la garantie"},"content":{"rendered":"<p>Utilisez le formulaire ci-dessous pour enregistrer votre garantie. Si vous avez des questions ou des doutes, n&rsquo;h\u00e9sitez pas \u00e0 nous contacter.  <\/p>\n<p>Utilisez le formulaire ci-dessous pour enregistrer votre garantie. Si vous avez des questions ou des doutes, n&rsquo;h\u00e9sitez pas \u00e0 nous contacter.  <\/p>\n<h3>Formulaire d&rsquo;enregistrement de la garantie<\/h3>\n<p>\t\t\t\t\t\t\t\t\t\t<a role=\"button\"><br \/>\n\t\t\t\t\t\t\t\t\tVoir la politique de confidentialit\u00e9<br \/>\n\t\t\t\t\t<\/a><\/p>\n","protected":false},"excerpt":{"rendered":"<p>Utilisez le formulaire ci-dessous pour enregistrer votre garantie. Si vous avez des questions ou des doutes, n&rsquo;h\u00e9sitez pas \u00e0 nous contacter. Utilisez le formulaire ci-dessous pour enregistrer votre garantie. Si vous avez des questions ou des doutes, n&rsquo;h\u00e9sitez pas \u00e0 nous contacter. Formulaire d&rsquo;enregistrement de la garantie Voir la politique de confidentialit\u00e9<\/p>\n","protected":false},"author":2,"featured_media":0,"parent":0,"menu_order":0,"comment_status":"closed","ping_status":"closed","template":"","meta":{"_acf_changed":false,"footnotes":""},"class_list":["post-4547","page","type-page","status-publish","hentry"],"acf":[],"yoast_head":"<!-- This site is optimized with the Yoast SEO plugin v27.3 - https:\/\/yoast.com\/product\/yoast-seo-wordpress\/ -->\n<title>Enregistrement de la garantie - Lindhaus<\/title>\n<meta name=\"robots\" content=\"index, follow, max-snippet:-1, max-image-preview:large, max-video-preview:-1\" \/>\n<link rel=\"canonical\" href=\"https:\/\/lindhaus.com\/fr\/enregistrement-de-la-garantie\/\" \/>\n<meta property=\"og:locale\" content=\"fr_FR\" \/>\n<meta property=\"og:type\" content=\"article\" \/>\n<meta property=\"og:title\" content=\"Enregistrement de la garantie - Lindhaus\" \/>\n<meta property=\"og:description\" content=\"Utilisez le formulaire ci-dessous pour enregistrer votre garantie. Si vous avez des questions ou des doutes, n&rsquo;h\u00e9sitez pas \u00e0 nous contacter. Utilisez le formulaire ci-dessous pour enregistrer votre garantie. Si vous avez des questions ou des doutes, n&rsquo;h\u00e9sitez pas \u00e0 nous contacter. Formulaire d&rsquo;enregistrement de la garantie Voir la politique de confidentialit\u00e9\" \/>\n<meta property=\"og:url\" content=\"https:\/\/lindhaus.com\/fr\/enregistrement-de-la-garantie\/\" \/>\n<meta property=\"og:site_name\" content=\"Lindhaus\" \/>\n<meta property=\"article:publisher\" content=\"https:\/\/www.facebook.com\/Lindhaus\" \/>\n<meta property=\"article:modified_time\" content=\"2026-02-06T12:03:47+00:00\" \/>\n<meta name=\"twitter:card\" content=\"summary_large_image\" \/>\n<script type=\"application\/ld+json\" class=\"yoast-schema-graph\">{\"@context\":\"https:\\\/\\\/schema.org\",\"@graph\":[{\"@type\":\"WebPage\",\"@id\":\"https:\\\/\\\/lindhaus.com\\\/fr\\\/enregistrement-de-la-garantie\\\/\",\"url\":\"https:\\\/\\\/lindhaus.com\\\/fr\\\/enregistrement-de-la-garantie\\\/\",\"name\":\"Enregistrement de la garantie - Lindhaus\",\"isPartOf\":{\"@id\":\"https:\\\/\\\/lindhaus.com\\\/fr\\\/#website\"},\"datePublished\":\"2025-10-07T14:13:38+00:00\",\"dateModified\":\"2026-02-06T12:03:47+00:00\",\"breadcrumb\":{\"@id\":\"https:\\\/\\\/lindhaus.com\\\/fr\\\/enregistrement-de-la-garantie\\\/#breadcrumb\"},\"inLanguage\":\"fr-FR\",\"potentialAction\":[{\"@type\":\"ReadAction\",\"target\":[\"https:\\\/\\\/lindhaus.com\\\/fr\\\/enregistrement-de-la-garantie\\\/\"]}]},{\"@type\":\"BreadcrumbList\",\"@id\":\"https:\\\/\\\/lindhaus.com\\\/fr\\\/enregistrement-de-la-garantie\\\/#breadcrumb\",\"itemListElement\":[{\"@type\":\"ListItem\",\"position\":1,\"name\":\"Home\",\"item\":\"https:\\\/\\\/lindhaus.com\\\/fr\\\/\"},{\"@type\":\"ListItem\",\"position\":2,\"name\":\"Enregistrement de la garantie\"}]},{\"@type\":\"WebSite\",\"@id\":\"https:\\\/\\\/lindhaus.com\\\/fr\\\/#website\",\"url\":\"https:\\\/\\\/lindhaus.com\\\/fr\\\/\",\"name\":\"Lindhaus\",\"description\":\"\",\"publisher\":{\"@id\":\"https:\\\/\\\/lindhaus.com\\\/fr\\\/#organization\"},\"potentialAction\":[{\"@type\":\"SearchAction\",\"target\":{\"@type\":\"EntryPoint\",\"urlTemplate\":\"https:\\\/\\\/lindhaus.com\\\/fr\\\/?s={search_term_string}\"},\"query-input\":{\"@type\":\"PropertyValueSpecification\",\"valueRequired\":true,\"valueName\":\"search_term_string\"}}],\"inLanguage\":\"fr-FR\"},{\"@type\":\"Organization\",\"@id\":\"https:\\\/\\\/lindhaus.com\\\/fr\\\/#organization\",\"name\":\"Lindhaus\",\"url\":\"https:\\\/\\\/lindhaus.com\\\/fr\\\/\",\"logo\":{\"@type\":\"ImageObject\",\"inLanguage\":\"fr-FR\",\"@id\":\"https:\\\/\\\/lindhaus.com\\\/fr\\\/#\\\/schema\\\/logo\\\/image\\\/\",\"url\":\"https:\\\/\\\/lindhaus.com\\\/wp-content\\\/uploads\\\/2025\\\/09\\\/cropped-logo-lindhaus-1-e1758115992432.webp\",\"contentUrl\":\"https:\\\/\\\/lindhaus.com\\\/wp-content\\\/uploads\\\/2025\\\/09\\\/cropped-logo-lindhaus-1-e1758115992432.webp\",\"width\":250,\"height\":51,\"caption\":\"Lindhaus\"},\"image\":{\"@id\":\"https:\\\/\\\/lindhaus.com\\\/fr\\\/#\\\/schema\\\/logo\\\/image\\\/\"},\"sameAs\":[\"https:\\\/\\\/www.instagram.com\\\/lindhaus_international\\\/\",\"https:\\\/\\\/www.facebook.com\\\/Lindhaus\",\"https:\\\/\\\/www.youtube.com\\\/user\\\/LindhausItaly\",\"https:\\\/\\\/www.linkedin.com\\\/company\\\/lindhaus\\\/\"]}]}<\/script>\n<!-- \/ Yoast SEO plugin. -->","yoast_head_json":{"title":"Enregistrement de la garantie - Lindhaus","robots":{"index":"index","follow":"follow","max-snippet":"max-snippet:-1","max-image-preview":"max-image-preview:large","max-video-preview":"max-video-preview:-1"},"canonical":"https:\/\/lindhaus.com\/fr\/enregistrement-de-la-garantie\/","og_locale":"fr_FR","og_type":"article","og_title":"Enregistrement de la garantie - Lindhaus","og_description":"Utilisez le formulaire ci-dessous pour enregistrer votre garantie. Si vous avez des questions ou des doutes, n&rsquo;h\u00e9sitez pas \u00e0 nous contacter. Utilisez le formulaire ci-dessous pour enregistrer votre garantie. Si vous avez des questions ou des doutes, n&rsquo;h\u00e9sitez pas \u00e0 nous contacter. Formulaire d&rsquo;enregistrement de la garantie Voir la politique de confidentialit\u00e9","og_url":"https:\/\/lindhaus.com\/fr\/enregistrement-de-la-garantie\/","og_site_name":"Lindhaus","article_publisher":"https:\/\/www.facebook.com\/Lindhaus","article_modified_time":"2026-02-06T12:03:47+00:00","twitter_card":"summary_large_image","schema":{"@context":"https:\/\/schema.org","@graph":[{"@type":"WebPage","@id":"https:\/\/lindhaus.com\/fr\/enregistrement-de-la-garantie\/","url":"https:\/\/lindhaus.com\/fr\/enregistrement-de-la-garantie\/","name":"Enregistrement de la garantie - Lindhaus","isPartOf":{"@id":"https:\/\/lindhaus.com\/fr\/#website"},"datePublished":"2025-10-07T14:13:38+00:00","dateModified":"2026-02-06T12:03:47+00:00","breadcrumb":{"@id":"https:\/\/lindhaus.com\/fr\/enregistrement-de-la-garantie\/#breadcrumb"},"inLanguage":"fr-FR","potentialAction":[{"@type":"ReadAction","target":["https:\/\/lindhaus.com\/fr\/enregistrement-de-la-garantie\/"]}]},{"@type":"BreadcrumbList","@id":"https:\/\/lindhaus.com\/fr\/enregistrement-de-la-garantie\/#breadcrumb","itemListElement":[{"@type":"ListItem","position":1,"name":"Home","item":"https:\/\/lindhaus.com\/fr\/"},{"@type":"ListItem","position":2,"name":"Enregistrement de la garantie"}]},{"@type":"WebSite","@id":"https:\/\/lindhaus.com\/fr\/#website","url":"https:\/\/lindhaus.com\/fr\/","name":"Lindhaus","description":"","publisher":{"@id":"https:\/\/lindhaus.com\/fr\/#organization"},"potentialAction":[{"@type":"SearchAction","target":{"@type":"EntryPoint","urlTemplate":"https:\/\/lindhaus.com\/fr\/?s={search_term_string}"},"query-input":{"@type":"PropertyValueSpecification","valueRequired":true,"valueName":"search_term_string"}}],"inLanguage":"fr-FR"},{"@type":"Organization","@id":"https:\/\/lindhaus.com\/fr\/#organization","name":"Lindhaus","url":"https:\/\/lindhaus.com\/fr\/","logo":{"@type":"ImageObject","inLanguage":"fr-FR","@id":"https:\/\/lindhaus.com\/fr\/#\/schema\/logo\/image\/","url":"https:\/\/lindhaus.com\/wp-content\/uploads\/2025\/09\/cropped-logo-lindhaus-1-e1758115992432.webp","contentUrl":"https:\/\/lindhaus.com\/wp-content\/uploads\/2025\/09\/cropped-logo-lindhaus-1-e1758115992432.webp","width":250,"height":51,"caption":"Lindhaus"},"image":{"@id":"https:\/\/lindhaus.com\/fr\/#\/schema\/logo\/image\/"},"sameAs":["https:\/\/www.instagram.com\/lindhaus_international\/","https:\/\/www.facebook.com\/Lindhaus","https:\/\/www.youtube.com\/user\/LindhausItaly","https:\/\/www.linkedin.com\/company\/lindhaus\/"]}]}},"_links":{"self":[{"href":"https:\/\/lindhaus.com\/fr\/wp-json\/wp\/v2\/pages\/4547","targetHints":{"allow":["GET"]}}],"collection":[{"href":"https:\/\/lindhaus.com\/fr\/wp-json\/wp\/v2\/pages"}],"about":[{"href":"https:\/\/lindhaus.com\/fr\/wp-json\/wp\/v2\/types\/page"}],"author":[{"embeddable":true,"href":"https:\/\/lindhaus.com\/fr\/wp-json\/wp\/v2\/users\/2"}],"replies":[{"embeddable":true,"href":"https:\/\/lindhaus.com\/fr\/wp-json\/wp\/v2\/comments?post=4547"}],"version-history":[{"count":1,"href":"https:\/\/lindhaus.com\/fr\/wp-json\/wp\/v2\/pages\/4547\/revisions"}],"predecessor-version":[{"id":4550,"href":"https:\/\/lindhaus.com\/fr\/wp-json\/wp\/v2\/pages\/4547\/revisions\/4550"}],"wp:attachment":[{"href":"https:\/\/lindhaus.com\/fr\/wp-json\/wp\/v2\/media?parent=4547"}],"curies":[{"name":"wp","href":"https:\/\/api.w.org\/{rel}","templated":true}]}}