{"id":4816,"date":"2025-10-06T13:48:27","date_gmt":"2025-10-06T11:48:27","guid":{"rendered":"https:\/\/lindhaus.it\/hazte-distribuidor\/"},"modified":"2026-02-11T23:34:06","modified_gmt":"2026-02-11T22:34:06","slug":"hazte-distribuidor","status":"publish","type":"page","link":"https:\/\/lindhaus.com\/es\/hazte-distribuidor\/","title":{"rendered":"Hazte distribuidor"},"content":{"rendered":"<p>\u00a1Exporta la calidad del Made in Italy!<\/p>\n<p>Si quieres formar parte de nuestra exclusiva red de distribuidores autorizados, \u00a1est\u00e1s en el lugar adecuado!<\/p>\n<p>Exporta la calidad del Made in Italy<\/p>\n<h1>\u00a1Bienvenido al mundo de Lindhaus!<\/h1>\n<p>Desde hace m\u00e1s de cuarenta a\u00f1os, <strong data-start=\"411\" data-end=\"423\">Lindhaus<\/strong> dise\u00f1a y fabrica en Italia m\u00e1quinas de limpieza profesional y dom\u00e9stica, reconocidas en todo el mundo por su <strong data-start=\"539\" data-end=\"590\">calidad, fiabilidad e innovaci\u00f3n tecnol\u00f3gica<\/strong>.<br data-start=\"591\" data-end=\"594\">Nuestros productos se distribuyen actualmente en m\u00e1s de <strong data-start=\"644\" data-end=\"656\">50 pa\u00edses<\/strong> y se utilizan en los sectores <strong data-start=\"682\" data-end=\"735\">profesional, industrial, sanitario y dom\u00e9stico<\/strong>.<\/p>\n<h5 data-start=\"743\" data-end=\"776\"> <\/h5>\n<h3 data-start=\"743\" data-end=\"776\"><strong>Por qu\u00e9 elegir Lindhaus<\/strong><\/h3>\n<p data-start=\"777\" data-end=\"1104\">Convertirse en distribuidor de Lindhaus significa pasar a formar parte de una red s\u00f3lida y en crecimiento, respaldada por una marca que representa la excelencia del \u00abMade in Italy\u00bb en limpieza.<br data-start=\"960\" data-end=\"963\">Trabajamos con socios seleccionados que comparten nuestra visi\u00f3n: ofrecer soluciones de limpieza eficaces, sostenibles y de alta calidad.<\/p>\n<h3 data-start=\"1471\" data-end=\"1492\"> <\/h3>\n<h3 data-start=\"1471\" data-end=\"1492\"><strong data-start=\"1475\" data-end=\"1492\">A qui\u00e9n buscamos<\/strong><\/h3>\n<p data-start=\"1493\" data-end=\"1599\">Nos interesa trabajar con <strong data-start=\"1529\" data-end=\"1578\">empresas y profesionales de la limpieza<\/strong> que tengan:<\/p>\n<ul data-start=\"1600\" data-end=\"1882\">\n<li data-start=\"1600\" data-end=\"1674\">\n<p data-start=\"1602\" data-end=\"1674\">Estructura comercial o red de ventas activa en su territorio;<\/p>\n<\/li>\n<li data-start=\"1675\" data-end=\"1760\">\n<p data-start=\"1677\" data-end=\"1760\">Experiencia en el sector de la limpieza o distribuci\u00f3n de maquinaria profesional;<\/p>\n<\/li>\n<li data-start=\"1761\" data-end=\"1825\">\n<p data-start=\"1763\" data-end=\"1825\">S\u00f3lida reputaci\u00f3n y orientaci\u00f3n a la calidad del servicio;<\/p>\n<\/li>\n<li data-start=\"1826\" data-end=\"1882\">\n<p data-start=\"1828\" data-end=\"1882\">Capacidad para promocionar la marca Lindhaus a nivel local.<\/p>\n<\/li>\n<\/ul>\n<h3 data-start=\"1889\" data-end=\"1930\"><strong data-start=\"1893\" data-end=\"1930\">Forma parte de nuestro \u00e9xito<\/strong><\/h3>\n<p data-start=\"1931\" data-end=\"2211\">Si quieres representar a Lindhaus en tu pa\u00eds o \u00e1rea de especializaci\u00f3n, rellena el formulario de contacto y cu\u00e9ntanos tu realidad.<br data-start=\"2069\" data-end=\"2072\">Nuestro departamento de ventas evaluar\u00e1 detenidamente tu aplicaci\u00f3n y se pondr\u00e1 en contacto contigo para hablar de las posibilidades de colaboraci\u00f3n.<\/p>\n<p data-start=\"1931\" data-end=\"2211\">\ud83d\udce9 Rellena <strong data-start=\"2221\" data-end=\"2307\">el siguiente formulario para solicitar ser distribuidor oficial de Lindhaus<\/strong>.<\/p>\n<p>Buscamos colaboraciones s\u00f3lidas y duraderas basadas en la confianza mutua y en el compromiso com\u00fan de proporcionar m\u00e1quinas de limpieza innovadoras y fiables.<\/p>\n<p><strong>\u00a1Ponte en contacto con nosotros para iniciar una colaboraci\u00f3n fruct\u00edfera!<\/strong><\/p>\n\n<p><\/p>\n","protected":false},"excerpt":{"rendered":"<p>\u00a1Exporta la calidad del Made in Italy! Si quieres formar parte de nuestra exclusiva red de distribuidores autorizados, \u00a1est\u00e1s en el lugar adecuado! Exporta la calidad del Made in Italy \u00a1Bienvenido al mundo de Lindhaus! Desde hace m\u00e1s de cuarenta a\u00f1os, Lindhaus dise\u00f1a y fabrica en Italia m\u00e1quinas de limpieza profesional y dom\u00e9stica, reconocidas en [&hellip;]<\/p>\n","protected":false},"author":2,"featured_media":0,"parent":0,"menu_order":0,"comment_status":"closed","ping_status":"closed","template":"page-diventa-distributore.php","meta":{"_acf_changed":false,"footnotes":""},"class_list":["post-4816","page","type-page","status-publish","hentry"],"acf":[],"yoast_head":"<!-- This site is optimized with the Yoast SEO plugin v27.3 - https:\/\/yoast.com\/product\/yoast-seo-wordpress\/ -->\n<title>Hazte distribuidor - Lindhaus<\/title>\n<meta name=\"robots\" content=\"index, follow, max-snippet:-1, max-image-preview:large, max-video-preview:-1\" \/>\n<link rel=\"canonical\" href=\"https:\/\/lindhaus.com\/es\/hazte-distribuidor\/\" \/>\n<meta property=\"og:locale\" content=\"es_ES\" \/>\n<meta property=\"og:type\" content=\"article\" \/>\n<meta property=\"og:title\" content=\"Hazte distribuidor - Lindhaus\" \/>\n<meta property=\"og:description\" content=\"\u00a1Exporta la calidad del Made in Italy! Si quieres formar parte de nuestra exclusiva red de distribuidores autorizados, \u00a1est\u00e1s en el lugar adecuado! Exporta la calidad del Made in Italy \u00a1Bienvenido al mundo de Lindhaus! Desde hace m\u00e1s de cuarenta a\u00f1os, Lindhaus dise\u00f1a y fabrica en Italia m\u00e1quinas de limpieza profesional y dom\u00e9stica, reconocidas en [&hellip;]\" \/>\n<meta property=\"og:url\" content=\"https:\/\/lindhaus.com\/es\/hazte-distribuidor\/\" \/>\n<meta property=\"og:site_name\" content=\"Lindhaus\" \/>\n<meta property=\"article:publisher\" content=\"https:\/\/www.facebook.com\/Lindhaus\" \/>\n<meta property=\"article:modified_time\" content=\"2026-02-11T22:34:06+00:00\" \/>\n<meta name=\"twitter:card\" content=\"summary_large_image\" \/>\n<meta name=\"twitter:label1\" content=\"Tiempo de lectura\" \/>\n\t<meta name=\"twitter:data1\" content=\"2 minutos\" \/>\n<script type=\"application\/ld+json\" class=\"yoast-schema-graph\">{\"@context\":\"https:\\\/\\\/schema.org\",\"@graph\":[{\"@type\":\"WebPage\",\"@id\":\"https:\\\/\\\/lindhaus.com\\\/es\\\/hazte-distribuidor\\\/\",\"url\":\"https:\\\/\\\/lindhaus.com\\\/es\\\/hazte-distribuidor\\\/\",\"name\":\"Hazte distribuidor - Lindhaus\",\"isPartOf\":{\"@id\":\"https:\\\/\\\/lindhaus.com\\\/es\\\/#website\"},\"datePublished\":\"2025-10-06T11:48:27+00:00\",\"dateModified\":\"2026-02-11T22:34:06+00:00\",\"breadcrumb\":{\"@id\":\"https:\\\/\\\/lindhaus.com\\\/es\\\/hazte-distribuidor\\\/#breadcrumb\"},\"inLanguage\":\"es\",\"potentialAction\":[{\"@type\":\"ReadAction\",\"target\":[\"https:\\\/\\\/lindhaus.com\\\/es\\\/hazte-distribuidor\\\/\"]}]},{\"@type\":\"BreadcrumbList\",\"@id\":\"https:\\\/\\\/lindhaus.com\\\/es\\\/hazte-distribuidor\\\/#breadcrumb\",\"itemListElement\":[{\"@type\":\"ListItem\",\"position\":1,\"name\":\"Home\",\"item\":\"https:\\\/\\\/lindhaus.com\\\/es\\\/\"},{\"@type\":\"ListItem\",\"position\":2,\"name\":\"Hazte distribuidor\"}]},{\"@type\":\"WebSite\",\"@id\":\"https:\\\/\\\/lindhaus.com\\\/es\\\/#website\",\"url\":\"https:\\\/\\\/lindhaus.com\\\/es\\\/\",\"name\":\"Lindhaus\",\"description\":\"\",\"publisher\":{\"@id\":\"https:\\\/\\\/lindhaus.com\\\/es\\\/#organization\"},\"potentialAction\":[{\"@type\":\"SearchAction\",\"target\":{\"@type\":\"EntryPoint\",\"urlTemplate\":\"https:\\\/\\\/lindhaus.com\\\/es\\\/?s={search_term_string}\"},\"query-input\":{\"@type\":\"PropertyValueSpecification\",\"valueRequired\":true,\"valueName\":\"search_term_string\"}}],\"inLanguage\":\"es\"},{\"@type\":\"Organization\",\"@id\":\"https:\\\/\\\/lindhaus.com\\\/es\\\/#organization\",\"name\":\"Lindhaus\",\"url\":\"https:\\\/\\\/lindhaus.com\\\/es\\\/\",\"logo\":{\"@type\":\"ImageObject\",\"inLanguage\":\"es\",\"@id\":\"https:\\\/\\\/lindhaus.com\\\/es\\\/#\\\/schema\\\/logo\\\/image\\\/\",\"url\":\"https:\\\/\\\/lindhaus.com\\\/wp-content\\\/uploads\\\/2025\\\/09\\\/cropped-logo-lindhaus-1-e1758115992432.webp\",\"contentUrl\":\"https:\\\/\\\/lindhaus.com\\\/wp-content\\\/uploads\\\/2025\\\/09\\\/cropped-logo-lindhaus-1-e1758115992432.webp\",\"width\":250,\"height\":51,\"caption\":\"Lindhaus\"},\"image\":{\"@id\":\"https:\\\/\\\/lindhaus.com\\\/es\\\/#\\\/schema\\\/logo\\\/image\\\/\"},\"sameAs\":[\"https:\\\/\\\/www.instagram.com\\\/lindhaus_international\\\/\",\"https:\\\/\\\/www.facebook.com\\\/Lindhaus\",\"https:\\\/\\\/www.youtube.com\\\/user\\\/LindhausItaly\",\"https:\\\/\\\/www.linkedin.com\\\/company\\\/lindhaus\\\/\"]}]}<\/script>\n<!-- \/ Yoast SEO plugin. -->","yoast_head_json":{"title":"Hazte distribuidor - Lindhaus","robots":{"index":"index","follow":"follow","max-snippet":"max-snippet:-1","max-image-preview":"max-image-preview:large","max-video-preview":"max-video-preview:-1"},"canonical":"https:\/\/lindhaus.com\/es\/hazte-distribuidor\/","og_locale":"es_ES","og_type":"article","og_title":"Hazte distribuidor - Lindhaus","og_description":"\u00a1Exporta la calidad del Made in Italy! Si quieres formar parte de nuestra exclusiva red de distribuidores autorizados, \u00a1est\u00e1s en el lugar adecuado! Exporta la calidad del Made in Italy \u00a1Bienvenido al mundo de Lindhaus! Desde hace m\u00e1s de cuarenta a\u00f1os, Lindhaus dise\u00f1a y fabrica en Italia m\u00e1quinas de limpieza profesional y dom\u00e9stica, reconocidas en [&hellip;]","og_url":"https:\/\/lindhaus.com\/es\/hazte-distribuidor\/","og_site_name":"Lindhaus","article_publisher":"https:\/\/www.facebook.com\/Lindhaus","article_modified_time":"2026-02-11T22:34:06+00:00","twitter_card":"summary_large_image","twitter_misc":{"Tiempo de lectura":"2 minutos"},"schema":{"@context":"https:\/\/schema.org","@graph":[{"@type":"WebPage","@id":"https:\/\/lindhaus.com\/es\/hazte-distribuidor\/","url":"https:\/\/lindhaus.com\/es\/hazte-distribuidor\/","name":"Hazte distribuidor - Lindhaus","isPartOf":{"@id":"https:\/\/lindhaus.com\/es\/#website"},"datePublished":"2025-10-06T11:48:27+00:00","dateModified":"2026-02-11T22:34:06+00:00","breadcrumb":{"@id":"https:\/\/lindhaus.com\/es\/hazte-distribuidor\/#breadcrumb"},"inLanguage":"es","potentialAction":[{"@type":"ReadAction","target":["https:\/\/lindhaus.com\/es\/hazte-distribuidor\/"]}]},{"@type":"BreadcrumbList","@id":"https:\/\/lindhaus.com\/es\/hazte-distribuidor\/#breadcrumb","itemListElement":[{"@type":"ListItem","position":1,"name":"Home","item":"https:\/\/lindhaus.com\/es\/"},{"@type":"ListItem","position":2,"name":"Hazte distribuidor"}]},{"@type":"WebSite","@id":"https:\/\/lindhaus.com\/es\/#website","url":"https:\/\/lindhaus.com\/es\/","name":"Lindhaus","description":"","publisher":{"@id":"https:\/\/lindhaus.com\/es\/#organization"},"potentialAction":[{"@type":"SearchAction","target":{"@type":"EntryPoint","urlTemplate":"https:\/\/lindhaus.com\/es\/?s={search_term_string}"},"query-input":{"@type":"PropertyValueSpecification","valueRequired":true,"valueName":"search_term_string"}}],"inLanguage":"es"},{"@type":"Organization","@id":"https:\/\/lindhaus.com\/es\/#organization","name":"Lindhaus","url":"https:\/\/lindhaus.com\/es\/","logo":{"@type":"ImageObject","inLanguage":"es","@id":"https:\/\/lindhaus.com\/es\/#\/schema\/logo\/image\/","url":"https:\/\/lindhaus.com\/wp-content\/uploads\/2025\/09\/cropped-logo-lindhaus-1-e1758115992432.webp","contentUrl":"https:\/\/lindhaus.com\/wp-content\/uploads\/2025\/09\/cropped-logo-lindhaus-1-e1758115992432.webp","width":250,"height":51,"caption":"Lindhaus"},"image":{"@id":"https:\/\/lindhaus.com\/es\/#\/schema\/logo\/image\/"},"sameAs":["https:\/\/www.instagram.com\/lindhaus_international\/","https:\/\/www.facebook.com\/Lindhaus","https:\/\/www.youtube.com\/user\/LindhausItaly","https:\/\/www.linkedin.com\/company\/lindhaus\/"]}]}},"_links":{"self":[{"href":"https:\/\/lindhaus.com\/es\/wp-json\/wp\/v2\/pages\/4816","targetHints":{"allow":["GET"]}}],"collection":[{"href":"https:\/\/lindhaus.com\/es\/wp-json\/wp\/v2\/pages"}],"about":[{"href":"https:\/\/lindhaus.com\/es\/wp-json\/wp\/v2\/types\/page"}],"author":[{"embeddable":true,"href":"https:\/\/lindhaus.com\/es\/wp-json\/wp\/v2\/users\/2"}],"replies":[{"embeddable":true,"href":"https:\/\/lindhaus.com\/es\/wp-json\/wp\/v2\/comments?post=4816"}],"version-history":[{"count":3,"href":"https:\/\/lindhaus.com\/es\/wp-json\/wp\/v2\/pages\/4816\/revisions"}],"predecessor-version":[{"id":9474,"href":"https:\/\/lindhaus.com\/es\/wp-json\/wp\/v2\/pages\/4816\/revisions\/9474"}],"wp:attachment":[{"href":"https:\/\/lindhaus.com\/es\/wp-json\/wp\/v2\/media?parent=4816"}],"curies":[{"name":"wp","href":"https:\/\/api.w.org\/{rel}","templated":true}]}}