{"id":4813,"date":"2025-10-07T16:03:36","date_gmt":"2025-10-07T14:03:36","guid":{"rendered":"https:\/\/lindhaus.it\/politica-de-cookies\/"},"modified":"2026-03-10T16:34:18","modified_gmt":"2026-03-10T15:34:18","slug":"politica-de-cookies","status":"publish","type":"page","link":"https:\/\/lindhaus.com\/es\/politica-de-cookies\/","title":{"rendered":"Pol\u00edtica de cookies"},"content":{"rendered":"<h1 id=\"docs-internal-guid-0ed79f98-7fff-af56-7aae-9520364f80c9\" dir=\"ltr\" style=\"line-height: 1.38; margin-top: 24pt; margin-bottom: 6pt;\">Pol\u00edtica de cookies<\/h1>\n<p dir=\"ltr\" style=\"line-height: 1.38; margin-top: 12pt; margin-bottom: 12pt;\"><span style=\"font-size: 11pt; font-family: Arial,sans-serif; color: #000000; background-color: transparent; font-weight: bold; font-style: normal; font-variant: normal; text-decoration: none; vertical-align: baseline; white-space: pre-wrap;\">Sitio web: www.lindhaus.com<\/span><\/p>\n<p dir=\"ltr\" style=\"line-height: 1.38; margin-top: 12pt; margin-bottom: 12pt;\"><span style=\"font-size: 11pt; font-family: Arial,sans-serif; color: #000000; background-color: transparent; font-weight: 400; font-style: normal; font-variant: normal; text-decoration: none; vertical-align: baseline; white-space: pre-wrap;\">\u00daltima actualizaci\u00f3n: Febrero 2026<\/span><\/p>\n<h2 dir=\"ltr\" style=\"line-height: 1.38; margin-top: 18pt; margin-bottom: 4pt;\"><span style=\"font-size: 17pt; font-family: Arial,sans-serif; color: #000000; background-color: transparent; font-weight: bold; font-style: normal; font-variant: normal; text-decoration: none; vertical-align: baseline; white-space: pre-wrap;\">1. \u00bfQu\u00e9 son las cookies?<\/span><\/h2>\n<h2 dir=\"ltr\" style=\"line-height: 1.38; margin-top: 18pt; margin-bottom: 4pt;\"><span style=\"font-size: 11pt; font-family: Arial,sans-serif; color: #000000; background-color: transparent; font-weight: 400; font-style: normal; font-variant: normal; text-decoration: none; vertical-align: baseline; white-space: pre-wrap;\">Las cookies son peque\u00f1os archivos de texto que los sitios web env\u00edan al dispositivo del usuario durante la navegaci\u00f3n.<\/span><\/h2>\n<h2 dir=\"ltr\" style=\"line-height: 1.38; margin-top: 18pt; margin-bottom: 4pt;\"><span style=\"font-size: 17pt; font-family: Arial,sans-serif; color: #000000; background-color: transparent; font-weight: bold; font-style: normal; font-variant: normal; text-decoration: none; vertical-align: baseline; white-space: pre-wrap;\">2. Tipos de cookies utilizadas<\/span><\/h2>\n<h2 dir=\"ltr\" style=\"line-height: 1.38; margin-top: 18pt; margin-bottom: 4pt;\"><span style=\"font-size: 11pt; font-family: Arial,sans-serif; color: #000000; background-color: transparent; font-weight: 400; font-style: normal; font-variant: normal; text-decoration: none; vertical-align: baseline; white-space: pre-wrap;\">El sitio web Lindhaus utiliza las siguientes categor\u00edas de cookies:<\/span><\/h2>\n<p><span style=\"font-size: 13pt; font-family: Arial,sans-serif; color: #000000; background-color: transparent; font-weight: bold; font-style: normal; font-variant: normal; text-decoration: none; vertical-align: baseline; white-space: pre-wrap;\">\u2705 Cookies t\u00e9cnicas (necesarias)<\/span><\/p>\n<p>Estas cookies son esenciales para el correcto funcionamiento del sitio web y no requieren el consentimiento del usuario.<br \/>Ejemplos:<\/p>\n<ul>\n<li dir=\"ltr\" style=\"line-height: 1.38;\" role=\"presentation\"><span style=\"font-size: 11pt; font-family: Arial,sans-serif; color: #000000; background-color: transparent; font-weight: 400; font-style: normal; font-variant: normal; text-decoration: none; vertical-align: baseline; white-space: pre-wrap;\">Cookies de sesi\u00f3n<\/span><\/li>\n<li dir=\"ltr\" style=\"line-height: 1.38;\" role=\"presentation\"><span style=\"font-size: 11pt; font-family: Arial,sans-serif; color: #000000; background-color: transparent; font-weight: 400; font-style: normal; font-variant: normal; text-decoration: none; vertical-align: baseline; white-space: pre-wrap;\">Cookies de preferencia de idioma<\/span><\/li>\n<li dir=\"ltr\" style=\"line-height: 1.38;\" role=\"presentation\"><span style=\"font-size: 11pt; font-family: Arial,sans-serif; color: #000000; background-color: transparent; font-weight: 400; font-style: normal; font-variant: normal; text-decoration: none; vertical-align: baseline; white-space: pre-wrap;\">Cookies de seguridad<\/span><\/li>\n<\/ul>\n<h3 dir=\"ltr\" style=\"line-height: 1.38; margin-top: 14pt; margin-bottom: 4pt;\"><span style=\"font-size: 13pt; font-family: Arial,sans-serif; color: #000000; background-color: transparent; font-weight: bold; font-style: normal; font-variant: normal; text-decoration: none; vertical-align: baseline; white-space: pre-wrap;\">\ud83d\udcca Cookies anal\u00edticas<\/span><\/h3>\n<h3 dir=\"ltr\" style=\"line-height: 1.38; margin-top: 14pt; margin-bottom: 4pt;\"><span style=\"font-size: 11pt; font-family: Arial,sans-serif; color: #000000; background-color: transparent; font-weight: 400; font-style: normal; font-variant: normal; text-decoration: none; vertical-align: baseline; white-space: pre-wrap;\">Estas cookies recopilan informaci\u00f3n estad\u00edstica de forma agregada para mejorar el rendimiento del sitio web.<br \/>El sitio puede utilizar: <\/span><\/h3>\n<ul>\n<li dir=\"ltr\" style=\"line-height: 1.38;\" role=\"presentation\"><span style=\"font-size: 11pt; font-family: Arial,sans-serif; color: #000000; background-color: transparent; font-weight: 400; font-style: normal; font-variant: normal; text-decoration: none; vertical-align: baseline; white-space: pre-wrap;\">Google Analytics 4 (con anonimizaci\u00f3n de IP, si est\u00e1 activada)<\/span><\/li>\n<\/ul>\n<h3 dir=\"ltr\" style=\"line-height: 1.38; margin-top: 14pt; margin-bottom: 4pt;\"><span style=\"font-size: 11pt; font-family: Arial,sans-serif; color: #000000; background-color: transparent; font-weight: 400; font-style: normal; font-variant: normal; text-decoration: none; vertical-align: baseline; white-space: pre-wrap;\">Si la anonimizaci\u00f3n no est\u00e1 activada, las cookies anal\u00edticas se instalar\u00e1n \u00fanicamente tras el consentimiento del usuario..<\/span><\/h3>\n<h3 dir=\"ltr\" style=\"line-height: 1.38; margin-top: 14pt; margin-bottom: 4pt;\"><span style=\"font-size: 13pt; font-family: Arial,sans-serif; color: #000000; background-color: transparent; font-weight: bold; font-style: normal; font-variant: normal; text-decoration: none; vertical-align: baseline; white-space: pre-wrap;\">\ud83c\udfaf Cookies de marketing \/ perfilado<\/span><\/h3>\n<h3 dir=\"ltr\" style=\"line-height: 1.38; margin-top: 14pt; margin-bottom: 4pt;\"><span style=\"font-size: 11pt; font-family: Arial,sans-serif; color: #000000; background-color: transparent; font-weight: 400; font-style: normal; font-variant: normal; text-decoration: none; vertical-align: baseline; white-space: pre-wrap;\">Estas cookies pueden utilizarse para:<\/span><\/h3>\n<ul>\n<li dir=\"ltr\" style=\"line-height: 1.38;\" role=\"presentation\"><span style=\"font-size: 11pt; font-family: Arial,sans-serif; color: #000000; background-color: transparent; font-weight: 400; font-style: normal; font-variant: normal; text-decoration: none; vertical-align: baseline; white-space: pre-wrap;\">Actividades de remarketing<\/span><\/li>\n<li dir=\"ltr\" style=\"line-height: 1.38;\" role=\"presentation\"><span style=\"font-size: 11pt; font-family: Arial,sans-serif; color: #000000; background-color: transparent; font-weight: 400; font-style: normal; font-variant: normal; text-decoration: none; vertical-align: baseline; white-space: pre-wrap;\">An\u00e1lisis del rendimiento de campa\u00f1as<\/span><\/li>\n<li dir=\"ltr\" style=\"line-height: 1.38;\" role=\"presentation\"><span style=\"font-size: 11pt; font-family: Arial,sans-serif; color: #000000; background-color: transparent; font-weight: 400; font-style: normal; font-variant: normal; text-decoration: none; vertical-align: baseline; white-space: pre-wrap;\">Seguimiento de conversiones<\/span><\/li>\n<\/ul>\n<h3 dir=\"ltr\" style=\"line-height: 1.38; margin-top: 14pt; margin-bottom: 4pt;\"><span style=\"font-size: 11pt; font-family: Arial,sans-serif; color: #000000; background-color: transparent; font-weight: 400; font-style: normal; font-variant: normal; text-decoration: none; vertical-align: baseline; white-space: pre-wrap;\">Herramientas posibles:<\/span><\/h3>\n<ul>\n<li dir=\"ltr\" style=\"line-height: 1.38;\" role=\"presentation\"><span style=\"font-size: 11pt; font-family: Arial,sans-serif; color: #000000; background-color: transparent; font-weight: 400; font-style: normal; font-variant: normal; text-decoration: none; vertical-align: baseline; white-space: pre-wrap;\">Meta Pixel<\/span><\/li>\n<li dir=\"ltr\" style=\"line-height: 1.38;\" role=\"presentation\"><span style=\"font-size: 11pt; font-family: Arial,sans-serif; color: #000000; background-color: transparent; font-weight: 400; font-style: normal; font-variant: normal; text-decoration: none; vertical-align: baseline; white-space: pre-wrap;\">LinkedIn Insight<\/span><\/li>\n<li dir=\"ltr\" style=\"line-height: 1.38;\" role=\"presentation\"><span style=\"font-size: 11pt; font-family: Arial,sans-serif; color: #000000; background-color: transparent; font-weight: 400; font-style: normal; font-variant: normal; text-decoration: none; vertical-align: baseline; white-space: pre-wrap;\">Tag<\/span><\/li>\n<\/ul>\n<h3 dir=\"ltr\" style=\"line-height: 1.38; margin-top: 14pt; margin-bottom: 4pt;\"><span style=\"font-size: 11pt; font-family: Arial,sans-serif; color: #000000; background-color: transparent; font-weight: 400; font-style: normal; font-variant: normal; text-decoration: none; vertical-align: baseline; white-space: pre-wrap;\">Estas cookies se instalan \u00fanicamente tras el consentimiento expl\u00edcito del usuario.<\/span><\/h3>\n<h2 dir=\"ltr\" style=\"line-height: 1.38; margin-top: 18pt; margin-bottom: 4pt;\"><span style=\"font-size: 17pt; font-family: Arial,sans-serif; color: #000000; background-color: transparent; font-weight: bold; font-style: normal; font-variant: normal; text-decoration: none; vertical-align: baseline; white-space: pre-wrap;\">3. Base jur\u00eddica<\/span><\/h2>\n<p dir=\"ltr\" style=\"line-height: 1.38; margin-top: 12pt; margin-bottom: 0pt;\" role=\"presentation\"><span style=\"font-size: 11pt; font-family: Arial,sans-serif; color: #000000; background-color: transparent; font-weight: 400; font-style: normal; font-variant: normal; text-decoration: none; vertical-align: baseline; white-space: pre-wrap;\">Cookies t\u00e9cnicas: inter\u00e9s leg\u00edtimo<\/span><\/p>\n<p dir=\"ltr\" style=\"line-height: 1.38; margin-top: 12pt; margin-bottom: 0pt;\" role=\"presentation\">Cookies anal\u00edticas y de marketing: consentimiento del usuario<\/p>\n<h2 dir=\"ltr\" role=\"presentation\"><strong>4. Gesti\u00f3n del consentimiento<\/strong><\/h2>\n<p dir=\"ltr\" role=\"presentation\"><span style=\"font-size: 11pt; font-family: Arial,sans-serif; color: #000000; background-color: transparent; font-weight: 400; font-style: normal; font-variant: normal; text-decoration: none; vertical-align: baseline; white-space: pre-wrap;\">En la primera visita, el usuario puede:<\/span><\/p>\n<ul>\n<li dir=\"ltr\" style=\"line-height: 1.38;\" role=\"presentation\"><span style=\"font-size: 11pt; font-family: Arial,sans-serif; color: #000000; background-color: transparent; font-weight: 400; font-style: normal; font-variant: normal; text-decoration: none; vertical-align: baseline; white-space: pre-wrap;\">Aceptar todas las cookies<\/span><\/li>\n<li dir=\"ltr\" style=\"line-height: 1.38;\" role=\"presentation\">Rechazar las cookies no esenciales<\/li>\n<li dir=\"ltr\" style=\"line-height: 1.38;\" role=\"presentation\">Personalizar sus preferencias<\/li>\n<\/ul>\n<h2 dir=\"ltr\" style=\"line-height: 1.38; margin-top: 18pt; margin-bottom: 4pt;\"><span style=\"font-size: 11pt; font-family: Arial,sans-serif; color: #000000; background-color: transparent; font-weight: 400; font-style: normal; font-variant: normal; text-decoration: none; vertical-align: baseline; white-space: pre-wrap;\">El consentimiento puede modificarse en cualquier momento a trav\u00e9s del enlace \u201cPreferencias de cookies\u201d disponible en el pie de p\u00e1gina del sitio web.<\/span><\/h2>\n<h2 dir=\"ltr\" style=\"line-height: 1.38; margin-top: 18pt; margin-bottom: 4pt;\"><span style=\"font-size: 17pt; font-family: Arial,sans-serif; color: #000000; background-color: transparent; font-weight: bold; font-style: normal; font-variant: normal; text-decoration: none; vertical-align: baseline; white-space: pre-wrap;\">5. Duraci\u00f3n de las cookies<\/span><\/h2>\n<p dir=\"ltr\" style=\"line-height: 1.38; margin-top: 18pt; margin-bottom: 4pt;\"><span style=\"font-size: 11pt; font-family: Arial,sans-serif; color: #000000; background-color: transparent; font-weight: 400; font-style: normal; font-variant: normal; text-decoration: none; vertical-align: baseline; white-space: pre-wrap;\">La duraci\u00f3n var\u00eda seg\u00fan el tipo:<\/span><\/p>\n<ul>\n<li><span style=\"font-size: 11pt; font-family: Arial,sans-serif; color: #000000; background-color: transparent; font-weight: 400; font-style: normal; font-variant: normal; text-decoration: none; vertical-align: baseline; white-space: pre-wrap;\">Cookies de sesi\u00f3n: se eliminan al cerrar el navegador<\/span><\/li>\n<li>Cookies persistentes: hasta 24 meses<\/li>\n<\/ul>\n<h2 dir=\"ltr\" style=\"line-height: 1.38; margin-top: 18pt; margin-bottom: 4pt;\"><span style=\"font-size: 17pt; font-family: Arial,sans-serif; color: #000000; background-color: transparent; font-weight: bold; font-style: normal; font-variant: normal; text-decoration: none; vertical-align: baseline; white-space: pre-wrap;\">6. Gesti\u00f3n desde el navegador<\/span><\/h2>\n<h2 dir=\"ltr\" style=\"line-height: 1.38; margin-top: 18pt; margin-bottom: 4pt;\"><span style=\"font-size: 11pt; font-family: Arial,sans-serif; color: #000000; background-color: transparent; font-weight: 400; font-style: normal; font-variant: normal; text-decoration: none; vertical-align: baseline; white-space: pre-wrap;\">El usuario puede gestionar o desactivar las cookies directamente desde la configuraci\u00f3n de su navegador.<\/span><\/h2>\n<h2 dir=\"ltr\" style=\"line-height: 1.38; margin-top: 18pt; margin-bottom: 4pt;\"><span style=\"font-size: 17pt; font-family: Arial,sans-serif; color: #000000; background-color: transparent; font-weight: bold; font-style: normal; font-variant: normal; text-decoration: none; vertical-align: baseline; white-space: pre-wrap;\">7. Responsable del tratamiento<\/span><\/h2>\n<h2 dir=\"ltr\" style=\"line-height: 1.38; margin-top: 18pt; margin-bottom: 4pt;\"><span style=\"font-size: 11pt; font-family: Arial,sans-serif; color: #000000; background-color: transparent; font-weight: 400; font-style: normal; font-variant: normal; text-decoration: none; vertical-align: baseline; white-space: pre-wrap;\">Lindhaus S.r.l.<\/span><\/h2>\n<h2 dir=\"ltr\" style=\"line-height: 1.38; margin-top: 18pt; margin-bottom: 4pt;\"><span style=\"font-size: 11pt; font-family: Arial,sans-serif; color: #000000; background-color: transparent; font-weight: 400; font-style: normal; font-variant: normal; text-decoration: none; vertical-align: baseline; white-space: pre-wrap;\">Email: vacuum@lindhaus.it<\/span><\/h2>\n<p dir=\"ltr\" style=\"line-height: 1.38; margin-top: 0pt; margin-bottom: 0pt;\">\n\n<p><\/p>\n","protected":false},"excerpt":{"rendered":"<p>Pol\u00edtica de cookies Sitio web: www.lindhaus.com \u00daltima actualizaci\u00f3n: Febrero 2026 1. \u00bfQu\u00e9 son las cookies? Las cookies son peque\u00f1os archivos de texto que los sitios web env\u00edan al dispositivo del usuario durante la navegaci\u00f3n. 2. Tipos de cookies utilizadas El sitio web Lindhaus utiliza las siguientes categor\u00edas de cookies: \u2705 Cookies t\u00e9cnicas (necesarias) Estas cookies [&hellip;]<\/p>\n","protected":false},"author":2,"featured_media":0,"parent":0,"menu_order":0,"comment_status":"closed","ping_status":"closed","template":"","meta":{"_acf_changed":false,"footnotes":""},"class_list":["post-4813","page","type-page","status-publish","hentry"],"acf":[],"yoast_head":"<!-- This site is optimized with the Yoast SEO plugin v27.3 - https:\/\/yoast.com\/product\/yoast-seo-wordpress\/ -->\n<title>Pol\u00edtica de cookies - Lindhaus<\/title>\n<meta name=\"robots\" content=\"index, follow, max-snippet:-1, max-image-preview:large, max-video-preview:-1\" \/>\n<link rel=\"canonical\" href=\"https:\/\/lindhaus.com\/es\/politica-de-cookies\/\" \/>\n<meta property=\"og:locale\" content=\"es_ES\" \/>\n<meta property=\"og:type\" content=\"article\" \/>\n<meta property=\"og:title\" content=\"Pol\u00edtica de cookies - Lindhaus\" \/>\n<meta property=\"og:description\" content=\"Pol\u00edtica de cookies Sitio web: www.lindhaus.com \u00daltima actualizaci\u00f3n: Febrero 2026 1. \u00bfQu\u00e9 son las cookies? Las cookies son peque\u00f1os archivos de texto que los sitios web env\u00edan al dispositivo del usuario durante la navegaci\u00f3n. 2. Tipos de cookies utilizadas El sitio web Lindhaus utiliza las siguientes categor\u00edas de cookies: \u2705 Cookies t\u00e9cnicas (necesarias) Estas cookies [&hellip;]\" \/>\n<meta property=\"og:url\" content=\"https:\/\/lindhaus.com\/es\/politica-de-cookies\/\" \/>\n<meta property=\"og:site_name\" content=\"Lindhaus\" \/>\n<meta property=\"article:publisher\" content=\"https:\/\/www.facebook.com\/Lindhaus\" \/>\n<meta property=\"article:modified_time\" content=\"2026-03-10T15:34:18+00:00\" \/>\n<meta name=\"twitter:card\" content=\"summary_large_image\" \/>\n<meta name=\"twitter:label1\" content=\"Tiempo de lectura\" \/>\n\t<meta name=\"twitter:data1\" content=\"2 minutos\" \/>\n<script type=\"application\/ld+json\" class=\"yoast-schema-graph\">{\"@context\":\"https:\\\/\\\/schema.org\",\"@graph\":[{\"@type\":\"WebPage\",\"@id\":\"https:\\\/\\\/lindhaus.com\\\/es\\\/politica-de-cookies\\\/\",\"url\":\"https:\\\/\\\/lindhaus.com\\\/es\\\/politica-de-cookies\\\/\",\"name\":\"Pol\u00edtica de cookies - Lindhaus\",\"isPartOf\":{\"@id\":\"https:\\\/\\\/lindhaus.com\\\/es\\\/#website\"},\"datePublished\":\"2025-10-07T14:03:36+00:00\",\"dateModified\":\"2026-03-10T15:34:18+00:00\",\"breadcrumb\":{\"@id\":\"https:\\\/\\\/lindhaus.com\\\/es\\\/politica-de-cookies\\\/#breadcrumb\"},\"inLanguage\":\"es\",\"potentialAction\":[{\"@type\":\"ReadAction\",\"target\":[\"https:\\\/\\\/lindhaus.com\\\/es\\\/politica-de-cookies\\\/\"]}]},{\"@type\":\"BreadcrumbList\",\"@id\":\"https:\\\/\\\/lindhaus.com\\\/es\\\/politica-de-cookies\\\/#breadcrumb\",\"itemListElement\":[{\"@type\":\"ListItem\",\"position\":1,\"name\":\"Home\",\"item\":\"https:\\\/\\\/lindhaus.com\\\/es\\\/\"},{\"@type\":\"ListItem\",\"position\":2,\"name\":\"Pol\u00edtica de cookies\"}]},{\"@type\":\"WebSite\",\"@id\":\"https:\\\/\\\/lindhaus.com\\\/es\\\/#website\",\"url\":\"https:\\\/\\\/lindhaus.com\\\/es\\\/\",\"name\":\"Lindhaus\",\"description\":\"\",\"publisher\":{\"@id\":\"https:\\\/\\\/lindhaus.com\\\/es\\\/#organization\"},\"potentialAction\":[{\"@type\":\"SearchAction\",\"target\":{\"@type\":\"EntryPoint\",\"urlTemplate\":\"https:\\\/\\\/lindhaus.com\\\/es\\\/?s={search_term_string}\"},\"query-input\":{\"@type\":\"PropertyValueSpecification\",\"valueRequired\":true,\"valueName\":\"search_term_string\"}}],\"inLanguage\":\"es\"},{\"@type\":\"Organization\",\"@id\":\"https:\\\/\\\/lindhaus.com\\\/es\\\/#organization\",\"name\":\"Lindhaus\",\"url\":\"https:\\\/\\\/lindhaus.com\\\/es\\\/\",\"logo\":{\"@type\":\"ImageObject\",\"inLanguage\":\"es\",\"@id\":\"https:\\\/\\\/lindhaus.com\\\/es\\\/#\\\/schema\\\/logo\\\/image\\\/\",\"url\":\"https:\\\/\\\/lindhaus.com\\\/wp-content\\\/uploads\\\/2025\\\/09\\\/cropped-logo-lindhaus-1-e1758115992432.webp\",\"contentUrl\":\"https:\\\/\\\/lindhaus.com\\\/wp-content\\\/uploads\\\/2025\\\/09\\\/cropped-logo-lindhaus-1-e1758115992432.webp\",\"width\":250,\"height\":51,\"caption\":\"Lindhaus\"},\"image\":{\"@id\":\"https:\\\/\\\/lindhaus.com\\\/es\\\/#\\\/schema\\\/logo\\\/image\\\/\"},\"sameAs\":[\"https:\\\/\\\/www.instagram.com\\\/lindhaus_international\\\/\",\"https:\\\/\\\/www.facebook.com\\\/Lindhaus\",\"https:\\\/\\\/www.youtube.com\\\/user\\\/LindhausItaly\",\"https:\\\/\\\/www.linkedin.com\\\/company\\\/lindhaus\\\/\"]}]}<\/script>\n<!-- \/ Yoast SEO plugin. -->","yoast_head_json":{"title":"Pol\u00edtica de cookies - Lindhaus","robots":{"index":"index","follow":"follow","max-snippet":"max-snippet:-1","max-image-preview":"max-image-preview:large","max-video-preview":"max-video-preview:-1"},"canonical":"https:\/\/lindhaus.com\/es\/politica-de-cookies\/","og_locale":"es_ES","og_type":"article","og_title":"Pol\u00edtica de cookies - Lindhaus","og_description":"Pol\u00edtica de cookies Sitio web: www.lindhaus.com \u00daltima actualizaci\u00f3n: Febrero 2026 1. \u00bfQu\u00e9 son las cookies? Las cookies son peque\u00f1os archivos de texto que los sitios web env\u00edan al dispositivo del usuario durante la navegaci\u00f3n. 2. Tipos de cookies utilizadas El sitio web Lindhaus utiliza las siguientes categor\u00edas de cookies: \u2705 Cookies t\u00e9cnicas (necesarias) Estas cookies [&hellip;]","og_url":"https:\/\/lindhaus.com\/es\/politica-de-cookies\/","og_site_name":"Lindhaus","article_publisher":"https:\/\/www.facebook.com\/Lindhaus","article_modified_time":"2026-03-10T15:34:18+00:00","twitter_card":"summary_large_image","twitter_misc":{"Tiempo de lectura":"2 minutos"},"schema":{"@context":"https:\/\/schema.org","@graph":[{"@type":"WebPage","@id":"https:\/\/lindhaus.com\/es\/politica-de-cookies\/","url":"https:\/\/lindhaus.com\/es\/politica-de-cookies\/","name":"Pol\u00edtica de cookies - Lindhaus","isPartOf":{"@id":"https:\/\/lindhaus.com\/es\/#website"},"datePublished":"2025-10-07T14:03:36+00:00","dateModified":"2026-03-10T15:34:18+00:00","breadcrumb":{"@id":"https:\/\/lindhaus.com\/es\/politica-de-cookies\/#breadcrumb"},"inLanguage":"es","potentialAction":[{"@type":"ReadAction","target":["https:\/\/lindhaus.com\/es\/politica-de-cookies\/"]}]},{"@type":"BreadcrumbList","@id":"https:\/\/lindhaus.com\/es\/politica-de-cookies\/#breadcrumb","itemListElement":[{"@type":"ListItem","position":1,"name":"Home","item":"https:\/\/lindhaus.com\/es\/"},{"@type":"ListItem","position":2,"name":"Pol\u00edtica de cookies"}]},{"@type":"WebSite","@id":"https:\/\/lindhaus.com\/es\/#website","url":"https:\/\/lindhaus.com\/es\/","name":"Lindhaus","description":"","publisher":{"@id":"https:\/\/lindhaus.com\/es\/#organization"},"potentialAction":[{"@type":"SearchAction","target":{"@type":"EntryPoint","urlTemplate":"https:\/\/lindhaus.com\/es\/?s={search_term_string}"},"query-input":{"@type":"PropertyValueSpecification","valueRequired":true,"valueName":"search_term_string"}}],"inLanguage":"es"},{"@type":"Organization","@id":"https:\/\/lindhaus.com\/es\/#organization","name":"Lindhaus","url":"https:\/\/lindhaus.com\/es\/","logo":{"@type":"ImageObject","inLanguage":"es","@id":"https:\/\/lindhaus.com\/es\/#\/schema\/logo\/image\/","url":"https:\/\/lindhaus.com\/wp-content\/uploads\/2025\/09\/cropped-logo-lindhaus-1-e1758115992432.webp","contentUrl":"https:\/\/lindhaus.com\/wp-content\/uploads\/2025\/09\/cropped-logo-lindhaus-1-e1758115992432.webp","width":250,"height":51,"caption":"Lindhaus"},"image":{"@id":"https:\/\/lindhaus.com\/es\/#\/schema\/logo\/image\/"},"sameAs":["https:\/\/www.instagram.com\/lindhaus_international\/","https:\/\/www.facebook.com\/Lindhaus","https:\/\/www.youtube.com\/user\/LindhausItaly","https:\/\/www.linkedin.com\/company\/lindhaus\/"]}]}},"_links":{"self":[{"href":"https:\/\/lindhaus.com\/es\/wp-json\/wp\/v2\/pages\/4813","targetHints":{"allow":["GET"]}}],"collection":[{"href":"https:\/\/lindhaus.com\/es\/wp-json\/wp\/v2\/pages"}],"about":[{"href":"https:\/\/lindhaus.com\/es\/wp-json\/wp\/v2\/types\/page"}],"author":[{"embeddable":true,"href":"https:\/\/lindhaus.com\/es\/wp-json\/wp\/v2\/users\/2"}],"replies":[{"embeddable":true,"href":"https:\/\/lindhaus.com\/es\/wp-json\/wp\/v2\/comments?post=4813"}],"version-history":[{"count":2,"href":"https:\/\/lindhaus.com\/es\/wp-json\/wp\/v2\/pages\/4813\/revisions"}],"predecessor-version":[{"id":11150,"href":"https:\/\/lindhaus.com\/es\/wp-json\/wp\/v2\/pages\/4813\/revisions\/11150"}],"wp:attachment":[{"href":"https:\/\/lindhaus.com\/es\/wp-json\/wp\/v2\/media?parent=4813"}],"curies":[{"name":"wp","href":"https:\/\/api.w.org\/{rel}","templated":true}]}}