{"id":4661,"date":"2025-09-26T18:21:50","date_gmt":"2025-09-26T16:21:50","guid":{"rendered":"https:\/\/lindhaus.it\/trabaja-con-nosotros\/"},"modified":"2026-02-10T15:33:33","modified_gmt":"2026-02-10T14:33:33","slug":"trabaja-con-nosotros","status":"publish","type":"page","link":"https:\/\/lindhaus.com\/es\/trabaja-con-nosotros\/","title":{"rendered":"Trabaja con nosotros"},"content":{"rendered":"<h3 data-start=\"229\" data-end=\"256\"><strong data-start=\"233\" data-end=\"256\">Crece con Lindhaus<\/strong><\/h3>\n<p data-start=\"257\" data-end=\"575\">Desde hace m\u00e1s de cuarenta a\u00f1os, <strong data-start=\"279\" data-end=\"291\">Lindhaus<\/strong> dise\u00f1a y fabrica en Italia m\u00e1quinas de limpieza profesional y dom\u00e9stica, reconocidas en todo el mundo por su <strong data-start=\"407\" data-end=\"446\">calidad, innovaci\u00f3n y fiabilidad<\/strong>.<br data-start=\"447\" data-end=\"450\">Somos una empresa s\u00f3lida, orientada hacia la tecnolog\u00eda y la excelencia, que invierte continuamente en investigaci\u00f3n y personas.<\/p>\n<p data-start=\"577\" data-end=\"741\">Unirse a Lindhaus significa formar parte de un equipo din\u00e1mico e internacional, donde la competencia, la pasi\u00f3n y el esp\u00edritu de colaboraci\u00f3n son la base de todo \u00e9xito.<\/p>\n<p data-start=\"577\" data-end=\"741\">descubre los <strong data-start=\"873\" data-end=\"893\">puestos vacantes<\/strong> a continuaci\u00f3n o env\u00edanos tu candidatura espont\u00e1nea.<\/p>\n<p>\u00a1\u00danete a nuestro equipo!<\/p>\n<p>La innovaci\u00f3n, la calidad y la pasi\u00f3n impulsan cada uno de nuestros proyectos: descubre <strong data-start=\"391\" data-end=\"411\">los puestos vacantes<\/strong> y construye tu futuro con nosotros.<\/p>\n<h3>Empleo en Lindhaus<\/h3>\n<p>Rellena el formulario de solicitud y env\u00edanos tu CV.<\/p>\n<p>\t\t\t\t\t\t\t\t<a role=\"button\"><br \/>\n\t\t\t\t\t\t\t\t\tVer pol\u00edtica de privacidad<br \/>\n\t\t\t\t\t<\/a><\/p>\n","protected":false},"excerpt":{"rendered":"<p>Crece con Lindhaus Desde hace m\u00e1s de cuarenta a\u00f1os, Lindhaus dise\u00f1a y fabrica en Italia m\u00e1quinas de limpieza profesional y dom\u00e9stica, reconocidas en todo el mundo por su calidad, innovaci\u00f3n y fiabilidad.Somos una empresa s\u00f3lida, orientada hacia la tecnolog\u00eda y la excelencia, que invierte continuamente en investigaci\u00f3n y personas. Unirse a Lindhaus significa formar parte [&hellip;]<\/p>\n","protected":false},"author":2,"featured_media":4662,"parent":0,"menu_order":0,"comment_status":"closed","ping_status":"closed","template":"","meta":{"_acf_changed":false,"footnotes":""},"class_list":["post-4661","page","type-page","status-publish","has-post-thumbnail","hentry"],"acf":[],"yoast_head":"<!-- This site is optimized with the Yoast SEO plugin v27.3 - https:\/\/yoast.com\/product\/yoast-seo-wordpress\/ -->\n<title>Trabaja con nosotros - Lindhaus<\/title>\n<meta name=\"robots\" content=\"index, follow, max-snippet:-1, max-image-preview:large, max-video-preview:-1\" \/>\n<link rel=\"canonical\" href=\"https:\/\/lindhaus.com\/es\/trabaja-con-nosotros\/\" \/>\n<meta property=\"og:locale\" content=\"es_ES\" \/>\n<meta property=\"og:type\" content=\"article\" \/>\n<meta property=\"og:title\" content=\"Trabaja con nosotros - Lindhaus\" \/>\n<meta property=\"og:description\" content=\"Crece con Lindhaus Desde hace m\u00e1s de cuarenta a\u00f1os, Lindhaus dise\u00f1a y fabrica en Italia m\u00e1quinas de limpieza profesional y dom\u00e9stica, reconocidas en todo el mundo por su calidad, innovaci\u00f3n y fiabilidad.Somos una empresa s\u00f3lida, orientada hacia la tecnolog\u00eda y la excelencia, que invierte continuamente en investigaci\u00f3n y personas. Unirse a Lindhaus significa formar parte [&hellip;]\" \/>\n<meta property=\"og:url\" content=\"https:\/\/lindhaus.com\/es\/trabaja-con-nosotros\/\" \/>\n<meta property=\"og:site_name\" content=\"Lindhaus\" \/>\n<meta property=\"article:publisher\" content=\"https:\/\/www.facebook.com\/Lindhaus\" \/>\n<meta property=\"article:modified_time\" content=\"2026-02-10T14:33:33+00:00\" \/>\n<meta property=\"og:image\" content=\"https:\/\/lindhaus.com\/wp-content\/uploads\/2025\/09\/lindhaus-lavora-con-noi.webp\" \/>\n\t<meta property=\"og:image:width\" content=\"1\" \/>\n\t<meta property=\"og:image:height\" content=\"1\" \/>\n\t<meta property=\"og:image:type\" content=\"image\/jpeg\" \/>\n<meta name=\"twitter:card\" content=\"summary_large_image\" \/>\n<meta name=\"twitter:label1\" content=\"Tiempo de lectura\" \/>\n\t<meta name=\"twitter:data1\" content=\"1 minuto\" \/>\n<script type=\"application\/ld+json\" class=\"yoast-schema-graph\">{\"@context\":\"https:\\\/\\\/schema.org\",\"@graph\":[{\"@type\":\"WebPage\",\"@id\":\"https:\\\/\\\/lindhaus.com\\\/es\\\/trabaja-con-nosotros\\\/\",\"url\":\"https:\\\/\\\/lindhaus.com\\\/es\\\/trabaja-con-nosotros\\\/\",\"name\":\"Trabaja con nosotros - Lindhaus\",\"isPartOf\":{\"@id\":\"https:\\\/\\\/lindhaus.com\\\/es\\\/#website\"},\"primaryImageOfPage\":{\"@id\":\"https:\\\/\\\/lindhaus.com\\\/es\\\/trabaja-con-nosotros\\\/#primaryimage\"},\"image\":{\"@id\":\"https:\\\/\\\/lindhaus.com\\\/es\\\/trabaja-con-nosotros\\\/#primaryimage\"},\"thumbnailUrl\":\"https:\\\/\\\/lindhaus.com\\\/wp-content\\\/uploads\\\/2025\\\/09\\\/lindhaus-lavora-con-noi.webp\",\"datePublished\":\"2025-09-26T16:21:50+00:00\",\"dateModified\":\"2026-02-10T14:33:33+00:00\",\"breadcrumb\":{\"@id\":\"https:\\\/\\\/lindhaus.com\\\/es\\\/trabaja-con-nosotros\\\/#breadcrumb\"},\"inLanguage\":\"es\",\"potentialAction\":[{\"@type\":\"ReadAction\",\"target\":[\"https:\\\/\\\/lindhaus.com\\\/es\\\/trabaja-con-nosotros\\\/\"]}]},{\"@type\":\"ImageObject\",\"inLanguage\":\"es\",\"@id\":\"https:\\\/\\\/lindhaus.com\\\/es\\\/trabaja-con-nosotros\\\/#primaryimage\",\"url\":\"https:\\\/\\\/lindhaus.com\\\/wp-content\\\/uploads\\\/2025\\\/09\\\/lindhaus-lavora-con-noi.webp\",\"contentUrl\":\"https:\\\/\\\/lindhaus.com\\\/wp-content\\\/uploads\\\/2025\\\/09\\\/lindhaus-lavora-con-noi.webp\"},{\"@type\":\"BreadcrumbList\",\"@id\":\"https:\\\/\\\/lindhaus.com\\\/es\\\/trabaja-con-nosotros\\\/#breadcrumb\",\"itemListElement\":[{\"@type\":\"ListItem\",\"position\":1,\"name\":\"Home\",\"item\":\"https:\\\/\\\/lindhaus.com\\\/es\\\/\"},{\"@type\":\"ListItem\",\"position\":2,\"name\":\"Trabaja con nosotros\"}]},{\"@type\":\"WebSite\",\"@id\":\"https:\\\/\\\/lindhaus.com\\\/es\\\/#website\",\"url\":\"https:\\\/\\\/lindhaus.com\\\/es\\\/\",\"name\":\"Lindhaus\",\"description\":\"\",\"publisher\":{\"@id\":\"https:\\\/\\\/lindhaus.com\\\/es\\\/#organization\"},\"potentialAction\":[{\"@type\":\"SearchAction\",\"target\":{\"@type\":\"EntryPoint\",\"urlTemplate\":\"https:\\\/\\\/lindhaus.com\\\/es\\\/?s={search_term_string}\"},\"query-input\":{\"@type\":\"PropertyValueSpecification\",\"valueRequired\":true,\"valueName\":\"search_term_string\"}}],\"inLanguage\":\"es\"},{\"@type\":\"Organization\",\"@id\":\"https:\\\/\\\/lindhaus.com\\\/es\\\/#organization\",\"name\":\"Lindhaus\",\"url\":\"https:\\\/\\\/lindhaus.com\\\/es\\\/\",\"logo\":{\"@type\":\"ImageObject\",\"inLanguage\":\"es\",\"@id\":\"https:\\\/\\\/lindhaus.com\\\/es\\\/#\\\/schema\\\/logo\\\/image\\\/\",\"url\":\"https:\\\/\\\/lindhaus.com\\\/wp-content\\\/uploads\\\/2025\\\/09\\\/cropped-logo-lindhaus-1-e1758115992432.webp\",\"contentUrl\":\"https:\\\/\\\/lindhaus.com\\\/wp-content\\\/uploads\\\/2025\\\/09\\\/cropped-logo-lindhaus-1-e1758115992432.webp\",\"width\":250,\"height\":51,\"caption\":\"Lindhaus\"},\"image\":{\"@id\":\"https:\\\/\\\/lindhaus.com\\\/es\\\/#\\\/schema\\\/logo\\\/image\\\/\"},\"sameAs\":[\"https:\\\/\\\/www.instagram.com\\\/lindhaus_international\\\/\",\"https:\\\/\\\/www.facebook.com\\\/Lindhaus\",\"https:\\\/\\\/www.youtube.com\\\/user\\\/LindhausItaly\",\"https:\\\/\\\/www.linkedin.com\\\/company\\\/lindhaus\\\/\"]}]}<\/script>\n<!-- \/ Yoast SEO plugin. -->","yoast_head_json":{"title":"Trabaja con nosotros - Lindhaus","robots":{"index":"index","follow":"follow","max-snippet":"max-snippet:-1","max-image-preview":"max-image-preview:large","max-video-preview":"max-video-preview:-1"},"canonical":"https:\/\/lindhaus.com\/es\/trabaja-con-nosotros\/","og_locale":"es_ES","og_type":"article","og_title":"Trabaja con nosotros - Lindhaus","og_description":"Crece con Lindhaus Desde hace m\u00e1s de cuarenta a\u00f1os, Lindhaus dise\u00f1a y fabrica en Italia m\u00e1quinas de limpieza profesional y dom\u00e9stica, reconocidas en todo el mundo por su calidad, innovaci\u00f3n y fiabilidad.Somos una empresa s\u00f3lida, orientada hacia la tecnolog\u00eda y la excelencia, que invierte continuamente en investigaci\u00f3n y personas. Unirse a Lindhaus significa formar parte [&hellip;]","og_url":"https:\/\/lindhaus.com\/es\/trabaja-con-nosotros\/","og_site_name":"Lindhaus","article_publisher":"https:\/\/www.facebook.com\/Lindhaus","article_modified_time":"2026-02-10T14:33:33+00:00","og_image":[{"url":"https:\/\/lindhaus.com\/wp-content\/uploads\/2025\/09\/lindhaus-lavora-con-noi.webp","width":1,"height":1,"type":"image\/jpeg"}],"twitter_card":"summary_large_image","twitter_misc":{"Tiempo de lectura":"1 minuto"},"schema":{"@context":"https:\/\/schema.org","@graph":[{"@type":"WebPage","@id":"https:\/\/lindhaus.com\/es\/trabaja-con-nosotros\/","url":"https:\/\/lindhaus.com\/es\/trabaja-con-nosotros\/","name":"Trabaja con nosotros - Lindhaus","isPartOf":{"@id":"https:\/\/lindhaus.com\/es\/#website"},"primaryImageOfPage":{"@id":"https:\/\/lindhaus.com\/es\/trabaja-con-nosotros\/#primaryimage"},"image":{"@id":"https:\/\/lindhaus.com\/es\/trabaja-con-nosotros\/#primaryimage"},"thumbnailUrl":"https:\/\/lindhaus.com\/wp-content\/uploads\/2025\/09\/lindhaus-lavora-con-noi.webp","datePublished":"2025-09-26T16:21:50+00:00","dateModified":"2026-02-10T14:33:33+00:00","breadcrumb":{"@id":"https:\/\/lindhaus.com\/es\/trabaja-con-nosotros\/#breadcrumb"},"inLanguage":"es","potentialAction":[{"@type":"ReadAction","target":["https:\/\/lindhaus.com\/es\/trabaja-con-nosotros\/"]}]},{"@type":"ImageObject","inLanguage":"es","@id":"https:\/\/lindhaus.com\/es\/trabaja-con-nosotros\/#primaryimage","url":"https:\/\/lindhaus.com\/wp-content\/uploads\/2025\/09\/lindhaus-lavora-con-noi.webp","contentUrl":"https:\/\/lindhaus.com\/wp-content\/uploads\/2025\/09\/lindhaus-lavora-con-noi.webp"},{"@type":"BreadcrumbList","@id":"https:\/\/lindhaus.com\/es\/trabaja-con-nosotros\/#breadcrumb","itemListElement":[{"@type":"ListItem","position":1,"name":"Home","item":"https:\/\/lindhaus.com\/es\/"},{"@type":"ListItem","position":2,"name":"Trabaja con nosotros"}]},{"@type":"WebSite","@id":"https:\/\/lindhaus.com\/es\/#website","url":"https:\/\/lindhaus.com\/es\/","name":"Lindhaus","description":"","publisher":{"@id":"https:\/\/lindhaus.com\/es\/#organization"},"potentialAction":[{"@type":"SearchAction","target":{"@type":"EntryPoint","urlTemplate":"https:\/\/lindhaus.com\/es\/?s={search_term_string}"},"query-input":{"@type":"PropertyValueSpecification","valueRequired":true,"valueName":"search_term_string"}}],"inLanguage":"es"},{"@type":"Organization","@id":"https:\/\/lindhaus.com\/es\/#organization","name":"Lindhaus","url":"https:\/\/lindhaus.com\/es\/","logo":{"@type":"ImageObject","inLanguage":"es","@id":"https:\/\/lindhaus.com\/es\/#\/schema\/logo\/image\/","url":"https:\/\/lindhaus.com\/wp-content\/uploads\/2025\/09\/cropped-logo-lindhaus-1-e1758115992432.webp","contentUrl":"https:\/\/lindhaus.com\/wp-content\/uploads\/2025\/09\/cropped-logo-lindhaus-1-e1758115992432.webp","width":250,"height":51,"caption":"Lindhaus"},"image":{"@id":"https:\/\/lindhaus.com\/es\/#\/schema\/logo\/image\/"},"sameAs":["https:\/\/www.instagram.com\/lindhaus_international\/","https:\/\/www.facebook.com\/Lindhaus","https:\/\/www.youtube.com\/user\/LindhausItaly","https:\/\/www.linkedin.com\/company\/lindhaus\/"]}]}},"_links":{"self":[{"href":"https:\/\/lindhaus.com\/es\/wp-json\/wp\/v2\/pages\/4661","targetHints":{"allow":["GET"]}}],"collection":[{"href":"https:\/\/lindhaus.com\/es\/wp-json\/wp\/v2\/pages"}],"about":[{"href":"https:\/\/lindhaus.com\/es\/wp-json\/wp\/v2\/types\/page"}],"author":[{"embeddable":true,"href":"https:\/\/lindhaus.com\/es\/wp-json\/wp\/v2\/users\/2"}],"replies":[{"embeddable":true,"href":"https:\/\/lindhaus.com\/es\/wp-json\/wp\/v2\/comments?post=4661"}],"version-history":[{"count":1,"href":"https:\/\/lindhaus.com\/es\/wp-json\/wp\/v2\/pages\/4661\/revisions"}],"predecessor-version":[{"id":4666,"href":"https:\/\/lindhaus.com\/es\/wp-json\/wp\/v2\/pages\/4661\/revisions\/4666"}],"wp:featuredmedia":[{"embeddable":true,"href":"https:\/\/lindhaus.com\/es\/wp-json\/wp\/v2\/media\/4662"}],"wp:attachment":[{"href":"https:\/\/lindhaus.com\/es\/wp-json\/wp\/v2\/media?parent=4661"}],"curies":[{"name":"wp","href":"https:\/\/api.w.org\/{rel}","templated":true}]}}