{"id":4627,"date":"2025-09-17T17:09:23","date_gmt":"2025-09-17T15:09:23","guid":{"rendered":"https:\/\/lindhaus.it\/inicio\/"},"modified":"2026-03-04T10:35:04","modified_gmt":"2026-03-04T09:35:04","slug":"inicio","status":"publish","type":"page","link":"https:\/\/lindhaus.com\/es\/","title":{"rendered":"Inicio"},"content":{"rendered":"<h3>EN EL CORAZ\u00d3N DE LA LIMPIEZA<\/h3>\n<h1>M\u00e1quinas profesionales de limpieza de interiores, dise\u00f1adas y fabricadas en Italia para durar.<\/h1>\n<p>\t\t\t\t\t\t\t\t\t\t<a role=\"button\"><br \/>\n\t\t\t\t\t\t\t\t\tLa gama Lindhaus<br \/>\n\t\t\t\t\t<\/a><br \/>\n\t\t\t\t\t\t\t\t\t\t\t\t\t\t<a role=\"button\"><br \/>\n\t\t\t\t\t\t\t\t\tVer la gama Lindhaus<br \/>\n\t\t\t\t\t<\/a><br \/>\n\t\t\t\t\t\t\t\t\t\t\t\t\t\t\t\t\t\t\t<img loading=\"lazy\" decoding=\"async\" width=\"800\" height=\"790\" src=\"https:\/\/lindhaus.com\/wp-content\/uploads\/2025\/09\/Lavasciuga.png\" alt=\"\" srcset=\"https:\/\/lindhaus.com\/wp-content\/uploads\/2025\/09\/Lavasciuga.png 802w, https:\/\/lindhaus.com\/wp-content\/uploads\/2025\/09\/Lavasciuga-300x296.png 300w, https:\/\/lindhaus.com\/wp-content\/uploads\/2025\/09\/Lavasciuga-768x758.png 768w\" sizes=\"auto, (max-width: 800px) 100vw, 800px\" \/>\t\t\t\t\t\t\t\t\t\t\t\t\t\t\t\t<\/p>\n<h2>Lavadora-secadora<\/h2>\n<p>\t\t\t<svg aria-hidden=\"true\" viewBox=\"0 0 448 512\" xmlns=\"http:\/\/www.w3.org\/2000\/svg\"><path d=\"M190.5 66.9l22.2-22.2c9.4-9.4 24.6-9.4 33.9 0L441 239c9.4 9.4 9.4 24.6 0 33.9L246.6 467.3c-9.4 9.4-24.6 9.4-33.9 0l-22.2-22.2c-9.5-9.5-9.3-25 .4-34.3L311.4 296H24c-13.3 0-24-10.7-24-24v-32c0-13.3 10.7-24 24-24h287.4L190.9 101.2c-9.8-9.3-10-24.8-.4-34.3z\"><\/path><\/svg><br \/>\n\t\t\t\t\t\t\t\t\t\t\t\t\t\t\t\t\t<img loading=\"lazy\" decoding=\"async\" width=\"800\" height=\"790\" src=\"https:\/\/lindhaus.com\/wp-content\/uploads\/2025\/09\/Battitappeti.png\" alt=\"\" srcset=\"https:\/\/lindhaus.com\/wp-content\/uploads\/2025\/09\/Battitappeti.png 802w, https:\/\/lindhaus.com\/wp-content\/uploads\/2025\/09\/Battitappeti-300x296.png 300w, https:\/\/lindhaus.com\/wp-content\/uploads\/2025\/09\/Battitappeti-768x758.png 768w\" sizes=\"auto, (max-width: 800px) 100vw, 800px\" \/>\t\t\t\t\t\t\t\t\t\t\t\t\t\t\t\t<\/p>\n<h2>Aspiradoras y batidoras de alfombras<\/h2>\n<p>\t\t\t<svg aria-hidden=\"true\" viewBox=\"0 0 448 512\" xmlns=\"http:\/\/www.w3.org\/2000\/svg\"><path d=\"M190.5 66.9l22.2-22.2c9.4-9.4 24.6-9.4 33.9 0L441 239c9.4 9.4 9.4 24.6 0 33.9L246.6 467.3c-9.4 9.4-24.6 9.4-33.9 0l-22.2-22.2c-9.5-9.5-9.3-25 .4-34.3L311.4 296H24c-13.3 0-24-10.7-24-24v-32c0-13.3 10.7-24 24-24h287.4L190.9 101.2c-9.8-9.3-10-24.8-.4-34.3z\"><\/path><\/svg><br \/>\n\t\t\t\t\t\t\t\t\t\t\t\t\t\t\t\t\t<img loading=\"lazy\" decoding=\"async\" width=\"800\" height=\"790\" src=\"https:\/\/lindhaus.com\/wp-content\/uploads\/2025\/09\/sito-nuovo-75.png\" alt=\"\" srcset=\"https:\/\/lindhaus.com\/wp-content\/uploads\/2025\/09\/sito-nuovo-75.png 802w, https:\/\/lindhaus.com\/wp-content\/uploads\/2025\/09\/sito-nuovo-75-300x296.png 300w, https:\/\/lindhaus.com\/wp-content\/uploads\/2025\/09\/sito-nuovo-75-768x758.png 768w\" sizes=\"auto, (max-width: 800px) 100vw, 800px\" \/>\t\t\t\t\t\t\t\t\t\t\t\t\t\t\t\t<\/p>\n<h2>Encuentra la m\u00e1quina adecuada<\/h2>\n<p>\t\t\t<svg aria-hidden=\"true\" viewBox=\"0 0 448 512\" xmlns=\"http:\/\/www.w3.org\/2000\/svg\"><path d=\"M190.5 66.9l22.2-22.2c9.4-9.4 24.6-9.4 33.9 0L441 239c9.4 9.4 9.4 24.6 0 33.9L246.6 467.3c-9.4 9.4-24.6 9.4-33.9 0l-22.2-22.2c-9.5-9.5-9.3-25 .4-34.3L311.4 296H24c-13.3 0-24-10.7-24-24v-32c0-13.3 10.7-24 24-24h287.4L190.9 101.2c-9.8-9.3-10-24.8-.4-34.3z\"><\/path><\/svg><br \/>\n\t\t\t\t\t\t\t\t\t\t\t\t\t\t\t\t\t<img loading=\"lazy\" decoding=\"async\" width=\"800\" height=\"790\" src=\"https:\/\/lindhaus.com\/wp-content\/uploads\/2025\/09\/Scarica-lapp.png\" alt=\"\" srcset=\"https:\/\/lindhaus.com\/wp-content\/uploads\/2025\/09\/Scarica-lapp.png 802w, https:\/\/lindhaus.com\/wp-content\/uploads\/2025\/09\/Scarica-lapp-300x296.png 300w, https:\/\/lindhaus.com\/wp-content\/uploads\/2025\/09\/Scarica-lapp-768x758.png 768w\" sizes=\"auto, (max-width: 800px) 100vw, 800px\" \/>\t\t\t\t\t\t\t\t\t\t\t\t\t\t\t\t<\/p>\n<h2>Descarga la aplicaci\u00f3n Lindhaus<\/h2>\n<p>\t\t\t<svg aria-hidden=\"true\" viewBox=\"0 0 448 512\" xmlns=\"http:\/\/www.w3.org\/2000\/svg\"><path d=\"M190.5 66.9l22.2-22.2c9.4-9.4 24.6-9.4 33.9 0L441 239c9.4 9.4 9.4 24.6 0 33.9L246.6 467.3c-9.4 9.4-24.6 9.4-33.9 0l-22.2-22.2c-9.5-9.5-9.3-25 .4-34.3L311.4 296H24c-13.3 0-24-10.7-24-24v-32c0-13.3 10.7-24 24-24h287.4L190.9 101.2c-9.8-9.3-10-24.8-.4-34.3z\"><\/path><\/svg><br \/>\n\t\t\t\t\t\t\t\t\t\t\t\t\t\t\t\t\t<img loading=\"lazy\" decoding=\"async\" width=\"2560\" height=\"1707\" src=\"https:\/\/lindhaus.com\/wp-content\/uploads\/2025\/11\/L1170082-scaled.jpg\" alt=\"Ease your life with Flexy\" srcset=\"https:\/\/lindhaus.com\/wp-content\/uploads\/2025\/11\/L1170082-scaled.jpg 2560w, https:\/\/lindhaus.com\/wp-content\/uploads\/2025\/11\/L1170082-300x200.jpg 300w, https:\/\/lindhaus.com\/wp-content\/uploads\/2025\/11\/L1170082-1024x683.jpg 1024w, https:\/\/lindhaus.com\/wp-content\/uploads\/2025\/11\/L1170082-768x512.jpg 768w, https:\/\/lindhaus.com\/wp-content\/uploads\/2025\/11\/L1170082-1536x1024.jpg 1536w, https:\/\/lindhaus.com\/wp-content\/uploads\/2025\/11\/L1170082-2048x1365.jpg 2048w\" sizes=\"auto, (max-width: 2560px) 100vw, 2560px\" \/>\t\t\t\t\t\t\t\t\t\t\t\t\t\t\t\t\t\t\t\t\t\t\t\t\t\t<img loading=\"lazy\" decoding=\"async\" width=\"1439\" height=\"1446\" src=\"https:\/\/lindhaus.com\/wp-content\/uploads\/2025\/09\/L1170059-1.png\" alt=\"\" srcset=\"https:\/\/lindhaus.com\/wp-content\/uploads\/2025\/09\/L1170059-1.png 1439w, https:\/\/lindhaus.com\/wp-content\/uploads\/2025\/09\/L1170059-1-300x300.png 300w, https:\/\/lindhaus.com\/wp-content\/uploads\/2025\/09\/L1170059-1-1019x1024.png 1019w, https:\/\/lindhaus.com\/wp-content\/uploads\/2025\/09\/L1170059-1-150x150.png 150w, https:\/\/lindhaus.com\/wp-content\/uploads\/2025\/09\/L1170059-1-768x772.png 768w\" sizes=\"auto, (max-width: 1439px) 100vw, 1439px\" \/>\t\t\t\t\t\t\t\t\t\t\t\t\t\t\t\t<\/p>\n<h3>Facilita tu vida con FLEXY<\/h3>\n<h5>D\u00e9jate seducir por los resultados impecables de LW44 FLEXY<\/h5>\n<p>\t\t\t\t\t\t\t\t<a href=\"https:\/\/lindhaus.com\/es\/producto\/lw44-flexy-lw52-flexy\/\"><br \/>\n\t\t\t\t\t\t\t\t\tM\u00e1s informaci\u00f3n<br \/>\n\t\t\t\t\t<\/a><\/p>\n<h4>Facilita tu vida con FLEXY<\/h4>\n<p>\t\t\t\t\t\t\t\t\t\t<a href=\"https:\/\/lindhaus.com\/es\/producto\/lw44-flexy-lw52-flexy\/\"><br \/>\n\t\t\t\t\t\t\t\t\tM\u00e1s informaci\u00f3n<br \/>\n\t\t\t\t\t<\/a><\/p>\n<h2>Certificaciones<\/h2>\n<h2>M\u00e1quinas de limpieza profesionales, 100% Made in Italy.<\/h2>\n<h3>Creemos en la innovaci\u00f3n y la tecnolog\u00eda made in Italy<br \/>\n<\/h3>\n<p>Suscr\u00edbete para recibir nuestros pr\u00f3ximos art\u00edculos y recursos<\/p>\n<p>[instagram-feed feed=\u00bb1&#8243;]<br \/>\n\t\t\t<a href=\"https:\/\/www.instagram.com\/lindhaus_international\/\"><br \/>\n\t\t\t<svg aria-hidden=\"true\" viewBox=\"0 0 448 512\" xmlns=\"http:\/\/www.w3.org\/2000\/svg\"><path d=\"M224.1 141c-63.6 0-114.9 51.3-114.9 114.9s51.3 114.9 114.9 114.9S339 319.5 339 255.9 287.7 141 224.1 141zm0 189.6c-41.1 0-74.7-33.5-74.7-74.7s33.5-74.7 74.7-74.7 74.7 33.5 74.7 74.7-33.6 74.7-74.7 74.7zm146.4-194.3c0 14.9-12 26.8-26.8 26.8-14.9 0-26.8-12-26.8-26.8s12-26.8 26.8-26.8 26.8 12 26.8 26.8zm76.1 27.2c-1.7-35.9-9.9-67.7-36.2-93.9-26.2-26.2-58-34.4-93.9-36.2-37-2.1-147.9-2.1-184.9 0-35.8 1.7-67.6 9.9-93.9 36.1s-34.4 58-36.2 93.9c-2.1 37-2.1 147.9 0 184.9 1.7 35.9 9.9 67.7 36.2 93.9s58 34.4 93.9 36.2c37 2.1 147.9 2.1 184.9 0 35.9-1.7 67.7-9.9 93.9-36.2 26.2-26.2 34.4-58 36.2-93.9 2.1-37 2.1-147.8 0-184.8zM398.8 388c-7.8 19.6-22.9 34.7-42.6 42.6-29.5 11.7-99.5 9-132.1 9s-102.7 2.6-132.1-9c-19.6-7.8-34.7-22.9-42.6-42.6-11.7-29.5-9-99.5-9-132.1s-2.6-102.7 9-132.1c7.8-19.6 22.9-34.7 42.6-42.6 29.5-11.7 99.5-9 132.1-9s102.7-2.6 132.1 9c19.6 7.8 34.7 22.9 42.6 42.6 11.7 29.5 9 99.5 9 132.1s2.7 102.7-9 132.1z\"><\/path><\/svg>\t\t\t<\/a><\/p>\n","protected":false},"excerpt":{"rendered":"<p>EN EL CORAZ\u00d3N DE LA LIMPIEZA M\u00e1quinas profesionales de limpieza de interiores, dise\u00f1adas y fabricadas en Italia para durar. La gama Lindhaus Ver la gama Lindhaus Lavadora-secadora Aspiradoras y batidoras de alfombras Encuentra la m\u00e1quina adecuada Descarga la aplicaci\u00f3n Lindhaus Facilita tu vida con FLEXY D\u00e9jate seducir por los resultados impecables de LW44 FLEXY M\u00e1s [&hellip;]<\/p>\n","protected":false},"author":2,"featured_media":0,"parent":0,"menu_order":0,"comment_status":"closed","ping_status":"closed","template":"","meta":{"_acf_changed":false,"footnotes":""},"class_list":["post-4627","page","type-page","status-publish","hentry"],"acf":[],"yoast_head":"<!-- This site is optimized with the Yoast SEO plugin v27.3 - https:\/\/yoast.com\/product\/yoast-seo-wordpress\/ -->\n<title>Fregadoras y Limpieza Profesional<\/title>\n<meta name=\"description\" content=\"Lindhaus est\u00e1 especializada en fregadoras, aspiradoras, Battitappeto y productos y m\u00e1quinas de limpieza profesional y dom\u00e9stica\" \/>\n<meta name=\"robots\" content=\"index, follow, max-snippet:-1, max-image-preview:large, max-video-preview:-1\" \/>\n<link rel=\"canonical\" href=\"https:\/\/lindhaus.com\/es\/\" \/>\n<meta property=\"og:locale\" content=\"es_ES\" \/>\n<meta property=\"og:type\" content=\"article\" \/>\n<meta property=\"og:title\" content=\"Fregadoras y Limpieza Profesional\" \/>\n<meta property=\"og:description\" content=\"Lindhaus est\u00e1 especializada en fregadoras, aspiradoras, Battitappeto y productos y m\u00e1quinas de limpieza profesional y dom\u00e9stica\" \/>\n<meta property=\"og:url\" content=\"https:\/\/lindhaus.com\/es\/\" \/>\n<meta property=\"og:site_name\" content=\"Lindhaus\" \/>\n<meta property=\"article:publisher\" content=\"https:\/\/www.facebook.com\/Lindhaus\" \/>\n<meta property=\"article:modified_time\" content=\"2026-03-04T09:35:04+00:00\" \/>\n<meta property=\"og:image\" content=\"https:\/\/lindhaus.com\/wp-content\/uploads\/2025\/09\/Lavasciuga.png\" \/>\n<meta name=\"twitter:card\" content=\"summary_large_image\" \/>\n<meta name=\"twitter:label1\" content=\"Tiempo de lectura\" \/>\n\t<meta name=\"twitter:data1\" content=\"2 minutos\" \/>\n<script type=\"application\/ld+json\" class=\"yoast-schema-graph\">{\"@context\":\"https:\\\/\\\/schema.org\",\"@graph\":[{\"@type\":\"WebPage\",\"@id\":\"https:\\\/\\\/lindhaus.com\\\/es\\\/\",\"url\":\"https:\\\/\\\/lindhaus.com\\\/es\\\/\",\"name\":\"Fregadoras y Limpieza Profesional\",\"isPartOf\":{\"@id\":\"https:\\\/\\\/lindhaus.com\\\/es\\\/#website\"},\"primaryImageOfPage\":{\"@id\":\"https:\\\/\\\/lindhaus.com\\\/es\\\/#primaryimage\"},\"image\":{\"@id\":\"https:\\\/\\\/lindhaus.com\\\/es\\\/#primaryimage\"},\"thumbnailUrl\":\"https:\\\/\\\/lindhaus.com\\\/wp-content\\\/uploads\\\/2025\\\/09\\\/Lavasciuga.png\",\"datePublished\":\"2025-09-17T15:09:23+00:00\",\"dateModified\":\"2026-03-04T09:35:04+00:00\",\"description\":\"Lindhaus est\u00e1 especializada en fregadoras, aspiradoras, Battitappeto y productos y m\u00e1quinas de limpieza profesional y dom\u00e9stica\",\"breadcrumb\":{\"@id\":\"https:\\\/\\\/lindhaus.com\\\/es\\\/#breadcrumb\"},\"inLanguage\":\"es\",\"potentialAction\":[{\"@type\":\"ReadAction\",\"target\":[\"https:\\\/\\\/lindhaus.com\\\/es\\\/\"]}]},{\"@type\":\"ImageObject\",\"inLanguage\":\"es\",\"@id\":\"https:\\\/\\\/lindhaus.com\\\/es\\\/#primaryimage\",\"url\":\"https:\\\/\\\/lindhaus.com\\\/wp-content\\\/uploads\\\/2025\\\/09\\\/Lavasciuga.png\",\"contentUrl\":\"https:\\\/\\\/lindhaus.com\\\/wp-content\\\/uploads\\\/2025\\\/09\\\/Lavasciuga.png\"},{\"@type\":\"BreadcrumbList\",\"@id\":\"https:\\\/\\\/lindhaus.com\\\/es\\\/#breadcrumb\",\"itemListElement\":[{\"@type\":\"ListItem\",\"position\":1,\"name\":\"Home\",\"item\":\"https:\\\/\\\/lindhaus.com\\\/es\\\/\"},{\"@type\":\"ListItem\",\"position\":2,\"name\":\"Inicio\"}]},{\"@type\":\"WebSite\",\"@id\":\"https:\\\/\\\/lindhaus.com\\\/es\\\/#website\",\"url\":\"https:\\\/\\\/lindhaus.com\\\/es\\\/\",\"name\":\"Lindhaus\",\"description\":\"\",\"publisher\":{\"@id\":\"https:\\\/\\\/lindhaus.com\\\/es\\\/#organization\"},\"potentialAction\":[{\"@type\":\"SearchAction\",\"target\":{\"@type\":\"EntryPoint\",\"urlTemplate\":\"https:\\\/\\\/lindhaus.com\\\/es\\\/?s={search_term_string}\"},\"query-input\":{\"@type\":\"PropertyValueSpecification\",\"valueRequired\":true,\"valueName\":\"search_term_string\"}}],\"inLanguage\":\"es\"},{\"@type\":\"Organization\",\"@id\":\"https:\\\/\\\/lindhaus.com\\\/es\\\/#organization\",\"name\":\"Lindhaus\",\"url\":\"https:\\\/\\\/lindhaus.com\\\/es\\\/\",\"logo\":{\"@type\":\"ImageObject\",\"inLanguage\":\"es\",\"@id\":\"https:\\\/\\\/lindhaus.com\\\/es\\\/#\\\/schema\\\/logo\\\/image\\\/\",\"url\":\"https:\\\/\\\/lindhaus.com\\\/wp-content\\\/uploads\\\/2025\\\/09\\\/cropped-logo-lindhaus-1-e1758115992432.webp\",\"contentUrl\":\"https:\\\/\\\/lindhaus.com\\\/wp-content\\\/uploads\\\/2025\\\/09\\\/cropped-logo-lindhaus-1-e1758115992432.webp\",\"width\":250,\"height\":51,\"caption\":\"Lindhaus\"},\"image\":{\"@id\":\"https:\\\/\\\/lindhaus.com\\\/es\\\/#\\\/schema\\\/logo\\\/image\\\/\"},\"sameAs\":[\"https:\\\/\\\/www.instagram.com\\\/lindhaus_international\\\/\",\"https:\\\/\\\/www.facebook.com\\\/Lindhaus\",\"https:\\\/\\\/www.youtube.com\\\/user\\\/LindhausItaly\",\"https:\\\/\\\/www.linkedin.com\\\/company\\\/lindhaus\\\/\"]}]}<\/script>\n<!-- \/ Yoast SEO plugin. -->","yoast_head_json":{"title":"Fregadoras y Limpieza Profesional","description":"Lindhaus est\u00e1 especializada en fregadoras, aspiradoras, Battitappeto y productos y m\u00e1quinas de limpieza profesional y dom\u00e9stica","robots":{"index":"index","follow":"follow","max-snippet":"max-snippet:-1","max-image-preview":"max-image-preview:large","max-video-preview":"max-video-preview:-1"},"canonical":"https:\/\/lindhaus.com\/es\/","og_locale":"es_ES","og_type":"article","og_title":"Fregadoras y Limpieza Profesional","og_description":"Lindhaus est\u00e1 especializada en fregadoras, aspiradoras, Battitappeto y productos y m\u00e1quinas de limpieza profesional y dom\u00e9stica","og_url":"https:\/\/lindhaus.com\/es\/","og_site_name":"Lindhaus","article_publisher":"https:\/\/www.facebook.com\/Lindhaus","article_modified_time":"2026-03-04T09:35:04+00:00","og_image":[{"url":"https:\/\/lindhaus.com\/wp-content\/uploads\/2025\/09\/Lavasciuga.png","type":"","width":"","height":""}],"twitter_card":"summary_large_image","twitter_misc":{"Tiempo de lectura":"2 minutos"},"schema":{"@context":"https:\/\/schema.org","@graph":[{"@type":"WebPage","@id":"https:\/\/lindhaus.com\/es\/","url":"https:\/\/lindhaus.com\/es\/","name":"Fregadoras y Limpieza Profesional","isPartOf":{"@id":"https:\/\/lindhaus.com\/es\/#website"},"primaryImageOfPage":{"@id":"https:\/\/lindhaus.com\/es\/#primaryimage"},"image":{"@id":"https:\/\/lindhaus.com\/es\/#primaryimage"},"thumbnailUrl":"https:\/\/lindhaus.com\/wp-content\/uploads\/2025\/09\/Lavasciuga.png","datePublished":"2025-09-17T15:09:23+00:00","dateModified":"2026-03-04T09:35:04+00:00","description":"Lindhaus est\u00e1 especializada en fregadoras, aspiradoras, Battitappeto y productos y m\u00e1quinas de limpieza profesional y dom\u00e9stica","breadcrumb":{"@id":"https:\/\/lindhaus.com\/es\/#breadcrumb"},"inLanguage":"es","potentialAction":[{"@type":"ReadAction","target":["https:\/\/lindhaus.com\/es\/"]}]},{"@type":"ImageObject","inLanguage":"es","@id":"https:\/\/lindhaus.com\/es\/#primaryimage","url":"https:\/\/lindhaus.com\/wp-content\/uploads\/2025\/09\/Lavasciuga.png","contentUrl":"https:\/\/lindhaus.com\/wp-content\/uploads\/2025\/09\/Lavasciuga.png"},{"@type":"BreadcrumbList","@id":"https:\/\/lindhaus.com\/es\/#breadcrumb","itemListElement":[{"@type":"ListItem","position":1,"name":"Home","item":"https:\/\/lindhaus.com\/es\/"},{"@type":"ListItem","position":2,"name":"Inicio"}]},{"@type":"WebSite","@id":"https:\/\/lindhaus.com\/es\/#website","url":"https:\/\/lindhaus.com\/es\/","name":"Lindhaus","description":"","publisher":{"@id":"https:\/\/lindhaus.com\/es\/#organization"},"potentialAction":[{"@type":"SearchAction","target":{"@type":"EntryPoint","urlTemplate":"https:\/\/lindhaus.com\/es\/?s={search_term_string}"},"query-input":{"@type":"PropertyValueSpecification","valueRequired":true,"valueName":"search_term_string"}}],"inLanguage":"es"},{"@type":"Organization","@id":"https:\/\/lindhaus.com\/es\/#organization","name":"Lindhaus","url":"https:\/\/lindhaus.com\/es\/","logo":{"@type":"ImageObject","inLanguage":"es","@id":"https:\/\/lindhaus.com\/es\/#\/schema\/logo\/image\/","url":"https:\/\/lindhaus.com\/wp-content\/uploads\/2025\/09\/cropped-logo-lindhaus-1-e1758115992432.webp","contentUrl":"https:\/\/lindhaus.com\/wp-content\/uploads\/2025\/09\/cropped-logo-lindhaus-1-e1758115992432.webp","width":250,"height":51,"caption":"Lindhaus"},"image":{"@id":"https:\/\/lindhaus.com\/es\/#\/schema\/logo\/image\/"},"sameAs":["https:\/\/www.instagram.com\/lindhaus_international\/","https:\/\/www.facebook.com\/Lindhaus","https:\/\/www.youtube.com\/user\/LindhausItaly","https:\/\/www.linkedin.com\/company\/lindhaus\/"]}]}},"_links":{"self":[{"href":"https:\/\/lindhaus.com\/es\/wp-json\/wp\/v2\/pages\/4627","targetHints":{"allow":["GET"]}}],"collection":[{"href":"https:\/\/lindhaus.com\/es\/wp-json\/wp\/v2\/pages"}],"about":[{"href":"https:\/\/lindhaus.com\/es\/wp-json\/wp\/v2\/types\/page"}],"author":[{"embeddable":true,"href":"https:\/\/lindhaus.com\/es\/wp-json\/wp\/v2\/users\/2"}],"replies":[{"embeddable":true,"href":"https:\/\/lindhaus.com\/es\/wp-json\/wp\/v2\/comments?post=4627"}],"version-history":[{"count":9,"href":"https:\/\/lindhaus.com\/es\/wp-json\/wp\/v2\/pages\/4627\/revisions"}],"predecessor-version":[{"id":10699,"href":"https:\/\/lindhaus.com\/es\/wp-json\/wp\/v2\/pages\/4627\/revisions\/10699"}],"wp:attachment":[{"href":"https:\/\/lindhaus.com\/es\/wp-json\/wp\/v2\/media?parent=4627"}],"curies":[{"name":"wp","href":"https:\/\/api.w.org\/{rel}","templated":true}]}}