{"id":4822,"date":"2025-10-06T13:48:27","date_gmt":"2025-10-06T11:48:27","guid":{"rendered":"https:\/\/lindhaus.it\/vertriebspartner-werden\/"},"modified":"2026-02-11T23:34:05","modified_gmt":"2026-02-11T22:34:05","slug":"vertriebspartner-werden","status":"publish","type":"page","link":"https:\/\/lindhaus.com\/de\/vertriebspartner-werden\/","title":{"rendered":"Vertriebspartner werden"},"content":{"rendered":"<p>Exportieren Sie die Qualit\u00e4t von Made in Italy!<\/p>\n<p>Wenn Sie Teil unseres exklusiven Netzes von Vertragsh\u00e4ndlern werden m\u00f6chten, sind Sie bei uns genau richtig!<\/p>\n<p>Exportieren Sie die Qualit\u00e4t von Made in Italy<\/p>\n<h1>Willkommen in der Welt von Lindhaus!<\/h1>\n<p>Seit \u00fcber vierzig Jahren entwirft und produziert <strong data-start=\"411\" data-end=\"423\">Lindhaus<\/strong> in Italien professionelle und Haushaltsreinigungsmaschinen, die weltweit f\u00fcr <strong data-start=\"539\" data-end=\"590\">Qualit\u00e4t, Zuverl\u00e4ssigkeit und technologische Innovation<\/strong> bekannt sind.<br data-start=\"591\" data-end=\"594\">Unsere Produkte werden heute in mehr als <strong data-start=\"644\" data-end=\"656\">50 L\u00e4ndern<\/strong> vertrieben und im <strong data-start=\"682\" data-end=\"735\">professionellen, industriellen, sanit\u00e4ren und h\u00e4uslichen<\/strong> Bereich eingesetzt.<\/p>\n<h5 data-start=\"743\" data-end=\"776\"> <\/h5>\n<h3 data-start=\"743\" data-end=\"776\"><strong>Warum Lindhaus w\u00e4hlen<\/strong><\/h3>\n<p data-start=\"777\" data-end=\"1104\">Ein Lindhaus-H\u00e4ndler zu werden bedeutet, Teil eines soliden und wachsenden Netzwerks zu werden, das von einer Marke unterst\u00fctzt wird, die f\u00fcr die Exzellenz des &#8222;Made in Italy&#8220; in der Reinigung steht.<br data-start=\"960\" data-end=\"963\">Wir arbeiten mit ausgew\u00e4hlten Partnern zusammen, die unsere Vision teilen: effektive, nachhaltige und hochwertige Reinigungsl\u00f6sungen anzubieten.<\/p>\n<h3 data-start=\"1471\" data-end=\"1492\"> <\/h3>\n<h3 data-start=\"1471\" data-end=\"1492\"><strong data-start=\"1475\" data-end=\"1492\">Wen wir suchen<\/strong><\/h3>\n<p data-start=\"1493\" data-end=\"1599\">Wir sind daran interessiert, mit <strong data-start=\"1529\" data-end=\"1578\">Reinigungsunternehmen und Fachleuten<\/strong> zusammenzuarbeiten, die \u00fcber:<\/p>\n<ul data-start=\"1600\" data-end=\"1882\">\n<li data-start=\"1600\" data-end=\"1674\">\n<p data-start=\"1602\" data-end=\"1674\">Kommerzielle Struktur oder Vertriebsnetz, das in seinem Gebiet aktiv ist;<\/p>\n<\/li>\n<li data-start=\"1675\" data-end=\"1760\">\n<p data-start=\"1677\" data-end=\"1760\">Erfahrung in der Reinigungsbranche oder im Vertrieb von professionellen Maschinen;<\/p>\n<\/li>\n<li data-start=\"1761\" data-end=\"1825\">\n<p data-start=\"1763\" data-end=\"1825\">Solider Ruf und Ausrichtung auf Servicequalit\u00e4t;<\/p>\n<\/li>\n<li data-start=\"1826\" data-end=\"1882\">\n<p data-start=\"1828\" data-end=\"1882\">Die F\u00e4higkeit, die Marke Lindhaus lokal zu f\u00f6rdern.<\/p>\n<\/li>\n<\/ul>\n<h3 data-start=\"1889\" data-end=\"1930\"><strong data-start=\"1893\" data-end=\"1930\">Werden Sie Teil unseres Erfolgs<\/strong><\/h3>\n<p data-start=\"1931\" data-end=\"2211\">Wenn Sie Lindhaus in Ihrem Land oder Fachgebiet vertreten m\u00f6chten, f\u00fcllen Sie bitte das Kontaktformular aus und erz\u00e4hlen Sie uns von Ihrer Realit\u00e4t.<br data-start=\"2069\" data-end=\"2072\">Unsere Verkaufsabteilung wird Ihre Anwendung sorgf\u00e4ltig pr\u00fcfen und sich mit Ihnen in Verbindung setzen, um die M\u00f6glichkeiten der Zusammenarbeit zu besprechen.<\/p>\n<p data-start=\"1931\" data-end=\"2211\">\ud83d\udce9 F <strong data-start=\"2221\" data-end=\"2307\">\u00fcllen Sie das untenstehende Formular aus, um sich als offizieller Lindhaus H\u00e4ndler zu bewerben<\/strong>.<\/p>\n<p>Wir sind auf der Suche nach starken und dauerhaften Partnerschaften, die auf gegenseitigem Vertrauen und einem gemeinsamen Engagement f\u00fcr die Bereitstellung innovativer und zuverl\u00e4ssiger Reinigungsmaschinen basieren.<\/p>\n<p><strong>Kontaktieren Sie uns, um eine erfolgreiche Zusammenarbeit zu beginnen!<\/strong><\/p>\n\n<p><\/p>\n","protected":false},"excerpt":{"rendered":"<p>Exportieren Sie die Qualit\u00e4t von Made in Italy! Wenn Sie Teil unseres exklusiven Netzes von Vertragsh\u00e4ndlern werden m\u00f6chten, sind Sie bei uns genau richtig! Exportieren Sie die Qualit\u00e4t von Made in Italy Willkommen in der Welt von Lindhaus! Seit \u00fcber vierzig Jahren entwirft und produziert Lindhaus in Italien professionelle und Haushaltsreinigungsmaschinen, die weltweit f\u00fcr Qualit\u00e4t, [&hellip;]<\/p>\n","protected":false},"author":2,"featured_media":0,"parent":0,"menu_order":0,"comment_status":"closed","ping_status":"closed","template":"page-diventa-distributore.php","meta":{"_acf_changed":false,"footnotes":""},"class_list":["post-4822","page","type-page","status-publish","hentry"],"acf":[],"yoast_head":"<!-- This site is optimized with the Yoast SEO plugin v27.3 - https:\/\/yoast.com\/product\/yoast-seo-wordpress\/ -->\n<title>Vertriebspartner werden - Lindhaus<\/title>\n<meta name=\"robots\" content=\"index, follow, max-snippet:-1, max-image-preview:large, max-video-preview:-1\" \/>\n<link rel=\"canonical\" href=\"https:\/\/lindhaus.com\/de\/vertriebspartner-werden\/\" \/>\n<meta property=\"og:locale\" content=\"de_DE\" \/>\n<meta property=\"og:type\" content=\"article\" \/>\n<meta property=\"og:title\" content=\"Vertriebspartner werden - Lindhaus\" \/>\n<meta property=\"og:description\" content=\"Exportieren Sie die Qualit\u00e4t von Made in Italy! Wenn Sie Teil unseres exklusiven Netzes von Vertragsh\u00e4ndlern werden m\u00f6chten, sind Sie bei uns genau richtig! Exportieren Sie die Qualit\u00e4t von Made in Italy Willkommen in der Welt von Lindhaus! Seit \u00fcber vierzig Jahren entwirft und produziert Lindhaus in Italien professionelle und Haushaltsreinigungsmaschinen, die weltweit f\u00fcr Qualit\u00e4t, [&hellip;]\" \/>\n<meta property=\"og:url\" content=\"https:\/\/lindhaus.com\/de\/vertriebspartner-werden\/\" \/>\n<meta property=\"og:site_name\" content=\"Lindhaus\" \/>\n<meta property=\"article:publisher\" content=\"https:\/\/www.facebook.com\/Lindhaus\" \/>\n<meta property=\"article:modified_time\" content=\"2026-02-11T22:34:05+00:00\" \/>\n<meta name=\"twitter:card\" content=\"summary_large_image\" \/>\n<meta name=\"twitter:label1\" content=\"Gesch\u00e4tzte Lesezeit\" \/>\n\t<meta name=\"twitter:data1\" content=\"2\u00a0Minute\" \/>\n<script type=\"application\/ld+json\" class=\"yoast-schema-graph\">{\"@context\":\"https:\\\/\\\/schema.org\",\"@graph\":[{\"@type\":\"WebPage\",\"@id\":\"https:\\\/\\\/lindhaus.com\\\/de\\\/vertriebspartner-werden\\\/\",\"url\":\"https:\\\/\\\/lindhaus.com\\\/de\\\/vertriebspartner-werden\\\/\",\"name\":\"Vertriebspartner werden - Lindhaus\",\"isPartOf\":{\"@id\":\"https:\\\/\\\/lindhaus.com\\\/de\\\/#website\"},\"datePublished\":\"2025-10-06T11:48:27+00:00\",\"dateModified\":\"2026-02-11T22:34:05+00:00\",\"breadcrumb\":{\"@id\":\"https:\\\/\\\/lindhaus.com\\\/de\\\/vertriebspartner-werden\\\/#breadcrumb\"},\"inLanguage\":\"de\",\"potentialAction\":[{\"@type\":\"ReadAction\",\"target\":[\"https:\\\/\\\/lindhaus.com\\\/de\\\/vertriebspartner-werden\\\/\"]}]},{\"@type\":\"BreadcrumbList\",\"@id\":\"https:\\\/\\\/lindhaus.com\\\/de\\\/vertriebspartner-werden\\\/#breadcrumb\",\"itemListElement\":[{\"@type\":\"ListItem\",\"position\":1,\"name\":\"Home\",\"item\":\"https:\\\/\\\/lindhaus.com\\\/de\\\/\"},{\"@type\":\"ListItem\",\"position\":2,\"name\":\"Vertriebspartner werden\"}]},{\"@type\":\"WebSite\",\"@id\":\"https:\\\/\\\/lindhaus.com\\\/de\\\/#website\",\"url\":\"https:\\\/\\\/lindhaus.com\\\/de\\\/\",\"name\":\"Lindhaus\",\"description\":\"\",\"publisher\":{\"@id\":\"https:\\\/\\\/lindhaus.com\\\/de\\\/#organization\"},\"potentialAction\":[{\"@type\":\"SearchAction\",\"target\":{\"@type\":\"EntryPoint\",\"urlTemplate\":\"https:\\\/\\\/lindhaus.com\\\/de\\\/?s={search_term_string}\"},\"query-input\":{\"@type\":\"PropertyValueSpecification\",\"valueRequired\":true,\"valueName\":\"search_term_string\"}}],\"inLanguage\":\"de\"},{\"@type\":\"Organization\",\"@id\":\"https:\\\/\\\/lindhaus.com\\\/de\\\/#organization\",\"name\":\"Lindhaus\",\"url\":\"https:\\\/\\\/lindhaus.com\\\/de\\\/\",\"logo\":{\"@type\":\"ImageObject\",\"inLanguage\":\"de\",\"@id\":\"https:\\\/\\\/lindhaus.com\\\/de\\\/#\\\/schema\\\/logo\\\/image\\\/\",\"url\":\"https:\\\/\\\/lindhaus.com\\\/wp-content\\\/uploads\\\/2025\\\/09\\\/cropped-logo-lindhaus-1-e1758115992432.webp\",\"contentUrl\":\"https:\\\/\\\/lindhaus.com\\\/wp-content\\\/uploads\\\/2025\\\/09\\\/cropped-logo-lindhaus-1-e1758115992432.webp\",\"width\":250,\"height\":51,\"caption\":\"Lindhaus\"},\"image\":{\"@id\":\"https:\\\/\\\/lindhaus.com\\\/de\\\/#\\\/schema\\\/logo\\\/image\\\/\"},\"sameAs\":[\"https:\\\/\\\/www.instagram.com\\\/lindhaus_international\\\/\",\"https:\\\/\\\/www.facebook.com\\\/Lindhaus\",\"https:\\\/\\\/www.youtube.com\\\/user\\\/LindhausItaly\",\"https:\\\/\\\/www.linkedin.com\\\/company\\\/lindhaus\\\/\"]}]}<\/script>\n<!-- \/ Yoast SEO plugin. -->","yoast_head_json":{"title":"Vertriebspartner werden - Lindhaus","robots":{"index":"index","follow":"follow","max-snippet":"max-snippet:-1","max-image-preview":"max-image-preview:large","max-video-preview":"max-video-preview:-1"},"canonical":"https:\/\/lindhaus.com\/de\/vertriebspartner-werden\/","og_locale":"de_DE","og_type":"article","og_title":"Vertriebspartner werden - Lindhaus","og_description":"Exportieren Sie die Qualit\u00e4t von Made in Italy! Wenn Sie Teil unseres exklusiven Netzes von Vertragsh\u00e4ndlern werden m\u00f6chten, sind Sie bei uns genau richtig! Exportieren Sie die Qualit\u00e4t von Made in Italy Willkommen in der Welt von Lindhaus! Seit \u00fcber vierzig Jahren entwirft und produziert Lindhaus in Italien professionelle und Haushaltsreinigungsmaschinen, die weltweit f\u00fcr Qualit\u00e4t, [&hellip;]","og_url":"https:\/\/lindhaus.com\/de\/vertriebspartner-werden\/","og_site_name":"Lindhaus","article_publisher":"https:\/\/www.facebook.com\/Lindhaus","article_modified_time":"2026-02-11T22:34:05+00:00","twitter_card":"summary_large_image","twitter_misc":{"Gesch\u00e4tzte Lesezeit":"2\u00a0Minute"},"schema":{"@context":"https:\/\/schema.org","@graph":[{"@type":"WebPage","@id":"https:\/\/lindhaus.com\/de\/vertriebspartner-werden\/","url":"https:\/\/lindhaus.com\/de\/vertriebspartner-werden\/","name":"Vertriebspartner werden - Lindhaus","isPartOf":{"@id":"https:\/\/lindhaus.com\/de\/#website"},"datePublished":"2025-10-06T11:48:27+00:00","dateModified":"2026-02-11T22:34:05+00:00","breadcrumb":{"@id":"https:\/\/lindhaus.com\/de\/vertriebspartner-werden\/#breadcrumb"},"inLanguage":"de","potentialAction":[{"@type":"ReadAction","target":["https:\/\/lindhaus.com\/de\/vertriebspartner-werden\/"]}]},{"@type":"BreadcrumbList","@id":"https:\/\/lindhaus.com\/de\/vertriebspartner-werden\/#breadcrumb","itemListElement":[{"@type":"ListItem","position":1,"name":"Home","item":"https:\/\/lindhaus.com\/de\/"},{"@type":"ListItem","position":2,"name":"Vertriebspartner werden"}]},{"@type":"WebSite","@id":"https:\/\/lindhaus.com\/de\/#website","url":"https:\/\/lindhaus.com\/de\/","name":"Lindhaus","description":"","publisher":{"@id":"https:\/\/lindhaus.com\/de\/#organization"},"potentialAction":[{"@type":"SearchAction","target":{"@type":"EntryPoint","urlTemplate":"https:\/\/lindhaus.com\/de\/?s={search_term_string}"},"query-input":{"@type":"PropertyValueSpecification","valueRequired":true,"valueName":"search_term_string"}}],"inLanguage":"de"},{"@type":"Organization","@id":"https:\/\/lindhaus.com\/de\/#organization","name":"Lindhaus","url":"https:\/\/lindhaus.com\/de\/","logo":{"@type":"ImageObject","inLanguage":"de","@id":"https:\/\/lindhaus.com\/de\/#\/schema\/logo\/image\/","url":"https:\/\/lindhaus.com\/wp-content\/uploads\/2025\/09\/cropped-logo-lindhaus-1-e1758115992432.webp","contentUrl":"https:\/\/lindhaus.com\/wp-content\/uploads\/2025\/09\/cropped-logo-lindhaus-1-e1758115992432.webp","width":250,"height":51,"caption":"Lindhaus"},"image":{"@id":"https:\/\/lindhaus.com\/de\/#\/schema\/logo\/image\/"},"sameAs":["https:\/\/www.instagram.com\/lindhaus_international\/","https:\/\/www.facebook.com\/Lindhaus","https:\/\/www.youtube.com\/user\/LindhausItaly","https:\/\/www.linkedin.com\/company\/lindhaus\/"]}]}},"_links":{"self":[{"href":"https:\/\/lindhaus.com\/de\/wp-json\/wp\/v2\/pages\/4822","targetHints":{"allow":["GET"]}}],"collection":[{"href":"https:\/\/lindhaus.com\/de\/wp-json\/wp\/v2\/pages"}],"about":[{"href":"https:\/\/lindhaus.com\/de\/wp-json\/wp\/v2\/types\/page"}],"author":[{"embeddable":true,"href":"https:\/\/lindhaus.com\/de\/wp-json\/wp\/v2\/users\/2"}],"replies":[{"embeddable":true,"href":"https:\/\/lindhaus.com\/de\/wp-json\/wp\/v2\/comments?post=4822"}],"version-history":[{"count":5,"href":"https:\/\/lindhaus.com\/de\/wp-json\/wp\/v2\/pages\/4822\/revisions"}],"predecessor-version":[{"id":9637,"href":"https:\/\/lindhaus.com\/de\/wp-json\/wp\/v2\/pages\/4822\/revisions\/9637"}],"wp:attachment":[{"href":"https:\/\/lindhaus.com\/de\/wp-json\/wp\/v2\/media?parent=4822"}],"curies":[{"name":"wp","href":"https:\/\/api.w.org\/{rel}","templated":true}]}}