{"id":4676,"date":"2025-09-30T11:30:28","date_gmt":"2025-09-30T09:30:28","guid":{"rendered":"https:\/\/lindhaus.it\/nachhaltigkeit\/"},"modified":"2026-03-10T15:47:57","modified_gmt":"2026-03-10T14:47:57","slug":"nachhaltigkeit","status":"publish","type":"page","link":"https:\/\/lindhaus.com\/de\/nachhaltigkeit\/","title":{"rendered":"Nachhaltigkeit"},"content":{"rendered":"<p>F\u00fcr uns ist <strong>Nachhaltigkeit<\/strong> nicht nur ein sch\u00f6nes, modisches Wort.<\/p>\n<p>Seit \u00fcber 30 Jahren bauen und verkaufen wir <strong>Maschinen, die<\/strong> von Generation zu Generation <strong>halten.<\/strong><br \/>\nWir wollen nicht am Wegwerfmarkt teilnehmen.<\/p>\n<p>Wir sind uns bewusst, wie wichtig es ist,<br \/>\ndie Umwelt, in der wir leben, zu respektieren und zu erhalten. Daher haben wir beschlossen, einige Strategien zu ergreifen.<\/p>\n<p><img decoding=\"async\" title=\"\" src=\"https:\/\/lindhaus.it\/wp-content\/plugins\/elementor\/assets\/images\/placeholder.png\" alt=\"\" \/><\/p>\n","protected":false},"excerpt":{"rendered":"<p>F\u00fcr uns ist Nachhaltigkeit nicht nur ein sch\u00f6nes, modisches Wort. Seit \u00fcber 30 Jahren bauen und verkaufen wir Maschinen, die von Generation zu Generation halten. Wir wollen nicht am Wegwerfmarkt teilnehmen. Wir sind uns bewusst, wie wichtig es ist, die Umwelt, in der wir leben, zu respektieren und zu erhalten. Daher haben wir beschlossen, einige [&hellip;]<\/p>\n","protected":false},"author":2,"featured_media":0,"parent":0,"menu_order":0,"comment_status":"closed","ping_status":"closed","template":"","meta":{"_acf_changed":false,"footnotes":""},"class_list":["post-4676","page","type-page","status-publish","hentry"],"acf":[],"yoast_head":"<!-- This site is optimized with the Yoast SEO plugin v27.3 - https:\/\/yoast.com\/product\/yoast-seo-wordpress\/ -->\n<title>Nachhaltigkeit - Lindhaus<\/title>\n<meta name=\"robots\" content=\"index, follow, max-snippet:-1, max-image-preview:large, max-video-preview:-1\" \/>\n<link rel=\"canonical\" href=\"https:\/\/lindhaus.com\/de\/nachhaltigkeit\/\" \/>\n<meta property=\"og:locale\" content=\"de_DE\" \/>\n<meta property=\"og:type\" content=\"article\" \/>\n<meta property=\"og:title\" content=\"Nachhaltigkeit - Lindhaus\" \/>\n<meta property=\"og:description\" content=\"F\u00fcr uns ist Nachhaltigkeit nicht nur ein sch\u00f6nes, modisches Wort. Seit \u00fcber 30 Jahren bauen und verkaufen wir Maschinen, die von Generation zu Generation halten. Wir wollen nicht am Wegwerfmarkt teilnehmen. Wir sind uns bewusst, wie wichtig es ist, die Umwelt, in der wir leben, zu respektieren und zu erhalten. Daher haben wir beschlossen, einige [&hellip;]\" \/>\n<meta property=\"og:url\" content=\"https:\/\/lindhaus.com\/de\/nachhaltigkeit\/\" \/>\n<meta property=\"og:site_name\" content=\"Lindhaus\" \/>\n<meta property=\"article:publisher\" content=\"https:\/\/www.facebook.com\/Lindhaus\" \/>\n<meta property=\"article:modified_time\" content=\"2026-03-10T14:47:57+00:00\" \/>\n<meta property=\"og:image\" content=\"https:\/\/lindhaus.it\/wp-content\/plugins\/elementor\/assets\/images\/placeholder.png\" \/>\n<meta name=\"twitter:card\" content=\"summary_large_image\" \/>\n<meta name=\"twitter:label1\" content=\"Gesch\u00e4tzte Lesezeit\" \/>\n\t<meta name=\"twitter:data1\" content=\"1\u00a0Minute\" \/>\n<script type=\"application\/ld+json\" class=\"yoast-schema-graph\">{\"@context\":\"https:\\\/\\\/schema.org\",\"@graph\":[{\"@type\":\"WebPage\",\"@id\":\"https:\\\/\\\/lindhaus.com\\\/de\\\/nachhaltigkeit\\\/\",\"url\":\"https:\\\/\\\/lindhaus.com\\\/de\\\/nachhaltigkeit\\\/\",\"name\":\"Nachhaltigkeit - Lindhaus\",\"isPartOf\":{\"@id\":\"https:\\\/\\\/lindhaus.com\\\/de\\\/#website\"},\"primaryImageOfPage\":{\"@id\":\"https:\\\/\\\/lindhaus.com\\\/de\\\/nachhaltigkeit\\\/#primaryimage\"},\"image\":{\"@id\":\"https:\\\/\\\/lindhaus.com\\\/de\\\/nachhaltigkeit\\\/#primaryimage\"},\"thumbnailUrl\":\"https:\\\/\\\/lindhaus.it\\\/wp-content\\\/plugins\\\/elementor\\\/assets\\\/images\\\/placeholder.png\",\"datePublished\":\"2025-09-30T09:30:28+00:00\",\"dateModified\":\"2026-03-10T14:47:57+00:00\",\"breadcrumb\":{\"@id\":\"https:\\\/\\\/lindhaus.com\\\/de\\\/nachhaltigkeit\\\/#breadcrumb\"},\"inLanguage\":\"de\",\"potentialAction\":[{\"@type\":\"ReadAction\",\"target\":[\"https:\\\/\\\/lindhaus.com\\\/de\\\/nachhaltigkeit\\\/\"]}]},{\"@type\":\"ImageObject\",\"inLanguage\":\"de\",\"@id\":\"https:\\\/\\\/lindhaus.com\\\/de\\\/nachhaltigkeit\\\/#primaryimage\",\"url\":\"https:\\\/\\\/lindhaus.it\\\/wp-content\\\/plugins\\\/elementor\\\/assets\\\/images\\\/placeholder.png\",\"contentUrl\":\"https:\\\/\\\/lindhaus.it\\\/wp-content\\\/plugins\\\/elementor\\\/assets\\\/images\\\/placeholder.png\"},{\"@type\":\"BreadcrumbList\",\"@id\":\"https:\\\/\\\/lindhaus.com\\\/de\\\/nachhaltigkeit\\\/#breadcrumb\",\"itemListElement\":[{\"@type\":\"ListItem\",\"position\":1,\"name\":\"Home\",\"item\":\"https:\\\/\\\/lindhaus.com\\\/de\\\/\"},{\"@type\":\"ListItem\",\"position\":2,\"name\":\"Nachhaltigkeit\"}]},{\"@type\":\"WebSite\",\"@id\":\"https:\\\/\\\/lindhaus.com\\\/de\\\/#website\",\"url\":\"https:\\\/\\\/lindhaus.com\\\/de\\\/\",\"name\":\"Lindhaus\",\"description\":\"\",\"publisher\":{\"@id\":\"https:\\\/\\\/lindhaus.com\\\/de\\\/#organization\"},\"potentialAction\":[{\"@type\":\"SearchAction\",\"target\":{\"@type\":\"EntryPoint\",\"urlTemplate\":\"https:\\\/\\\/lindhaus.com\\\/de\\\/?s={search_term_string}\"},\"query-input\":{\"@type\":\"PropertyValueSpecification\",\"valueRequired\":true,\"valueName\":\"search_term_string\"}}],\"inLanguage\":\"de\"},{\"@type\":\"Organization\",\"@id\":\"https:\\\/\\\/lindhaus.com\\\/de\\\/#organization\",\"name\":\"Lindhaus\",\"url\":\"https:\\\/\\\/lindhaus.com\\\/de\\\/\",\"logo\":{\"@type\":\"ImageObject\",\"inLanguage\":\"de\",\"@id\":\"https:\\\/\\\/lindhaus.com\\\/de\\\/#\\\/schema\\\/logo\\\/image\\\/\",\"url\":\"https:\\\/\\\/lindhaus.com\\\/wp-content\\\/uploads\\\/2025\\\/09\\\/cropped-logo-lindhaus-1-e1758115992432.webp\",\"contentUrl\":\"https:\\\/\\\/lindhaus.com\\\/wp-content\\\/uploads\\\/2025\\\/09\\\/cropped-logo-lindhaus-1-e1758115992432.webp\",\"width\":250,\"height\":51,\"caption\":\"Lindhaus\"},\"image\":{\"@id\":\"https:\\\/\\\/lindhaus.com\\\/de\\\/#\\\/schema\\\/logo\\\/image\\\/\"},\"sameAs\":[\"https:\\\/\\\/www.instagram.com\\\/lindhaus_international\\\/\",\"https:\\\/\\\/www.facebook.com\\\/Lindhaus\",\"https:\\\/\\\/www.youtube.com\\\/user\\\/LindhausItaly\",\"https:\\\/\\\/www.linkedin.com\\\/company\\\/lindhaus\\\/\"]}]}<\/script>\n<!-- \/ Yoast SEO plugin. -->","yoast_head_json":{"title":"Nachhaltigkeit - Lindhaus","robots":{"index":"index","follow":"follow","max-snippet":"max-snippet:-1","max-image-preview":"max-image-preview:large","max-video-preview":"max-video-preview:-1"},"canonical":"https:\/\/lindhaus.com\/de\/nachhaltigkeit\/","og_locale":"de_DE","og_type":"article","og_title":"Nachhaltigkeit - Lindhaus","og_description":"F\u00fcr uns ist Nachhaltigkeit nicht nur ein sch\u00f6nes, modisches Wort. Seit \u00fcber 30 Jahren bauen und verkaufen wir Maschinen, die von Generation zu Generation halten. Wir wollen nicht am Wegwerfmarkt teilnehmen. Wir sind uns bewusst, wie wichtig es ist, die Umwelt, in der wir leben, zu respektieren und zu erhalten. Daher haben wir beschlossen, einige [&hellip;]","og_url":"https:\/\/lindhaus.com\/de\/nachhaltigkeit\/","og_site_name":"Lindhaus","article_publisher":"https:\/\/www.facebook.com\/Lindhaus","article_modified_time":"2026-03-10T14:47:57+00:00","og_image":[{"url":"https:\/\/lindhaus.it\/wp-content\/plugins\/elementor\/assets\/images\/placeholder.png","type":"","width":"","height":""}],"twitter_card":"summary_large_image","twitter_misc":{"Gesch\u00e4tzte Lesezeit":"1\u00a0Minute"},"schema":{"@context":"https:\/\/schema.org","@graph":[{"@type":"WebPage","@id":"https:\/\/lindhaus.com\/de\/nachhaltigkeit\/","url":"https:\/\/lindhaus.com\/de\/nachhaltigkeit\/","name":"Nachhaltigkeit - Lindhaus","isPartOf":{"@id":"https:\/\/lindhaus.com\/de\/#website"},"primaryImageOfPage":{"@id":"https:\/\/lindhaus.com\/de\/nachhaltigkeit\/#primaryimage"},"image":{"@id":"https:\/\/lindhaus.com\/de\/nachhaltigkeit\/#primaryimage"},"thumbnailUrl":"https:\/\/lindhaus.it\/wp-content\/plugins\/elementor\/assets\/images\/placeholder.png","datePublished":"2025-09-30T09:30:28+00:00","dateModified":"2026-03-10T14:47:57+00:00","breadcrumb":{"@id":"https:\/\/lindhaus.com\/de\/nachhaltigkeit\/#breadcrumb"},"inLanguage":"de","potentialAction":[{"@type":"ReadAction","target":["https:\/\/lindhaus.com\/de\/nachhaltigkeit\/"]}]},{"@type":"ImageObject","inLanguage":"de","@id":"https:\/\/lindhaus.com\/de\/nachhaltigkeit\/#primaryimage","url":"https:\/\/lindhaus.it\/wp-content\/plugins\/elementor\/assets\/images\/placeholder.png","contentUrl":"https:\/\/lindhaus.it\/wp-content\/plugins\/elementor\/assets\/images\/placeholder.png"},{"@type":"BreadcrumbList","@id":"https:\/\/lindhaus.com\/de\/nachhaltigkeit\/#breadcrumb","itemListElement":[{"@type":"ListItem","position":1,"name":"Home","item":"https:\/\/lindhaus.com\/de\/"},{"@type":"ListItem","position":2,"name":"Nachhaltigkeit"}]},{"@type":"WebSite","@id":"https:\/\/lindhaus.com\/de\/#website","url":"https:\/\/lindhaus.com\/de\/","name":"Lindhaus","description":"","publisher":{"@id":"https:\/\/lindhaus.com\/de\/#organization"},"potentialAction":[{"@type":"SearchAction","target":{"@type":"EntryPoint","urlTemplate":"https:\/\/lindhaus.com\/de\/?s={search_term_string}"},"query-input":{"@type":"PropertyValueSpecification","valueRequired":true,"valueName":"search_term_string"}}],"inLanguage":"de"},{"@type":"Organization","@id":"https:\/\/lindhaus.com\/de\/#organization","name":"Lindhaus","url":"https:\/\/lindhaus.com\/de\/","logo":{"@type":"ImageObject","inLanguage":"de","@id":"https:\/\/lindhaus.com\/de\/#\/schema\/logo\/image\/","url":"https:\/\/lindhaus.com\/wp-content\/uploads\/2025\/09\/cropped-logo-lindhaus-1-e1758115992432.webp","contentUrl":"https:\/\/lindhaus.com\/wp-content\/uploads\/2025\/09\/cropped-logo-lindhaus-1-e1758115992432.webp","width":250,"height":51,"caption":"Lindhaus"},"image":{"@id":"https:\/\/lindhaus.com\/de\/#\/schema\/logo\/image\/"},"sameAs":["https:\/\/www.instagram.com\/lindhaus_international\/","https:\/\/www.facebook.com\/Lindhaus","https:\/\/www.youtube.com\/user\/LindhausItaly","https:\/\/www.linkedin.com\/company\/lindhaus\/"]}]}},"_links":{"self":[{"href":"https:\/\/lindhaus.com\/de\/wp-json\/wp\/v2\/pages\/4676","targetHints":{"allow":["GET"]}}],"collection":[{"href":"https:\/\/lindhaus.com\/de\/wp-json\/wp\/v2\/pages"}],"about":[{"href":"https:\/\/lindhaus.com\/de\/wp-json\/wp\/v2\/types\/page"}],"author":[{"embeddable":true,"href":"https:\/\/lindhaus.com\/de\/wp-json\/wp\/v2\/users\/2"}],"replies":[{"embeddable":true,"href":"https:\/\/lindhaus.com\/de\/wp-json\/wp\/v2\/comments?post=4676"}],"version-history":[{"count":12,"href":"https:\/\/lindhaus.com\/de\/wp-json\/wp\/v2\/pages\/4676\/revisions"}],"predecessor-version":[{"id":11139,"href":"https:\/\/lindhaus.com\/de\/wp-json\/wp\/v2\/pages\/4676\/revisions\/11139"}],"wp:attachment":[{"href":"https:\/\/lindhaus.com\/de\/wp-json\/wp\/v2\/media?parent=4676"}],"curies":[{"name":"wp","href":"https:\/\/api.w.org\/{rel}","templated":true}]}}